{"id":5649,"date":"2022-10-12T13:11:25","date_gmt":"2022-10-12T11:11:25","guid":{"rendered":"https:\/\/perladesign.lt\/?post_type=product&#038;p=5649"},"modified":"2024-12-17T22:07:40","modified_gmt":"2024-12-17T20:07:40","slug":"premium-100-alpaku-jaunikliu-vilnos-vardinis-salikas","status":"publish","type":"product","link":"https:\/\/perladesign.lt\/index.php\/product\/premium-100-alpaku-jaunikliu-vilnos-vardinis-salikas\/","title":{"rendered":"PREMIUM 100% Alpak\u0173 Jaunikli\u0173 Vilnos \u0160alikas su Inicialu"},"content":{"rendered":"<p style=\"text-align: center;\"><b>\u0160ie \u0161alikai pagaminti i\u0161 100% Alpak\u0173 jaunikli\u0173 vilnos &#8211; \u0161velniausios ir presti\u017ei\u0161kiausios suaugusi\u0173 gyv\u016bn\u0173 vilnos.<\/b><\/p>\n<p style=\"text-align: center;\">Alpakos jaunikli\u0173 vilna yra i\u0161gaunama pirm\u0105 kart\u0105 kerpant gyv\u016bn\u0105, tod\u0117l \u0161ie \u0161alikai pasi\u017eymi i\u0161skirtiniu mink\u0161tumu bei tvirtumu. Ji yra lengvesn\u0117 ir \u0161iltesn\u0117 u\u017e avi\u0173 viln\u0105 ir tris kartus atsparesn\u0117 d\u0117v\u0117jimuisi. Alpak\u0173 vilna idealiai tinka net ir itin jautri\u0105 od\u0105 turintiems \u017emon\u0117ms.<\/p>\n<p style=\"text-align: center;\">Visi m\u0117gstame dovanas, ypa\u010d tas, kurios yra asmenin\u0117s, i\u0161skirtin\u0117s ir sukurtos su meile\u2026 J\u016bs i\u0161sirinkite, o mes i\u0161pildysime J\u016bs\u0173 u\u017esakym\u0105 per 2-5 d.d.\u00a0<img decoding=\"async\" class=\"emoji lazyloaded\" role=\"img\" draggable=\"false\" src=\"https:\/\/s.w.org\/images\/core\/emoji\/13.0.0\/svg\/1f4e6.svg\" alt=\"\ud83d\udce6\" data-src=\"https:\/\/s.w.org\/images\/core\/emoji\/13.0.0\/svg\/1f4e6.svg\" \/><\/p>\n<p style=\"text-align: center;\"><strong>Jei norite \u0161aliko be siuvin\u0117jimo, laukelyje \u017eemiau \u012fra\u0161ykite \u201c-\u201c<\/strong><\/p>\n<p style=\"text-align: center;\">\u0160alik\u0173 dydis: 180*30 cm<br \/>\nSud\u0117tis: 100% Premium Alpak\u0173 Jaunikli\u0173 Vilna<\/p>\n","protected":false},"excerpt":{"rendered":"<p>\u0160ie \u0161alikai pagaminti i\u0161 100% Alpak\u0173 jaunikli\u0173 vilnos &#8211; \u0161velniausios ir presti\u017ei\u0161kiausios suaugusi\u0173 gyv\u016bn\u0173 vilnos. Alpakos jaunikli\u0173 vilna yra i\u0161gaunama pirm\u0105 kart\u0105 kerpant gyv\u016bn\u0105, tod\u0117l \u0161ie \u0161alikai pasi\u017eymi i\u0161skirtiniu mink\u0161tumu bei tvirtumu. Ji yra lengvesn\u0117 ir \u0161iltesn\u0117 u\u017e avi\u0173 viln\u0105 ir tris kartus atsparesn\u0117 d\u0117v\u0117jimuisi. Alpak\u0173 vilna idealiai tinka net ir itin jautri\u0105 od\u0105 turintiems [&hellip;]<\/p>\n","protected":false},"featured_media":5662,"template":"","meta":[],"product_brand":[],"product_cat":[43,44],"product_tag":[260,259,261,157,258,262,126],"class_list":{"0":"post-5649","1":"product","2":"type-product","3":"status-publish","4":"has-post-thumbnail","6":"product_cat-parduotuve","7":"product_cat-vardiniai-salikai","8":"product_tag-alpaku-vilnos-salikas","9":"product_tag-premium-100-alpaku-jaunikliu-vilnos-vardinis-salikas","10":"product_tag-premium-salikai","11":"product_tag-siuvinejimas","12":"product_tag-siuvineti-salikai","13":"product_tag-vardiniai-salikai","14":"product_tag-vardinis-siuvinejimas","15":"wcpa_has_options","17":"first","18":"instock","19":"taxable","20":"shipping-taxable","21":"purchasable","22":"product-type-variable"},"yoast_head":"<!-- This site is optimized with the Yoast SEO plugin v27.4 - https:\/\/yoast.com\/product\/yoast-seo-wordpress\/ -->\n<title>PREMIUM 100% Alpak\u0173 Jaunikli\u0173 Vilnos \u0160alikas su Inicialu - Perladesign<\/title>\n<meta name=\"description\" content=\"\u0160alik\u0173, prijuos\u010di\u0173, skareli\u0173, rank\u0161luos\u010di\u0173, krep\u0161i\u0173 siuvin\u0117jimas su J\u016bs\u0173 pasirinktu tekstu. Galime i\u0161siuvin\u0117ti J\u016bs\u0173 pasirinkt\u0105 tekst\u0105...\" \/>\n<meta name=\"robots\" content=\"index, follow, max-snippet:-1, max-image-preview:large, max-video-preview:-1\" \/>\n<link rel=\"canonical\" href=\"https:\/\/perladesign.lt\/index.php\/product\/premium-100-alpaku-jaunikliu-vilnos-vardinis-salikas\/\" \/>\n<meta property=\"og:locale\" content=\"lt_LT\" \/>\n<meta property=\"og:type\" content=\"article\" \/>\n<meta property=\"og:title\" content=\"PREMIUM 100% Alpak\u0173 Jaunikli\u0173 Vilnos \u0160alikas su Inicialu - Perladesign\" \/>\n<meta property=\"og:description\" content=\"\u0160alik\u0173, prijuos\u010di\u0173, skareli\u0173, rank\u0161luos\u010di\u0173, krep\u0161i\u0173 siuvin\u0117jimas su J\u016bs\u0173 pasirinktu tekstu. Galime i\u0161siuvin\u0117ti J\u016bs\u0173 pasirinkt\u0105 tekst\u0105...\" \/>\n<meta property=\"og:url\" content=\"https:\/\/perladesign.lt\/index.php\/product\/premium-100-alpaku-jaunikliu-vilnos-vardinis-salikas\/\" \/>\n<meta property=\"og:site_name\" content=\"Perladesign\" \/>\n<meta property=\"article:publisher\" content=\"https:\/\/www.facebook.com\/perlakaune\" \/>\n<meta property=\"article:modified_time\" content=\"2024-12-17T20:07:40+00:00\" \/>\n<meta property=\"og:image\" content=\"http:\/\/perladesign.lt\/wp-content\/uploads\/2022\/10\/Baltas-LV-scaled.jpg\" \/>\n\t<meta property=\"og:image:width\" content=\"1707\" \/>\n\t<meta property=\"og:image:height\" content=\"2560\" \/>\n\t<meta property=\"og:image:type\" content=\"image\/jpeg\" \/>\n<meta name=\"twitter:card\" content=\"summary_large_image\" \/>\n<meta name=\"twitter:label1\" content=\"Est. reading time\" \/>\n\t<meta name=\"twitter:data1\" content=\"1 minut\u0117\" \/>\n<script type=\"application\/ld+json\" class=\"yoast-schema-graph\">{\"@context\":\"https:\\\/\\\/schema.org\",\"@graph\":[{\"@type\":\"WebPage\",\"@id\":\"https:\\\/\\\/perladesign.lt\\\/index.php\\\/product\\\/premium-100-alpaku-jaunikliu-vilnos-vardinis-salikas\\\/\",\"url\":\"https:\\\/\\\/perladesign.lt\\\/index.php\\\/product\\\/premium-100-alpaku-jaunikliu-vilnos-vardinis-salikas\\\/\",\"name\":\"PREMIUM 100% Alpak\u0173 Jaunikli\u0173 Vilnos \u0160alikas su Inicialu - Perladesign\",\"isPartOf\":{\"@id\":\"https:\\\/\\\/perladesign.lt\\\/#website\"},\"primaryImageOfPage\":{\"@id\":\"https:\\\/\\\/perladesign.lt\\\/index.php\\\/product\\\/premium-100-alpaku-jaunikliu-vilnos-vardinis-salikas\\\/#primaryimage\"},\"image\":{\"@id\":\"https:\\\/\\\/perladesign.lt\\\/index.php\\\/product\\\/premium-100-alpaku-jaunikliu-vilnos-vardinis-salikas\\\/#primaryimage\"},\"thumbnailUrl\":\"https:\\\/\\\/i0.wp.com\\\/perladesign.lt\\\/wp-content\\\/uploads\\\/2022\\\/10\\\/Baltas-LV-scaled.jpg?fit=1707%2C2560&ssl=1\",\"datePublished\":\"2022-10-12T11:11:25+00:00\",\"dateModified\":\"2024-12-17T20:07:40+00:00\",\"description\":\"\u0160alik\u0173, prijuos\u010di\u0173, skareli\u0173, rank\u0161luos\u010di\u0173, krep\u0161i\u0173 siuvin\u0117jimas su J\u016bs\u0173 pasirinktu tekstu. Galime i\u0161siuvin\u0117ti J\u016bs\u0173 pasirinkt\u0105 tekst\u0105...\",\"breadcrumb\":{\"@id\":\"https:\\\/\\\/perladesign.lt\\\/index.php\\\/product\\\/premium-100-alpaku-jaunikliu-vilnos-vardinis-salikas\\\/#breadcrumb\"},\"inLanguage\":\"lt-LT\",\"potentialAction\":[{\"@type\":\"ReadAction\",\"target\":[\"https:\\\/\\\/perladesign.lt\\\/index.php\\\/product\\\/premium-100-alpaku-jaunikliu-vilnos-vardinis-salikas\\\/\"]}]},{\"@type\":\"ImageObject\",\"inLanguage\":\"lt-LT\",\"@id\":\"https:\\\/\\\/perladesign.lt\\\/index.php\\\/product\\\/premium-100-alpaku-jaunikliu-vilnos-vardinis-salikas\\\/#primaryimage\",\"url\":\"https:\\\/\\\/i0.wp.com\\\/perladesign.lt\\\/wp-content\\\/uploads\\\/2022\\\/10\\\/Baltas-LV-scaled.jpg?fit=1707%2C2560&ssl=1\",\"contentUrl\":\"https:\\\/\\\/i0.wp.com\\\/perladesign.lt\\\/wp-content\\\/uploads\\\/2022\\\/10\\\/Baltas-LV-scaled.jpg?fit=1707%2C2560&ssl=1\",\"width\":1707,\"height\":2560,\"caption\":\"PREMIUM 100% Alpak\u0173 Jaunikli\u0173 Vilnos Vardinis \u0160alikas \\\/ vardin\u0117s dovanos \\\/ siuvin\u0117jimo paslaugos\"},{\"@type\":\"BreadcrumbList\",\"@id\":\"https:\\\/\\\/perladesign.lt\\\/index.php\\\/product\\\/premium-100-alpaku-jaunikliu-vilnos-vardinis-salikas\\\/#breadcrumb\",\"itemListElement\":[{\"@type\":\"ListItem\",\"position\":1,\"name\":\"Home\",\"item\":\"https:\\\/\\\/perladesign.lt\\\/\"},{\"@type\":\"ListItem\",\"position\":2,\"name\":\"Parduotuv\u0117\",\"item\":\"https:\\\/\\\/perladesign.lt\\\/index.php\\\/parduotuve\\\/\"},{\"@type\":\"ListItem\",\"position\":3,\"name\":\"PREMIUM 100% Alpak\u0173 Jaunikli\u0173 Vilnos \u0160alikas su Inicialu\"}]},{\"@type\":\"WebSite\",\"@id\":\"https:\\\/\\\/perladesign.lt\\\/#website\",\"url\":\"https:\\\/\\\/perladesign.lt\\\/\",\"name\":\"Perladesign\",\"description\":\"\u0160alik\u0173, prijuos\u010di\u0173, skareli\u0173, rank\u0161luos\u010di\u0173, krep\u0161i\u0173 siuvin\u0117jimas su J\u016bs\u0173 pasirinktu tekstu. Galime i\u0161siuvin\u0117ti J\u016bs\u0173 pasirinkt\u0105 tekst\u0105...\",\"publisher\":{\"@id\":\"https:\\\/\\\/perladesign.lt\\\/#organization\"},\"potentialAction\":[{\"@type\":\"SearchAction\",\"target\":{\"@type\":\"EntryPoint\",\"urlTemplate\":\"https:\\\/\\\/perladesign.lt\\\/?s={search_term_string}\"},\"query-input\":{\"@type\":\"PropertyValueSpecification\",\"valueRequired\":true,\"valueName\":\"search_term_string\"}}],\"inLanguage\":\"lt-LT\"},{\"@type\":\"Organization\",\"@id\":\"https:\\\/\\\/perladesign.lt\\\/#organization\",\"name\":\"Perla Design\",\"url\":\"https:\\\/\\\/perladesign.lt\\\/\",\"logo\":{\"@type\":\"ImageObject\",\"inLanguage\":\"lt-LT\",\"@id\":\"https:\\\/\\\/perladesign.lt\\\/#\\\/schema\\\/logo\\\/image\\\/\",\"url\":\"https:\\\/\\\/i2.wp.com\\\/perladesign.lt\\\/wp-content\\\/uploads\\\/2020\\\/11\\\/653837f7-0560-4e97-9a0d-ebb396d3d8a2_200x200.png?fit=200%2C200&ssl=1\",\"contentUrl\":\"https:\\\/\\\/i2.wp.com\\\/perladesign.lt\\\/wp-content\\\/uploads\\\/2020\\\/11\\\/653837f7-0560-4e97-9a0d-ebb396d3d8a2_200x200.png?fit=200%2C200&ssl=1\",\"width\":200,\"height\":200,\"caption\":\"Perla Design\"},\"image\":{\"@id\":\"https:\\\/\\\/perladesign.lt\\\/#\\\/schema\\\/logo\\\/image\\\/\"},\"sameAs\":[\"https:\\\/\\\/www.facebook.com\\\/perlakaune\"]}]}<\/script>\n<!-- \/ Yoast SEO plugin. -->","yoast_head_json":{"title":"PREMIUM 100% Alpak\u0173 Jaunikli\u0173 Vilnos \u0160alikas su Inicialu - Perladesign","description":"\u0160alik\u0173, prijuos\u010di\u0173, skareli\u0173, rank\u0161luos\u010di\u0173, krep\u0161i\u0173 siuvin\u0117jimas su J\u016bs\u0173 pasirinktu tekstu. Galime i\u0161siuvin\u0117ti J\u016bs\u0173 pasirinkt\u0105 tekst\u0105...","robots":{"index":"index","follow":"follow","max-snippet":"max-snippet:-1","max-image-preview":"max-image-preview:large","max-video-preview":"max-video-preview:-1"},"canonical":"https:\/\/perladesign.lt\/index.php\/product\/premium-100-alpaku-jaunikliu-vilnos-vardinis-salikas\/","og_locale":"lt_LT","og_type":"article","og_title":"PREMIUM 100% Alpak\u0173 Jaunikli\u0173 Vilnos \u0160alikas su Inicialu - Perladesign","og_description":"\u0160alik\u0173, prijuos\u010di\u0173, skareli\u0173, rank\u0161luos\u010di\u0173, krep\u0161i\u0173 siuvin\u0117jimas su J\u016bs\u0173 pasirinktu tekstu. Galime i\u0161siuvin\u0117ti J\u016bs\u0173 pasirinkt\u0105 tekst\u0105...","og_url":"https:\/\/perladesign.lt\/index.php\/product\/premium-100-alpaku-jaunikliu-vilnos-vardinis-salikas\/","og_site_name":"Perladesign","article_publisher":"https:\/\/www.facebook.com\/perlakaune","article_modified_time":"2024-12-17T20:07:40+00:00","og_image":[{"width":1707,"height":2560,"url":"http:\/\/perladesign.lt\/wp-content\/uploads\/2022\/10\/Baltas-LV-scaled.jpg","type":"image\/jpeg"}],"twitter_card":"summary_large_image","twitter_misc":{"Est. reading time":"1 minut\u0117"},"schema":{"@context":"https:\/\/schema.org","@graph":[{"@type":"WebPage","@id":"https:\/\/perladesign.lt\/index.php\/product\/premium-100-alpaku-jaunikliu-vilnos-vardinis-salikas\/","url":"https:\/\/perladesign.lt\/index.php\/product\/premium-100-alpaku-jaunikliu-vilnos-vardinis-salikas\/","name":"PREMIUM 100% Alpak\u0173 Jaunikli\u0173 Vilnos \u0160alikas su Inicialu - Perladesign","isPartOf":{"@id":"https:\/\/perladesign.lt\/#website"},"primaryImageOfPage":{"@id":"https:\/\/perladesign.lt\/index.php\/product\/premium-100-alpaku-jaunikliu-vilnos-vardinis-salikas\/#primaryimage"},"image":{"@id":"https:\/\/perladesign.lt\/index.php\/product\/premium-100-alpaku-jaunikliu-vilnos-vardinis-salikas\/#primaryimage"},"thumbnailUrl":"https:\/\/i0.wp.com\/perladesign.lt\/wp-content\/uploads\/2022\/10\/Baltas-LV-scaled.jpg?fit=1707%2C2560&ssl=1","datePublished":"2022-10-12T11:11:25+00:00","dateModified":"2024-12-17T20:07:40+00:00","description":"\u0160alik\u0173, prijuos\u010di\u0173, skareli\u0173, rank\u0161luos\u010di\u0173, krep\u0161i\u0173 siuvin\u0117jimas su J\u016bs\u0173 pasirinktu tekstu. Galime i\u0161siuvin\u0117ti J\u016bs\u0173 pasirinkt\u0105 tekst\u0105...","breadcrumb":{"@id":"https:\/\/perladesign.lt\/index.php\/product\/premium-100-alpaku-jaunikliu-vilnos-vardinis-salikas\/#breadcrumb"},"inLanguage":"lt-LT","potentialAction":[{"@type":"ReadAction","target":["https:\/\/perladesign.lt\/index.php\/product\/premium-100-alpaku-jaunikliu-vilnos-vardinis-salikas\/"]}]},{"@type":"ImageObject","inLanguage":"lt-LT","@id":"https:\/\/perladesign.lt\/index.php\/product\/premium-100-alpaku-jaunikliu-vilnos-vardinis-salikas\/#primaryimage","url":"https:\/\/i0.wp.com\/perladesign.lt\/wp-content\/uploads\/2022\/10\/Baltas-LV-scaled.jpg?fit=1707%2C2560&ssl=1","contentUrl":"https:\/\/i0.wp.com\/perladesign.lt\/wp-content\/uploads\/2022\/10\/Baltas-LV-scaled.jpg?fit=1707%2C2560&ssl=1","width":1707,"height":2560,"caption":"PREMIUM 100% Alpak\u0173 Jaunikli\u0173 Vilnos Vardinis \u0160alikas \/ vardin\u0117s dovanos \/ siuvin\u0117jimo paslaugos"},{"@type":"BreadcrumbList","@id":"https:\/\/perladesign.lt\/index.php\/product\/premium-100-alpaku-jaunikliu-vilnos-vardinis-salikas\/#breadcrumb","itemListElement":[{"@type":"ListItem","position":1,"name":"Home","item":"https:\/\/perladesign.lt\/"},{"@type":"ListItem","position":2,"name":"Parduotuv\u0117","item":"https:\/\/perladesign.lt\/index.php\/parduotuve\/"},{"@type":"ListItem","position":3,"name":"PREMIUM 100% Alpak\u0173 Jaunikli\u0173 Vilnos \u0160alikas su Inicialu"}]},{"@type":"WebSite","@id":"https:\/\/perladesign.lt\/#website","url":"https:\/\/perladesign.lt\/","name":"Perladesign","description":"\u0160alik\u0173, prijuos\u010di\u0173, skareli\u0173, rank\u0161luos\u010di\u0173, krep\u0161i\u0173 siuvin\u0117jimas su J\u016bs\u0173 pasirinktu tekstu. Galime i\u0161siuvin\u0117ti J\u016bs\u0173 pasirinkt\u0105 tekst\u0105...","publisher":{"@id":"https:\/\/perladesign.lt\/#organization"},"potentialAction":[{"@type":"SearchAction","target":{"@type":"EntryPoint","urlTemplate":"https:\/\/perladesign.lt\/?s={search_term_string}"},"query-input":{"@type":"PropertyValueSpecification","valueRequired":true,"valueName":"search_term_string"}}],"inLanguage":"lt-LT"},{"@type":"Organization","@id":"https:\/\/perladesign.lt\/#organization","name":"Perla Design","url":"https:\/\/perladesign.lt\/","logo":{"@type":"ImageObject","inLanguage":"lt-LT","@id":"https:\/\/perladesign.lt\/#\/schema\/logo\/image\/","url":"https:\/\/i2.wp.com\/perladesign.lt\/wp-content\/uploads\/2020\/11\/653837f7-0560-4e97-9a0d-ebb396d3d8a2_200x200.png?fit=200%2C200&ssl=1","contentUrl":"https:\/\/i2.wp.com\/perladesign.lt\/wp-content\/uploads\/2020\/11\/653837f7-0560-4e97-9a0d-ebb396d3d8a2_200x200.png?fit=200%2C200&ssl=1","width":200,"height":200,"caption":"Perla Design"},"image":{"@id":"https:\/\/perladesign.lt\/#\/schema\/logo\/image\/"},"sameAs":["https:\/\/www.facebook.com\/perlakaune"]}]}},"jetpack_sharing_enabled":true,"wcpa_form_fields":{"wcpaData":{"product":{"product_price":89.9,"price_html":"<span class=\"woocommerce-Price-amount amount\"><bdi><span class=\"woocommerce-Price-currencySymbol\">&euro;<\/span>89,90<\/bdi><\/span>","original_product_price":89.9,"price_including_tax":89.9,"price_excluding_tax":89.9,"product_id":{"parent":5649,"variation":false},"is_variable":true,"stock_status":"instock","stock_quantity":null,"parent_sku":"","product_attributes":{"pa_pasirinkite-spalva":{"is_variation":true,"values":[]},"saliku-dydis":{"is_variation":false,"values":["180*30cm"]},"sudetis":{"is_variation":false,"values":["100% Premium Alpak\u0173 Jaunikli\u0173 Vilna"]},"prieziura":{"is_variation":false,"values":["Skalbti rankomis (10-20\u00b0) su \u0161amp\u016bnu skirtu Vilnos produktams. Lyginti lygintuvu vilnos re\u017eimu. Nenaudoti mink\u0161tikli\u0173."]}},"custom_fields":[],"is_taxable":true,"product_name":"PREMIUM 100% Alpak\u0173 Jaunikli\u0173 Vilnos \u0160alikas su Inicialu","hasImage":false},"fields":{"sec_669eaeff95044e":{"extra":{"key":"sec_669eaeff95044e","section_id":"sec_669eaeff95044e","name":"Default","status":1,"cl_rule":"show","enableCl":false,"relations":[],"toggle":true,"title_tag":"h3","show_title":false,"showPrice":"default","form_id":5677,"form_rules":{"exclude_from_discount":false,"fee_label":"Fee","disp_hide_options_price":false,"disp_show_section_price":false,"disp_show_field_price":true,"layout_option":"standard","pric_use_as_fee":false,"process_fee_as":"woo_fee"},"layout_option":"standard"},"fields":[[{"type":"select","required":true,"elementId":"wcpa-select-1665570409974","label":"Siuvin\u0117jimo tipas:","priceOptions":"different_for_all","pricingType":"fixed","name":"select-1665570409974","cl_rule":"show","col":6,"values":[{"label":"Be siuvin\u0117jimo (laukelyje \u017eemiau \u012fra\u0161ykite \u201c-\u201c)","value":"Be siuvin\u0117jimo (laukelyje \u017eemiau \u012fra\u0161ykite \u201c-\u201c)","price":"","pimage":"","pimage_id":"","pthumb":"","gt_translate_keys":["label"]},{"label":"Vienas Inicialas","value":"Vienas Inicialas","price":"","pimage":"","pimage_id":"","pthumb":"","gt_translate_keys":["label"]},{"label":"Du Inicialai","value":"Du Inicialai","price":"","pimage":"","pimage_id":"","pthumb":"","gt_translate_keys":["label"]},{"label":"Monograma","value":"Monograma","price":"","pimage":"","pimage_id":"","pthumb":"","gt_translate_keys":["label"]}],"relations":false,"active":true,"tooltip":"","gt_translate_keys":["label","tooltip"],"price_dependency":false,"cl_dependency":false,"value":""}]]},"sec_969eaeff950994":{"extra":{"key":"sec_969eaeff950994","section_id":"sec_969eaeff950994","name":"Default","status":1,"cl_rule":"show","enableCl":false,"relations":[],"toggle":true,"title_tag":"h3","show_title":false,"showPrice":"default","form_id":5670,"form_rules":{"exclude_from_discount":false,"fee_label":"Fee","disp_hide_options_price":false,"disp_show_section_price":false,"disp_show_field_price":true,"layout_option":"standard","pric_use_as_fee":false,"process_fee_as":"woo_fee"},"layout_option":"standard"},"fields":[[{"type":"select","required":true,"elementId":"wcpa-select-1665569193549","label":"Pasirinkite si\u016blo spalv\u0105:","priceOptions":"different_for_all","pricingType":"fixed","name":"select-1665569193549","cl_rule":"show","col":6,"values":[{"label":"Be siuvin\u0117jimo (laukelyje \u017eemiau \u012fra\u0161ykite \u201c-\u201c)","value":"Be siuvin\u0117jimo (laukelyje \u017eemiau \u012fra\u0161ykite \u201c-\u201c)","price":"","pimage":"","pimage_id":"","pthumb":"","gt_translate_keys":["label"]},{"label":"Balta","value":"Balta","price":"","pimage":"","pimage_id":"","pthumb":"","gt_translate_keys":["label"]},{"label":"Juoda","value":"Juoda","price":"","pimage":"","pimage_id":"","pthumb":"","gt_translate_keys":["label"]},{"label":"T.raudona","value":"T.raudona","price":"","pimage":"","pimage_id":"","pthumb":"","gt_translate_keys":["label"]},{"label":"Rusva","value":"Rusva","price":"","pimage":"","pimage_id":"","pthumb":"","gt_translate_keys":["label"]}],"relations":false,"active":true,"tooltip":"","gt_translate_keys":["label","tooltip"],"price_dependency":false,"cl_dependency":false,"value":""}]]},"sec_969eaeff950dda":{"extra":{"key":"sec_969eaeff950dda","section_id":"sec_969eaeff950dda","name":"Default","status":1,"cl_rule":"show","enableCl":false,"relations":[],"toggle":true,"title_tag":"h3","show_title":false,"showPrice":"default","form_id":5319,"form_rules":{"exclude_from_discount":false,"fee_label":"Fee","disp_hide_options_price":false,"disp_show_section_price":false,"disp_show_field_price":true,"layout_option":"standard","pric_use_as_fee":false,"process_fee_as":"woo_fee"},"layout_option":"standard"},"fields":[[{"type":"textarea","elementId":"wcpa-textarea-1638360592135","label":"\u012era\u0161ykite inicial\u0105\/us siuvin\u0117jimui","pricingType":"fixed","name":"textarea-1638360592135","minlength":"1","maxlength":"2","cl_rule":"show","col":6,"relations":false,"active":true,"tooltip":"","gt_translate_keys":["label","tooltip"],"price_dependency":false,"cl_dependency":false,"value":""}]]},"sec_1069eaeff950e74":{"extra":{"key":"sec_1069eaeff950e74","section_id":"sec_1069eaeff950e74","name":"Default","status":1,"cl_rule":"show","enableCl":false,"relations":[],"toggle":true,"title_tag":"h3","show_title":false,"showPrice":"default","form_id":4344,"form_rules":{"exclude_from_discount":false,"fee_label":"Fee","disp_hide_options_price":false,"disp_show_section_price":false,"disp_show_field_price":true,"layout_option":"standard","pric_use_as_fee":false,"process_fee_as":"woo_fee"},"layout_option":"standard"},"fields":[[{"type":"select","required":true,"elementId":"wcpa-select-1612010824679","label":"Dovan\u0173 d\u0117\u017eut\u0117:","enablePrice":true,"priceOptions":"different_for_all","pricingType":"fixed","name":"select-1612010824679","cl_rule":"show","col":6,"values":[{"label":"Be d\u0117\u017eut\u0117s","value":"Be d\u0117\u017eut\u0117s","price":"0,00","pimage":"","pimage_id":"","pthumb":"","gt_translate_keys":["label"]},{"label":"Popierin\u0117 d\u0117\u017eut\u0117 ","value":"Popierin\u0117 d\u0117\u017eut\u0117 ","price":"3,40","pimage":"","pimage_id":"","pthumb":"","gt_translate_keys":["label"]},{"label":"Magnetin\u0117 d\u0117\u017eut\u0117 ","value":"Magnetin\u0117 d\u0117\u017eut\u0117 ","price":"6,89","pimage":"","pimage_id":"","pthumb":"","gt_translate_keys":["label"]}],"relations":false,"price":0,"active":true,"tooltip":"","gt_translate_keys":["label","tooltip"],"price_dependency":false,"cl_dependency":false,"value":""}]]}},"config":{"price_override":"","enable_recaptcha":false,"bind_quantity":false,"quantity_bind_formula":false,"disp_summ_show_option_price":true,"disp_summ_show_product_price":true,"disp_summ_show_total_price":true,"disp_summ_show_fee":false,"disp_summ_show_discount":false,"summary_title":"","options_total_label":"Papildomi pasirinkimai","total_label":"Galutin\u0117 kaina","options_product_label":"Produkto kaina","fee_label":"Fee","discount_label":"Discount","has_price":true,"has_quantity_formula":false},"mc_unit":1,"tax_rate":1,"tax_rate_real":0,"discount":{"percentage":0,"fixed":0},"design":{"conf":{"LabelPosition":"above","DescPosition":"above","UploadField":"custom_1","QuantityFieldStyle":"default"},"css":{"LeftLabelWidth":"120px"}},"formulas":[],"lookuptables":[],"clones":false,"cartKey":false}},"_links":{"self":[{"href":"https:\/\/perladesign.lt\/index.php\/wp-json\/wp\/v2\/product\/5649","targetHints":{"allow":["GET"]}}],"collection":[{"href":"https:\/\/perladesign.lt\/index.php\/wp-json\/wp\/v2\/product"}],"about":[{"href":"https:\/\/perladesign.lt\/index.php\/wp-json\/wp\/v2\/types\/product"}],"wp:featuredmedia":[{"embeddable":true,"href":"https:\/\/perladesign.lt\/index.php\/wp-json\/wp\/v2\/media\/5662"}],"wp:attachment":[{"href":"https:\/\/perladesign.lt\/index.php\/wp-json\/wp\/v2\/media?parent=5649"}],"wp:term":[{"taxonomy":"product_brand","embeddable":true,"href":"https:\/\/perladesign.lt\/index.php\/wp-json\/wp\/v2\/product_brand?post=5649"},{"taxonomy":"product_cat","embeddable":true,"href":"https:\/\/perladesign.lt\/index.php\/wp-json\/wp\/v2\/product_cat?post=5649"},{"taxonomy":"product_tag","embeddable":true,"href":"https:\/\/perladesign.lt\/index.php\/wp-json\/wp\/v2\/product_tag?post=5649"}],"curies":[{"name":"wp","href":"https:\/\/api.w.org\/{rel}","templated":true}]}}