{"id":5312,"date":"2021-12-01T14:02:10","date_gmt":"2021-12-01T12:02:10","guid":{"rendered":"https:\/\/perladesign.lt\/?post_type=product&#038;p=5312"},"modified":"2023-05-09T11:15:28","modified_gmt":"2023-05-09T09:15:28","slug":"vardinis-merino-vilnos-pledas","status":"publish","type":"product","link":"https:\/\/perladesign.lt\/index.php\/product\/vardinis-merino-vilnos-pledas\/","title":{"rendered":"Vardinis Merino Vilnos Pledas"},"content":{"rendered":"<p>Visi m\u0117gstame dovanas, ypa\u010d tas, kurios yra asmenin\u0117s, i\u0161skirtin\u0117s ir sukurtos su meile\u2026 J\u016bs i\u0161sirinkite, o mes i\u0161pildysime J\u016bs\u0173 u\u017esakym\u0105 per 2-5 d.d.\u00a0<img decoding=\"async\" class=\"emoji ls-is-cached lazyloaded\" role=\"img\" draggable=\"false\" src=\"https:\/\/s.w.org\/images\/core\/emoji\/13.0.0\/svg\/1f4e6.svg\" alt=\"\ud83d\udce6\" data-src=\"https:\/\/s.w.org\/images\/core\/emoji\/13.0.0\/svg\/1f4e6.svg\" \/><\/p>\n<p><em>Laukelyje \u012fra\u0161ykite vard\u0105 siuvin\u0117jimui.<\/em><\/p>\n<p>Siuvin\u0117tas vardinis pledas &#8211; tai prakti\u0161ka, jauki ir originali dovana kiekvienam&#8230;<\/p>\n<p>Pledas yra itin mink\u0161tas, \u0161iltas ir didelis.<\/p>\n<p>Pledo dydis: 140*200 cm<\/p>\n<p><span class=\"filter_title\">Sud\u0117tis:<\/span> 5% Ka\u0161myras, 45% Auk\u0161\u010diausios r\u016b\u0161ies merino vilna, 20% Poliesteris, 30% Akrilas<\/p>\n<p>Jei norite rinktis\u00a0Vardin\u012f Merino Vilnos Pled\u0105 su Monograma, spauskite \u010dia:<\/p>\n<p><a href=\"https:\/\/perladesign.lt\/index.php\/product\/vardinis-merino-vilnos-pledas-su-monograma\/\">https:\/\/perladesign.lt\/index.php\/product\/vardinis-merino-vilnos-pledas-su-monograma\/<\/a><\/p>\n<p><strong>SVARBU!!!<\/strong>\u00a0Jei nor\u0117tum\u0117te kitokio derinio pasirinkimo, susisiekite su mumis el.pa\u0161tu info@perladesign.lt ar telefonu +370 656 09 233.<\/p>\n","protected":false},"excerpt":{"rendered":"<p>Laukelyje \u012fra\u0161ykite vard\u0105 siuvin\u0117jimui<\/p>\n","protected":false},"featured_media":5313,"template":"","meta":[],"product_brand":[],"product_cat":[43,53],"product_tag":[130,237,236,155,238,235,240,239,190,234,225,126],"class_list":{"0":"post-5312","1":"product","2":"type-product","3":"status-publish","4":"has-post-thumbnail","6":"product_cat-parduotuve","7":"product_cat-vardiniai-ranksluosciai","8":"product_tag-dovanu-idejos","9":"product_tag-dovanu-idejos-draugei","10":"product_tag-dovanu-idejos-mamai","11":"product_tag-dovanu-idejos-teciui","12":"product_tag-merino-vilnos-pledas","13":"product_tag-pledu-siuvinejimas","14":"product_tag-prabangus-pledai","15":"product_tag-silti-pledai","16":"product_tag-siuvinejimo-paslaugos","17":"product_tag-siuvineti-pledai","18":"product_tag-vardines-dovanos","19":"product_tag-vardinis-siuvinejimas","20":"wcpa_has_options","22":"first","23":"instock","24":"taxable","25":"shipping-taxable","26":"purchasable","27":"product-type-simple"},"yoast_head":"<!-- This site is optimized with the Yoast SEO plugin v27.4 - https:\/\/yoast.com\/product\/yoast-seo-wordpress\/ -->\n<title>Vardinis Merino Vilnos Pledas - Perladesign<\/title>\n<meta name=\"description\" content=\"\u0160alik\u0173, prijuos\u010di\u0173, skareli\u0173, rank\u0161luos\u010di\u0173, krep\u0161i\u0173 siuvin\u0117jimas su J\u016bs\u0173 pasirinktu tekstu. Galime i\u0161siuvin\u0117ti J\u016bs\u0173 pasirinkt\u0105 tekst\u0105...\" \/>\n<meta name=\"robots\" content=\"index, follow, max-snippet:-1, max-image-preview:large, max-video-preview:-1\" \/>\n<link rel=\"canonical\" href=\"https:\/\/perladesign.lt\/index.php\/product\/vardinis-merino-vilnos-pledas\/\" \/>\n<meta property=\"og:locale\" content=\"lt_LT\" \/>\n<meta property=\"og:type\" content=\"article\" \/>\n<meta property=\"og:title\" content=\"Vardinis Merino Vilnos Pledas - Perladesign\" \/>\n<meta property=\"og:description\" content=\"\u0160alik\u0173, prijuos\u010di\u0173, skareli\u0173, rank\u0161luos\u010di\u0173, krep\u0161i\u0173 siuvin\u0117jimas su J\u016bs\u0173 pasirinktu tekstu. Galime i\u0161siuvin\u0117ti J\u016bs\u0173 pasirinkt\u0105 tekst\u0105...\" \/>\n<meta property=\"og:url\" content=\"https:\/\/perladesign.lt\/index.php\/product\/vardinis-merino-vilnos-pledas\/\" \/>\n<meta property=\"og:site_name\" content=\"Perladesign\" \/>\n<meta property=\"article:publisher\" content=\"https:\/\/www.facebook.com\/perlakaune\" \/>\n<meta property=\"article:modified_time\" content=\"2023-05-09T09:15:28+00:00\" \/>\n<meta property=\"og:image\" content=\"http:\/\/perladesign.lt\/wp-content\/uploads\/2021\/12\/IMG_8462-scaled.jpg\" \/>\n\t<meta property=\"og:image:width\" content=\"1707\" \/>\n\t<meta property=\"og:image:height\" content=\"2560\" \/>\n\t<meta property=\"og:image:type\" content=\"image\/jpeg\" \/>\n<meta name=\"twitter:card\" content=\"summary_large_image\" \/>\n<meta name=\"twitter:label1\" content=\"Est. reading time\" \/>\n\t<meta name=\"twitter:data1\" content=\"1 minut\u0117\" \/>\n<script type=\"application\/ld+json\" class=\"yoast-schema-graph\">{\"@context\":\"https:\\\/\\\/schema.org\",\"@graph\":[{\"@type\":\"WebPage\",\"@id\":\"https:\\\/\\\/perladesign.lt\\\/index.php\\\/product\\\/vardinis-merino-vilnos-pledas\\\/\",\"url\":\"https:\\\/\\\/perladesign.lt\\\/index.php\\\/product\\\/vardinis-merino-vilnos-pledas\\\/\",\"name\":\"Vardinis Merino Vilnos Pledas - Perladesign\",\"isPartOf\":{\"@id\":\"https:\\\/\\\/perladesign.lt\\\/#website\"},\"primaryImageOfPage\":{\"@id\":\"https:\\\/\\\/perladesign.lt\\\/index.php\\\/product\\\/vardinis-merino-vilnos-pledas\\\/#primaryimage\"},\"image\":{\"@id\":\"https:\\\/\\\/perladesign.lt\\\/index.php\\\/product\\\/vardinis-merino-vilnos-pledas\\\/#primaryimage\"},\"thumbnailUrl\":\"https:\\\/\\\/i0.wp.com\\\/perladesign.lt\\\/wp-content\\\/uploads\\\/2021\\\/12\\\/IMG_8462-scaled.jpg?fit=1707%2C2560&ssl=1\",\"datePublished\":\"2021-12-01T12:02:10+00:00\",\"dateModified\":\"2023-05-09T09:15:28+00:00\",\"description\":\"\u0160alik\u0173, prijuos\u010di\u0173, skareli\u0173, rank\u0161luos\u010di\u0173, krep\u0161i\u0173 siuvin\u0117jimas su J\u016bs\u0173 pasirinktu tekstu. Galime i\u0161siuvin\u0117ti J\u016bs\u0173 pasirinkt\u0105 tekst\u0105...\",\"breadcrumb\":{\"@id\":\"https:\\\/\\\/perladesign.lt\\\/index.php\\\/product\\\/vardinis-merino-vilnos-pledas\\\/#breadcrumb\"},\"inLanguage\":\"lt-LT\",\"potentialAction\":[{\"@type\":\"ReadAction\",\"target\":[\"https:\\\/\\\/perladesign.lt\\\/index.php\\\/product\\\/vardinis-merino-vilnos-pledas\\\/\"]}]},{\"@type\":\"ImageObject\",\"inLanguage\":\"lt-LT\",\"@id\":\"https:\\\/\\\/perladesign.lt\\\/index.php\\\/product\\\/vardinis-merino-vilnos-pledas\\\/#primaryimage\",\"url\":\"https:\\\/\\\/i0.wp.com\\\/perladesign.lt\\\/wp-content\\\/uploads\\\/2021\\\/12\\\/IMG_8462-scaled.jpg?fit=1707%2C2560&ssl=1\",\"contentUrl\":\"https:\\\/\\\/i0.wp.com\\\/perladesign.lt\\\/wp-content\\\/uploads\\\/2021\\\/12\\\/IMG_8462-scaled.jpg?fit=1707%2C2560&ssl=1\",\"width\":1707,\"height\":2560,\"caption\":\"Pled\u0173 siuvin\u0117jimas \\\/ Dovan\u0173 id\u0117jos \\\/ Vardin\u0117s dovanos \\\/ SIuvin\u0117jimo paslaugos\"},{\"@type\":\"BreadcrumbList\",\"@id\":\"https:\\\/\\\/perladesign.lt\\\/index.php\\\/product\\\/vardinis-merino-vilnos-pledas\\\/#breadcrumb\",\"itemListElement\":[{\"@type\":\"ListItem\",\"position\":1,\"name\":\"Home\",\"item\":\"https:\\\/\\\/perladesign.lt\\\/\"},{\"@type\":\"ListItem\",\"position\":2,\"name\":\"Parduotuv\u0117\",\"item\":\"https:\\\/\\\/perladesign.lt\\\/index.php\\\/parduotuve\\\/\"},{\"@type\":\"ListItem\",\"position\":3,\"name\":\"Vardinis Merino Vilnos Pledas\"}]},{\"@type\":\"WebSite\",\"@id\":\"https:\\\/\\\/perladesign.lt\\\/#website\",\"url\":\"https:\\\/\\\/perladesign.lt\\\/\",\"name\":\"Perladesign\",\"description\":\"\u0160alik\u0173, prijuos\u010di\u0173, skareli\u0173, rank\u0161luos\u010di\u0173, krep\u0161i\u0173 siuvin\u0117jimas su J\u016bs\u0173 pasirinktu tekstu. Galime i\u0161siuvin\u0117ti J\u016bs\u0173 pasirinkt\u0105 tekst\u0105...\",\"publisher\":{\"@id\":\"https:\\\/\\\/perladesign.lt\\\/#organization\"},\"potentialAction\":[{\"@type\":\"SearchAction\",\"target\":{\"@type\":\"EntryPoint\",\"urlTemplate\":\"https:\\\/\\\/perladesign.lt\\\/?s={search_term_string}\"},\"query-input\":{\"@type\":\"PropertyValueSpecification\",\"valueRequired\":true,\"valueName\":\"search_term_string\"}}],\"inLanguage\":\"lt-LT\"},{\"@type\":\"Organization\",\"@id\":\"https:\\\/\\\/perladesign.lt\\\/#organization\",\"name\":\"Perla Design\",\"url\":\"https:\\\/\\\/perladesign.lt\\\/\",\"logo\":{\"@type\":\"ImageObject\",\"inLanguage\":\"lt-LT\",\"@id\":\"https:\\\/\\\/perladesign.lt\\\/#\\\/schema\\\/logo\\\/image\\\/\",\"url\":\"https:\\\/\\\/i2.wp.com\\\/perladesign.lt\\\/wp-content\\\/uploads\\\/2020\\\/11\\\/653837f7-0560-4e97-9a0d-ebb396d3d8a2_200x200.png?fit=200%2C200&ssl=1\",\"contentUrl\":\"https:\\\/\\\/i2.wp.com\\\/perladesign.lt\\\/wp-content\\\/uploads\\\/2020\\\/11\\\/653837f7-0560-4e97-9a0d-ebb396d3d8a2_200x200.png?fit=200%2C200&ssl=1\",\"width\":200,\"height\":200,\"caption\":\"Perla Design\"},\"image\":{\"@id\":\"https:\\\/\\\/perladesign.lt\\\/#\\\/schema\\\/logo\\\/image\\\/\"},\"sameAs\":[\"https:\\\/\\\/www.facebook.com\\\/perlakaune\"]}]}<\/script>\n<!-- \/ Yoast SEO plugin. -->","yoast_head_json":{"title":"Vardinis Merino Vilnos Pledas - Perladesign","description":"\u0160alik\u0173, prijuos\u010di\u0173, skareli\u0173, rank\u0161luos\u010di\u0173, krep\u0161i\u0173 siuvin\u0117jimas su J\u016bs\u0173 pasirinktu tekstu. Galime i\u0161siuvin\u0117ti J\u016bs\u0173 pasirinkt\u0105 tekst\u0105...","robots":{"index":"index","follow":"follow","max-snippet":"max-snippet:-1","max-image-preview":"max-image-preview:large","max-video-preview":"max-video-preview:-1"},"canonical":"https:\/\/perladesign.lt\/index.php\/product\/vardinis-merino-vilnos-pledas\/","og_locale":"lt_LT","og_type":"article","og_title":"Vardinis Merino Vilnos Pledas - Perladesign","og_description":"\u0160alik\u0173, prijuos\u010di\u0173, skareli\u0173, rank\u0161luos\u010di\u0173, krep\u0161i\u0173 siuvin\u0117jimas su J\u016bs\u0173 pasirinktu tekstu. Galime i\u0161siuvin\u0117ti J\u016bs\u0173 pasirinkt\u0105 tekst\u0105...","og_url":"https:\/\/perladesign.lt\/index.php\/product\/vardinis-merino-vilnos-pledas\/","og_site_name":"Perladesign","article_publisher":"https:\/\/www.facebook.com\/perlakaune","article_modified_time":"2023-05-09T09:15:28+00:00","og_image":[{"width":1707,"height":2560,"url":"http:\/\/perladesign.lt\/wp-content\/uploads\/2021\/12\/IMG_8462-scaled.jpg","type":"image\/jpeg"}],"twitter_card":"summary_large_image","twitter_misc":{"Est. reading time":"1 minut\u0117"},"schema":{"@context":"https:\/\/schema.org","@graph":[{"@type":"WebPage","@id":"https:\/\/perladesign.lt\/index.php\/product\/vardinis-merino-vilnos-pledas\/","url":"https:\/\/perladesign.lt\/index.php\/product\/vardinis-merino-vilnos-pledas\/","name":"Vardinis Merino Vilnos Pledas - Perladesign","isPartOf":{"@id":"https:\/\/perladesign.lt\/#website"},"primaryImageOfPage":{"@id":"https:\/\/perladesign.lt\/index.php\/product\/vardinis-merino-vilnos-pledas\/#primaryimage"},"image":{"@id":"https:\/\/perladesign.lt\/index.php\/product\/vardinis-merino-vilnos-pledas\/#primaryimage"},"thumbnailUrl":"https:\/\/i0.wp.com\/perladesign.lt\/wp-content\/uploads\/2021\/12\/IMG_8462-scaled.jpg?fit=1707%2C2560&ssl=1","datePublished":"2021-12-01T12:02:10+00:00","dateModified":"2023-05-09T09:15:28+00:00","description":"\u0160alik\u0173, prijuos\u010di\u0173, skareli\u0173, rank\u0161luos\u010di\u0173, krep\u0161i\u0173 siuvin\u0117jimas su J\u016bs\u0173 pasirinktu tekstu. Galime i\u0161siuvin\u0117ti J\u016bs\u0173 pasirinkt\u0105 tekst\u0105...","breadcrumb":{"@id":"https:\/\/perladesign.lt\/index.php\/product\/vardinis-merino-vilnos-pledas\/#breadcrumb"},"inLanguage":"lt-LT","potentialAction":[{"@type":"ReadAction","target":["https:\/\/perladesign.lt\/index.php\/product\/vardinis-merino-vilnos-pledas\/"]}]},{"@type":"ImageObject","inLanguage":"lt-LT","@id":"https:\/\/perladesign.lt\/index.php\/product\/vardinis-merino-vilnos-pledas\/#primaryimage","url":"https:\/\/i0.wp.com\/perladesign.lt\/wp-content\/uploads\/2021\/12\/IMG_8462-scaled.jpg?fit=1707%2C2560&ssl=1","contentUrl":"https:\/\/i0.wp.com\/perladesign.lt\/wp-content\/uploads\/2021\/12\/IMG_8462-scaled.jpg?fit=1707%2C2560&ssl=1","width":1707,"height":2560,"caption":"Pled\u0173 siuvin\u0117jimas \/ Dovan\u0173 id\u0117jos \/ Vardin\u0117s dovanos \/ SIuvin\u0117jimo paslaugos"},{"@type":"BreadcrumbList","@id":"https:\/\/perladesign.lt\/index.php\/product\/vardinis-merino-vilnos-pledas\/#breadcrumb","itemListElement":[{"@type":"ListItem","position":1,"name":"Home","item":"https:\/\/perladesign.lt\/"},{"@type":"ListItem","position":2,"name":"Parduotuv\u0117","item":"https:\/\/perladesign.lt\/index.php\/parduotuve\/"},{"@type":"ListItem","position":3,"name":"Vardinis Merino Vilnos Pledas"}]},{"@type":"WebSite","@id":"https:\/\/perladesign.lt\/#website","url":"https:\/\/perladesign.lt\/","name":"Perladesign","description":"\u0160alik\u0173, prijuos\u010di\u0173, skareli\u0173, rank\u0161luos\u010di\u0173, krep\u0161i\u0173 siuvin\u0117jimas su J\u016bs\u0173 pasirinktu tekstu. Galime i\u0161siuvin\u0117ti J\u016bs\u0173 pasirinkt\u0105 tekst\u0105...","publisher":{"@id":"https:\/\/perladesign.lt\/#organization"},"potentialAction":[{"@type":"SearchAction","target":{"@type":"EntryPoint","urlTemplate":"https:\/\/perladesign.lt\/?s={search_term_string}"},"query-input":{"@type":"PropertyValueSpecification","valueRequired":true,"valueName":"search_term_string"}}],"inLanguage":"lt-LT"},{"@type":"Organization","@id":"https:\/\/perladesign.lt\/#organization","name":"Perla Design","url":"https:\/\/perladesign.lt\/","logo":{"@type":"ImageObject","inLanguage":"lt-LT","@id":"https:\/\/perladesign.lt\/#\/schema\/logo\/image\/","url":"https:\/\/i2.wp.com\/perladesign.lt\/wp-content\/uploads\/2020\/11\/653837f7-0560-4e97-9a0d-ebb396d3d8a2_200x200.png?fit=200%2C200&ssl=1","contentUrl":"https:\/\/i2.wp.com\/perladesign.lt\/wp-content\/uploads\/2020\/11\/653837f7-0560-4e97-9a0d-ebb396d3d8a2_200x200.png?fit=200%2C200&ssl=1","width":200,"height":200,"caption":"Perla Design"},"image":{"@id":"https:\/\/perladesign.lt\/#\/schema\/logo\/image\/"},"sameAs":["https:\/\/www.facebook.com\/perlakaune"]}]}},"jetpack_sharing_enabled":true,"wcpa_form_fields":{"wcpaData":{"product":{"product_price":89,"price_html":"<span class=\"woocommerce-Price-amount amount\"><bdi><span class=\"woocommerce-Price-currencySymbol\">&euro;<\/span>89,00<\/bdi><\/span>","original_product_price":89,"price_including_tax":89,"price_excluding_tax":89,"product_id":{"parent":5312,"variation":false},"is_variable":false,"stock_status":"instock","stock_quantity":null,"parent_sku":"","product_attributes":[],"custom_fields":[],"is_taxable":true,"product_name":"Vardinis Merino Vilnos Pledas","hasImage":false},"fields":{"sec_0657199665f8d6":{"extra":{"key":"sec_0657199665f8d6","section_id":"sec_0657199665f8d6","name":"Default","status":1,"cl_rule":"show","enableCl":false,"relations":[],"toggle":true,"title_tag":"h3","show_title":false,"showPrice":"default","form_id":4782,"form_rules":{"exclude_from_discount":false,"fee_label":"Fee","disp_hide_options_price":false,"disp_show_section_price":false,"disp_show_field_price":true,"layout_option":"standard","pric_use_as_fee":false,"process_fee_as":"woo_fee"},"layout_option":"standard"},"fields":[[{"type":"select","elementId":"wcpa-select-1618480352809","label":"Dovan\u0173 d\u0117\u017eut\u0117:","enablePrice":true,"priceOptions":"different_for_all","pricingType":"fixed","name":"select-1618480352809","cl_rule":"show","col":6,"values":[{"label":"Be d\u0117\u017eut\u0117s","value":"Be d\u0117\u017eut\u0117s","price":"0.00","pimage":"","pimage_id":"","pthumb":"","gt_translate_keys":["label"]},{"label":"Su d\u0117\u017eute","value":"Su d\u0117\u017eute","price":"4,89","pimage":"","pimage_id":"","pthumb":"","gt_translate_keys":["label"]}],"relations":false,"price":0,"active":true,"tooltip":"","dropdown_type":"basic","error":false,"gt_translate_keys":["label","tooltip"],"price_dependency":false,"cl_dependency":false,"value":""}]]},"sec_4657ddc1432d7a":{"extra":{"key":"sec_4657ddc1432d7a","section_id":"sec_4657ddc1432d7a","name":"Default","status":1,"cl_rule":"show","enableCl":false,"relations":[],"toggle":true,"title_tag":"h3","show_title":false,"showPrice":"default","form_id":4545,"form_rules":{"exclude_from_discount":false,"fee_label":"Fee","disp_hide_options_price":false,"disp_show_section_price":false,"disp_show_field_price":true,"layout_option":"standard","pric_use_as_fee":false,"process_fee_as":"woo_fee"},"layout_option":"standard"},"fields":[[{"type":"textarea","required":true,"elementId":"wcpa-textarea-1615208562836","label":"\u012era\u0161ykite vard\u0105:","pricingType":"fixed","rows":"1","name":"textarea-1615208562836","maxlength":"12","cl_rule":"show","col":6,"relations":false,"active":true,"tooltip":"","error":false,"gt_translate_keys":["label","tooltip"],"price_dependency":false,"cl_dependency":false,"value":""}]]}},"config":{"price_override":"","enable_recaptcha":false,"bind_quantity":false,"quantity_bind_formula":false,"disp_summ_show_option_price":true,"disp_summ_show_product_price":true,"disp_summ_show_total_price":true,"disp_summ_show_fee":false,"disp_summ_show_discount":false,"summary_title":"","options_total_label":"Papildomi pasirinkimai","total_label":"Galutin\u0117 kaina","options_product_label":"Produkto kaina","fee_label":"Fee","discount_label":"Discount","has_price":true,"has_quantity_formula":false},"mc_unit":1,"tax_rate":1,"tax_rate_real":0,"discount":{"percentage":0,"fixed":0},"design":{"conf":{"LabelPosition":"above","DescPosition":"above","UploadField":"custom_1","QuantityFieldStyle":"default"},"css":{"LeftLabelWidth":"120px"}},"formulas":[],"lookuptables":[],"clones":false,"cartKey":false}},"_links":{"self":[{"href":"https:\/\/perladesign.lt\/index.php\/wp-json\/wp\/v2\/product\/5312","targetHints":{"allow":["GET"]}}],"collection":[{"href":"https:\/\/perladesign.lt\/index.php\/wp-json\/wp\/v2\/product"}],"about":[{"href":"https:\/\/perladesign.lt\/index.php\/wp-json\/wp\/v2\/types\/product"}],"wp:featuredmedia":[{"embeddable":true,"href":"https:\/\/perladesign.lt\/index.php\/wp-json\/wp\/v2\/media\/5313"}],"wp:attachment":[{"href":"https:\/\/perladesign.lt\/index.php\/wp-json\/wp\/v2\/media?parent=5312"}],"wp:term":[{"taxonomy":"product_brand","embeddable":true,"href":"https:\/\/perladesign.lt\/index.php\/wp-json\/wp\/v2\/product_brand?post=5312"},{"taxonomy":"product_cat","embeddable":true,"href":"https:\/\/perladesign.lt\/index.php\/wp-json\/wp\/v2\/product_cat?post=5312"},{"taxonomy":"product_tag","embeddable":true,"href":"https:\/\/perladesign.lt\/index.php\/wp-json\/wp\/v2\/product_tag?post=5312"}],"curies":[{"name":"wp","href":"https:\/\/api.w.org\/{rel}","templated":true}]}}