{"id":4485,"date":"2021-03-08T14:29:00","date_gmt":"2021-03-08T12:29:00","guid":{"rendered":"http:\/\/perladesign.lt\/?post_type=product&#038;p=4485"},"modified":"2023-12-16T18:16:53","modified_gmt":"2023-12-16T16:16:53","slug":"ranksluostis-kriksto-mamytei","status":"publish","type":"product","link":"https:\/\/perladesign.lt\/index.php\/product\/ranksluostis-kriksto-mamytei\/","title":{"rendered":"Rank\u0161luostis &#8220;Krik\u0161to Mamytei \/ T\u0117veliui&#8221; (m\u0117lynos p\u0117dut\u0117s)"},"content":{"rendered":"<p style=\"text-align: center;\">Visi m\u0117gstame dovanas, ypa\u010d tas, kurios yra asmenin\u0117s, i\u0161skirtin\u0117s ir sukurtos su meile\u2026 J\u016bs i\u0161sirinkite, o mes i\u0161pildysime J\u016bs\u0173 u\u017esakym\u0105 per 1-3 d.d.\u00a0<img decoding=\"async\" class=\"emoji lazyload\" role=\"img\" draggable=\"false\" data-src=\"https:\/\/s.w.org\/images\/core\/emoji\/13.0.0\/svg\/1f4e6.svg\" alt=\"\ud83d\udce6\" src=\"data:image\/svg+xml;base64,PHN2ZyB3aWR0aD0iMSIgaGVpZ2h0PSIxIiB4bWxucz0iaHR0cDovL3d3dy53My5vcmcvMjAwMC9zdmciPjwvc3ZnPg==\" \/><\/p>\n<p style=\"text-align: center;\">Laukeliuose pasirinkite norim\u0105 rank\u0161luos\u010dio spalv\u0105, si\u016blo spalv\u0105 (auksin\u0117, sidabrin\u0117, balta) bei \u012fra\u0161ykite: Krik\u0161to mamytei\/t\u0117veliui, vard\u0105 ir dat\u0105 siuvin\u0117jimui, pvz.: Krik\u0161to Mamytei nuo Simono 2020 04 02 arba Krik\u0161to T\u0117v\u0117liui nuo Simono 2020 04 02.<\/p>\n<p style=\"text-align: center;\">Rank\u0161luos\u010di\u0173 dydis: 130*65 cm<br \/>\nSud\u0117tis: 100% Medviln\u0117<\/p>\n<h4 style=\"text-align: center;\"><strong>Aplinkos ir sveikatos sertifikatas: OEKO-TEX<\/strong><\/h4>\n<p><strong>SVARBU!!!<\/strong>\u00a0Jei nor\u0117tum\u0117te kitokio derinio pasirinkimo, susisiekite su mumis el.pa\u0161tu info@perladesign.lt ar telefonu +370 656 09 233.<\/p>\n","protected":false},"excerpt":{"rendered":"<p style=\"text-align: center;\">Laukeliuose pasirinkite norim\u0105 rank\u0161luos\u010dio spalv\u0105, si\u016blo spalv\u0105 (auksin\u0117, sidabrin\u0117, balta) bei \u00a0laukelyje \u012fra\u0161ykite: Krik\u0161to mamytei\/t\u0117veliui, vard\u0105 ir dat\u0105 siuvin\u0117jimui, pvz.: Krik\u0161to Mamytei nuo Simono 2020 04 02 arba Krik\u0161to T\u0117v\u0117liui nuo Simono 2020 04 02.<\/p>\n<p style=\"text-align: center;\">Rank\u0161luos\u010di\u0173 dydis: 130*65 cm<br \/>\nSud\u0117tis: 100% Medviln\u0117<\/p>\n","protected":false},"featured_media":4933,"template":"","meta":[],"product_brand":[],"product_cat":[43,173,53],"product_tag":[125,124,52,123,126,51],"class_list":{"0":"post-4485","1":"product","2":"type-product","3":"status-publish","4":"has-post-thumbnail","6":"product_cat-parduotuve","7":"product_cat-vaikams","8":"product_cat-vardiniai-ranksluosciai","9":"product_tag-dovana-kriksto-teveliams","10":"product_tag-kriksto-mamytei","11":"product_tag-ranksluostis","12":"product_tag-ranksluostis-krikstynoms","13":"product_tag-vardinis-siuvinejimas","14":"product_tag-vardinisranksluostis","15":"wcpa_has_options","17":"first","18":"instock","19":"taxable","20":"shipping-taxable","21":"purchasable","22":"product-type-variable"},"yoast_head":"<!-- This site is optimized with the Yoast SEO plugin v27.4 - https:\/\/yoast.com\/product\/yoast-seo-wordpress\/ -->\n<title>Rank\u0161luostis &quot;Krik\u0161to Mamytei \/ T\u0117veliui&quot; (m\u0117lynos p\u0117dut\u0117s) - Perladesign<\/title>\n<meta name=\"description\" content=\"Siuvin\u0117ti rank\u0161luo\u0161\u010diai - originali, suasmeninta bei prakti\u0161ka dovana krik\u0161tyn\u0173 proga.... \u0160alik\u0173, prijuos\u010di\u0173, skareli\u0173, rank\u0161luos\u010di\u0173...\" \/>\n<meta name=\"robots\" content=\"index, follow, max-snippet:-1, max-image-preview:large, max-video-preview:-1\" \/>\n<link rel=\"canonical\" href=\"https:\/\/perladesign.lt\/index.php\/product\/ranksluostis-kriksto-mamytei\/\" \/>\n<meta property=\"og:locale\" content=\"lt_LT\" \/>\n<meta property=\"og:type\" content=\"article\" \/>\n<meta property=\"og:title\" content=\"Rank\u0161luostis &quot;Krik\u0161to Mamytei \/ T\u0117veliui&quot; (m\u0117lynos p\u0117dut\u0117s) - Perladesign\" \/>\n<meta property=\"og:description\" content=\"Siuvin\u0117ti rank\u0161luo\u0161\u010diai - originali, suasmeninta bei prakti\u0161ka dovana krik\u0161tyn\u0173 proga.... \u0160alik\u0173, prijuos\u010di\u0173, skareli\u0173, rank\u0161luos\u010di\u0173...\" \/>\n<meta property=\"og:url\" content=\"https:\/\/perladesign.lt\/index.php\/product\/ranksluostis-kriksto-mamytei\/\" \/>\n<meta property=\"og:site_name\" content=\"Perladesign\" \/>\n<meta property=\"article:publisher\" content=\"https:\/\/www.facebook.com\/perlakaune\" \/>\n<meta property=\"article:modified_time\" content=\"2023-12-16T16:16:53+00:00\" \/>\n<meta property=\"og:image\" content=\"http:\/\/perladesign.lt\/wp-content\/uploads\/2021\/07\/IMG_1772.jpg\" \/>\n\t<meta property=\"og:image:width\" content=\"1200\" \/>\n\t<meta property=\"og:image:height\" content=\"1600\" \/>\n\t<meta property=\"og:image:type\" content=\"image\/jpeg\" \/>\n<meta name=\"twitter:card\" content=\"summary_large_image\" \/>\n<meta name=\"twitter:label1\" content=\"Est. reading time\" \/>\n\t<meta name=\"twitter:data1\" content=\"1 minut\u0117\" \/>\n<script type=\"application\/ld+json\" class=\"yoast-schema-graph\">{\"@context\":\"https:\\\/\\\/schema.org\",\"@graph\":[{\"@type\":\"WebPage\",\"@id\":\"https:\\\/\\\/perladesign.lt\\\/index.php\\\/product\\\/ranksluostis-kriksto-mamytei\\\/\",\"url\":\"https:\\\/\\\/perladesign.lt\\\/index.php\\\/product\\\/ranksluostis-kriksto-mamytei\\\/\",\"name\":\"Rank\u0161luostis \\\"Krik\u0161to Mamytei \\\/ T\u0117veliui\\\" (m\u0117lynos p\u0117dut\u0117s) - Perladesign\",\"isPartOf\":{\"@id\":\"https:\\\/\\\/perladesign.lt\\\/#website\"},\"primaryImageOfPage\":{\"@id\":\"https:\\\/\\\/perladesign.lt\\\/index.php\\\/product\\\/ranksluostis-kriksto-mamytei\\\/#primaryimage\"},\"image\":{\"@id\":\"https:\\\/\\\/perladesign.lt\\\/index.php\\\/product\\\/ranksluostis-kriksto-mamytei\\\/#primaryimage\"},\"thumbnailUrl\":\"https:\\\/\\\/i0.wp.com\\\/perladesign.lt\\\/wp-content\\\/uploads\\\/2021\\\/07\\\/IMG_1772.jpg?fit=1200%2C1600&ssl=1\",\"datePublished\":\"2021-03-08T12:29:00+00:00\",\"dateModified\":\"2023-12-16T16:16:53+00:00\",\"description\":\"Siuvin\u0117ti rank\u0161luo\u0161\u010diai - originali, suasmeninta bei prakti\u0161ka dovana krik\u0161tyn\u0173 proga.... \u0160alik\u0173, prijuos\u010di\u0173, skareli\u0173, rank\u0161luos\u010di\u0173...\",\"breadcrumb\":{\"@id\":\"https:\\\/\\\/perladesign.lt\\\/index.php\\\/product\\\/ranksluostis-kriksto-mamytei\\\/#breadcrumb\"},\"inLanguage\":\"lt-LT\",\"potentialAction\":[{\"@type\":\"ReadAction\",\"target\":[\"https:\\\/\\\/perladesign.lt\\\/index.php\\\/product\\\/ranksluostis-kriksto-mamytei\\\/\"]}]},{\"@type\":\"ImageObject\",\"inLanguage\":\"lt-LT\",\"@id\":\"https:\\\/\\\/perladesign.lt\\\/index.php\\\/product\\\/ranksluostis-kriksto-mamytei\\\/#primaryimage\",\"url\":\"https:\\\/\\\/i0.wp.com\\\/perladesign.lt\\\/wp-content\\\/uploads\\\/2021\\\/07\\\/IMG_1772.jpg?fit=1200%2C1600&ssl=1\",\"contentUrl\":\"https:\\\/\\\/i0.wp.com\\\/perladesign.lt\\\/wp-content\\\/uploads\\\/2021\\\/07\\\/IMG_1772.jpg?fit=1200%2C1600&ssl=1\",\"width\":1200,\"height\":1600,\"caption\":\"Krik\u0161tyn\u0173 dovanos krik\u0161to t\u0117vams\"},{\"@type\":\"BreadcrumbList\",\"@id\":\"https:\\\/\\\/perladesign.lt\\\/index.php\\\/product\\\/ranksluostis-kriksto-mamytei\\\/#breadcrumb\",\"itemListElement\":[{\"@type\":\"ListItem\",\"position\":1,\"name\":\"Home\",\"item\":\"https:\\\/\\\/perladesign.lt\\\/\"},{\"@type\":\"ListItem\",\"position\":2,\"name\":\"Parduotuv\u0117\",\"item\":\"https:\\\/\\\/perladesign.lt\\\/index.php\\\/parduotuve\\\/\"},{\"@type\":\"ListItem\",\"position\":3,\"name\":\"Rank\u0161luostis &#8220;Krik\u0161to Mamytei \\\/ T\u0117veliui&#8221; (m\u0117lynos p\u0117dut\u0117s)\"}]},{\"@type\":\"WebSite\",\"@id\":\"https:\\\/\\\/perladesign.lt\\\/#website\",\"url\":\"https:\\\/\\\/perladesign.lt\\\/\",\"name\":\"Perladesign\",\"description\":\"\u0160alik\u0173, prijuos\u010di\u0173, skareli\u0173, rank\u0161luos\u010di\u0173, krep\u0161i\u0173 siuvin\u0117jimas su J\u016bs\u0173 pasirinktu tekstu. Galime i\u0161siuvin\u0117ti J\u016bs\u0173 pasirinkt\u0105 tekst\u0105...\",\"publisher\":{\"@id\":\"https:\\\/\\\/perladesign.lt\\\/#organization\"},\"potentialAction\":[{\"@type\":\"SearchAction\",\"target\":{\"@type\":\"EntryPoint\",\"urlTemplate\":\"https:\\\/\\\/perladesign.lt\\\/?s={search_term_string}\"},\"query-input\":{\"@type\":\"PropertyValueSpecification\",\"valueRequired\":true,\"valueName\":\"search_term_string\"}}],\"inLanguage\":\"lt-LT\"},{\"@type\":\"Organization\",\"@id\":\"https:\\\/\\\/perladesign.lt\\\/#organization\",\"name\":\"Perla Design\",\"url\":\"https:\\\/\\\/perladesign.lt\\\/\",\"logo\":{\"@type\":\"ImageObject\",\"inLanguage\":\"lt-LT\",\"@id\":\"https:\\\/\\\/perladesign.lt\\\/#\\\/schema\\\/logo\\\/image\\\/\",\"url\":\"https:\\\/\\\/i2.wp.com\\\/perladesign.lt\\\/wp-content\\\/uploads\\\/2020\\\/11\\\/653837f7-0560-4e97-9a0d-ebb396d3d8a2_200x200.png?fit=200%2C200&ssl=1\",\"contentUrl\":\"https:\\\/\\\/i2.wp.com\\\/perladesign.lt\\\/wp-content\\\/uploads\\\/2020\\\/11\\\/653837f7-0560-4e97-9a0d-ebb396d3d8a2_200x200.png?fit=200%2C200&ssl=1\",\"width\":200,\"height\":200,\"caption\":\"Perla Design\"},\"image\":{\"@id\":\"https:\\\/\\\/perladesign.lt\\\/#\\\/schema\\\/logo\\\/image\\\/\"},\"sameAs\":[\"https:\\\/\\\/www.facebook.com\\\/perlakaune\"]}]}<\/script>\n<!-- \/ Yoast SEO plugin. -->","yoast_head_json":{"title":"Rank\u0161luostis \"Krik\u0161to Mamytei \/ T\u0117veliui\" (m\u0117lynos p\u0117dut\u0117s) - Perladesign","description":"Siuvin\u0117ti rank\u0161luo\u0161\u010diai - originali, suasmeninta bei prakti\u0161ka dovana krik\u0161tyn\u0173 proga.... \u0160alik\u0173, prijuos\u010di\u0173, skareli\u0173, rank\u0161luos\u010di\u0173...","robots":{"index":"index","follow":"follow","max-snippet":"max-snippet:-1","max-image-preview":"max-image-preview:large","max-video-preview":"max-video-preview:-1"},"canonical":"https:\/\/perladesign.lt\/index.php\/product\/ranksluostis-kriksto-mamytei\/","og_locale":"lt_LT","og_type":"article","og_title":"Rank\u0161luostis \"Krik\u0161to Mamytei \/ T\u0117veliui\" (m\u0117lynos p\u0117dut\u0117s) - Perladesign","og_description":"Siuvin\u0117ti rank\u0161luo\u0161\u010diai - originali, suasmeninta bei prakti\u0161ka dovana krik\u0161tyn\u0173 proga.... \u0160alik\u0173, prijuos\u010di\u0173, skareli\u0173, rank\u0161luos\u010di\u0173...","og_url":"https:\/\/perladesign.lt\/index.php\/product\/ranksluostis-kriksto-mamytei\/","og_site_name":"Perladesign","article_publisher":"https:\/\/www.facebook.com\/perlakaune","article_modified_time":"2023-12-16T16:16:53+00:00","og_image":[{"width":1200,"height":1600,"url":"http:\/\/perladesign.lt\/wp-content\/uploads\/2021\/07\/IMG_1772.jpg","type":"image\/jpeg"}],"twitter_card":"summary_large_image","twitter_misc":{"Est. reading time":"1 minut\u0117"},"schema":{"@context":"https:\/\/schema.org","@graph":[{"@type":"WebPage","@id":"https:\/\/perladesign.lt\/index.php\/product\/ranksluostis-kriksto-mamytei\/","url":"https:\/\/perladesign.lt\/index.php\/product\/ranksluostis-kriksto-mamytei\/","name":"Rank\u0161luostis \"Krik\u0161to Mamytei \/ T\u0117veliui\" (m\u0117lynos p\u0117dut\u0117s) - Perladesign","isPartOf":{"@id":"https:\/\/perladesign.lt\/#website"},"primaryImageOfPage":{"@id":"https:\/\/perladesign.lt\/index.php\/product\/ranksluostis-kriksto-mamytei\/#primaryimage"},"image":{"@id":"https:\/\/perladesign.lt\/index.php\/product\/ranksluostis-kriksto-mamytei\/#primaryimage"},"thumbnailUrl":"https:\/\/i0.wp.com\/perladesign.lt\/wp-content\/uploads\/2021\/07\/IMG_1772.jpg?fit=1200%2C1600&ssl=1","datePublished":"2021-03-08T12:29:00+00:00","dateModified":"2023-12-16T16:16:53+00:00","description":"Siuvin\u0117ti rank\u0161luo\u0161\u010diai - originali, suasmeninta bei prakti\u0161ka dovana krik\u0161tyn\u0173 proga.... \u0160alik\u0173, prijuos\u010di\u0173, skareli\u0173, rank\u0161luos\u010di\u0173...","breadcrumb":{"@id":"https:\/\/perladesign.lt\/index.php\/product\/ranksluostis-kriksto-mamytei\/#breadcrumb"},"inLanguage":"lt-LT","potentialAction":[{"@type":"ReadAction","target":["https:\/\/perladesign.lt\/index.php\/product\/ranksluostis-kriksto-mamytei\/"]}]},{"@type":"ImageObject","inLanguage":"lt-LT","@id":"https:\/\/perladesign.lt\/index.php\/product\/ranksluostis-kriksto-mamytei\/#primaryimage","url":"https:\/\/i0.wp.com\/perladesign.lt\/wp-content\/uploads\/2021\/07\/IMG_1772.jpg?fit=1200%2C1600&ssl=1","contentUrl":"https:\/\/i0.wp.com\/perladesign.lt\/wp-content\/uploads\/2021\/07\/IMG_1772.jpg?fit=1200%2C1600&ssl=1","width":1200,"height":1600,"caption":"Krik\u0161tyn\u0173 dovanos krik\u0161to t\u0117vams"},{"@type":"BreadcrumbList","@id":"https:\/\/perladesign.lt\/index.php\/product\/ranksluostis-kriksto-mamytei\/#breadcrumb","itemListElement":[{"@type":"ListItem","position":1,"name":"Home","item":"https:\/\/perladesign.lt\/"},{"@type":"ListItem","position":2,"name":"Parduotuv\u0117","item":"https:\/\/perladesign.lt\/index.php\/parduotuve\/"},{"@type":"ListItem","position":3,"name":"Rank\u0161luostis &#8220;Krik\u0161to Mamytei \/ T\u0117veliui&#8221; (m\u0117lynos p\u0117dut\u0117s)"}]},{"@type":"WebSite","@id":"https:\/\/perladesign.lt\/#website","url":"https:\/\/perladesign.lt\/","name":"Perladesign","description":"\u0160alik\u0173, prijuos\u010di\u0173, skareli\u0173, rank\u0161luos\u010di\u0173, krep\u0161i\u0173 siuvin\u0117jimas su J\u016bs\u0173 pasirinktu tekstu. Galime i\u0161siuvin\u0117ti J\u016bs\u0173 pasirinkt\u0105 tekst\u0105...","publisher":{"@id":"https:\/\/perladesign.lt\/#organization"},"potentialAction":[{"@type":"SearchAction","target":{"@type":"EntryPoint","urlTemplate":"https:\/\/perladesign.lt\/?s={search_term_string}"},"query-input":{"@type":"PropertyValueSpecification","valueRequired":true,"valueName":"search_term_string"}}],"inLanguage":"lt-LT"},{"@type":"Organization","@id":"https:\/\/perladesign.lt\/#organization","name":"Perla Design","url":"https:\/\/perladesign.lt\/","logo":{"@type":"ImageObject","inLanguage":"lt-LT","@id":"https:\/\/perladesign.lt\/#\/schema\/logo\/image\/","url":"https:\/\/i2.wp.com\/perladesign.lt\/wp-content\/uploads\/2020\/11\/653837f7-0560-4e97-9a0d-ebb396d3d8a2_200x200.png?fit=200%2C200&ssl=1","contentUrl":"https:\/\/i2.wp.com\/perladesign.lt\/wp-content\/uploads\/2020\/11\/653837f7-0560-4e97-9a0d-ebb396d3d8a2_200x200.png?fit=200%2C200&ssl=1","width":200,"height":200,"caption":"Perla Design"},"image":{"@id":"https:\/\/perladesign.lt\/#\/schema\/logo\/image\/"},"sameAs":["https:\/\/www.facebook.com\/perlakaune"]}]}},"jetpack_sharing_enabled":true,"wcpa_form_fields":{"wcpaData":{"product":{"product_price":27.9,"price_html":"<span class=\"woocommerce-Price-amount amount\"><bdi><span class=\"woocommerce-Price-currencySymbol\">&euro;<\/span>27,90<\/bdi><\/span>","original_product_price":27.9,"price_including_tax":27.9,"price_excluding_tax":27.9,"product_id":{"parent":4485,"variation":false},"is_variable":true,"stock_status":"instock","stock_quantity":null,"parent_sku":"","product_attributes":{"pa_ranksluoscio-spalva":{"is_variation":true,"values":[]},"sudetis":{"is_variation":false,"values":["100% Medviln\u0117"]},"dydis":{"is_variation":false,"values":["130*65 cm"]},"prieziura":{"is_variation":false,"values":["Skalbti 60 laipsni\u0173 temperat\u016broje. Galima d\u017eiovinti d\u017eiovykl\u0117je, \u017eemoje temperat\u016broje. Nelyginti. Nevalyti cheminiu b\u016bdu."]}},"custom_fields":[],"is_taxable":true,"product_name":"Rank\u0161luostis \"Krik\u0161to Mamytei \/ T\u0117veliui\" (m\u0117lynos p\u0117dut\u0117s)","hasImage":false},"fields":{"sec_1069eb11713125a":{"extra":{"key":"sec_1069eb11713125a","section_id":"sec_1069eb11713125a","name":"Default","status":1,"cl_rule":"show","enableCl":false,"relations":[],"toggle":true,"title_tag":"h3","show_title":false,"showPrice":"default","form_id":4515,"form_rules":{"exclude_from_discount":false,"fee_label":"Fee","disp_hide_options_price":false,"disp_show_section_price":false,"disp_show_field_price":true,"layout_option":"standard","pric_use_as_fee":false,"process_fee_as":"woo_fee"},"layout_option":"standard"},"fields":[[{"type":"select","elementId":"wcpa-select-1615205610080","label":"Si\u016blo spalva:","enablePrice":true,"priceOptions":"different_for_all","pricingType":"fixed","name":"select-1615205610080","cl_rule":"show","col":6,"values":[{"label":"Balta","value":"Balta","price":"","pimage":"","pimage_id":"","pthumb":"","gt_translate_keys":["label"]},{"label":"Sidabrin\u0117","value":"Sidabrin\u0117","price":"6,40","pimage":"","pimage_id":"","pthumb":"","gt_translate_keys":["label"]},{"label":"Auksin\u0117","value":"Auksin\u0117","price":"6,40","pimage":"","pimage_id":"","pthumb":"","gt_translate_keys":["label"]},{"label":"Raudona","value":"Raudona","price":"","pimage":"","pimage_id":"","pthumb":"","gt_translate_keys":["label"]}],"relations":false,"price":0,"active":true,"tooltip":"","gt_translate_keys":["label","tooltip"],"price_dependency":false,"cl_dependency":false,"value":""}]]},"sec_165719a628936e":{"extra":{"key":"sec_165719a628936e","section_id":"sec_165719a628936e","name":"Default","status":1,"cl_rule":"show","enableCl":false,"relations":[],"toggle":true,"title_tag":"h3","show_title":false,"showPrice":"default","form_id":4346,"form_rules":{"exclude_from_discount":false,"fee_label":"Fee","disp_hide_options_price":false,"disp_show_section_price":false,"disp_show_field_price":true,"layout_option":"standard","pric_use_as_fee":false,"process_fee_as":"woo_fee"},"layout_option":"standard"},"fields":[[{"type":"select","elementId":"wcpa-select-1612013114625","label":"Dovan\u0173 d\u0117\u017eut\u0117:","enablePrice":true,"priceOptions":"different_for_all","pricingType":"fixed","name":"select-1612013114625","cl_rule":"show","col":6,"values":[{"label":"Be d\u0117\u017eut\u0117s","value":"Be d\u0117\u017eut\u0117s","price":"0,00","pimage":"","pimage_id":"","pthumb":"","gt_translate_keys":["label"]},{"label":"Su dovan\u0173 d\u0117\u017eute","value":"Su dovan\u0173 d\u0117\u017eute","price":"4,89","pimage":"","pimage_id":"","pthumb":"","gt_translate_keys":["label"]}],"relations":false,"price":0,"active":true,"tooltip":"","dropdown_type":"basic","error":false,"gt_translate_keys":["label","tooltip"],"price_dependency":false,"cl_dependency":false,"value":""}]]},"sec_106752ba22e52e5":{"extra":{"key":"sec_106752ba22e52e5","section_id":"sec_106752ba22e52e5","name":"Default","status":1,"cl_rule":"show","enableCl":false,"relations":[],"toggle":true,"title_tag":"h3","show_title":false,"showPrice":"default","form_id":1968,"form_rules":{"exclude_from_discount":false,"fee_label":"Fee","disp_hide_options_price":false,"disp_show_section_price":false,"disp_show_field_price":true,"layout_option":"standard","pric_use_as_fee":false,"process_fee_as":"woo_fee"},"layout_option":"standard"},"fields":[[{"type":"textarea","required":true,"elementId":"wcpa-textarea-1604590594409","label":"J\u016bs\u0173 tekstas ","placeholder":"\u012era\u0161ykite norim\u0105 tekst\u0105 siuvin\u0117jimui","pricingType":"fixed","className":"form-control","name":"textarea-1604590594409","maxlength":"12","cl_rule":"show","col":6,"relations":false,"active":true,"tooltip":"","error":false,"gt_translate_keys":["label","placeholder","tooltip"],"price_dependency":false,"cl_dependency":false,"value":""}]]}},"config":{"price_override":"","enable_recaptcha":false,"bind_quantity":false,"quantity_bind_formula":false,"disp_summ_show_option_price":true,"disp_summ_show_product_price":true,"disp_summ_show_total_price":true,"disp_summ_show_fee":false,"disp_summ_show_discount":false,"summary_title":"","options_total_label":"Papildomi pasirinkimai","total_label":"Galutin\u0117 kaina","options_product_label":"Produkto kaina","fee_label":"Fee","discount_label":"Discount","has_price":true,"has_quantity_formula":false},"mc_unit":1,"tax_rate":1,"tax_rate_real":0,"discount":{"percentage":0,"fixed":0},"design":{"conf":{"LabelPosition":"above","DescPosition":"above","UploadField":"custom_1","QuantityFieldStyle":"default"},"css":{"LeftLabelWidth":"120px"}},"formulas":[],"lookuptables":[],"clones":false,"cartKey":false}},"_links":{"self":[{"href":"https:\/\/perladesign.lt\/index.php\/wp-json\/wp\/v2\/product\/4485","targetHints":{"allow":["GET"]}}],"collection":[{"href":"https:\/\/perladesign.lt\/index.php\/wp-json\/wp\/v2\/product"}],"about":[{"href":"https:\/\/perladesign.lt\/index.php\/wp-json\/wp\/v2\/types\/product"}],"wp:featuredmedia":[{"embeddable":true,"href":"https:\/\/perladesign.lt\/index.php\/wp-json\/wp\/v2\/media\/4933"}],"wp:attachment":[{"href":"https:\/\/perladesign.lt\/index.php\/wp-json\/wp\/v2\/media?parent=4485"}],"wp:term":[{"taxonomy":"product_brand","embeddable":true,"href":"https:\/\/perladesign.lt\/index.php\/wp-json\/wp\/v2\/product_brand?post=4485"},{"taxonomy":"product_cat","embeddable":true,"href":"https:\/\/perladesign.lt\/index.php\/wp-json\/wp\/v2\/product_cat?post=4485"},{"taxonomy":"product_tag","embeddable":true,"href":"https:\/\/perladesign.lt\/index.php\/wp-json\/wp\/v2\/product_tag?post=4485"}],"curies":[{"name":"wp","href":"https:\/\/api.w.org\/{rel}","templated":true}]}}