{"id":4350,"date":"2021-01-30T16:56:33","date_gmt":"2021-01-30T14:56:33","guid":{"rendered":"http:\/\/perladesign.lt\/?post_type=product&#038;p=4350"},"modified":"2022-01-07T13:22:24","modified_gmt":"2022-01-07T11:22:24","slug":"silkine-skarele-su-inicialu","status":"publish","type":"product","link":"https:\/\/perladesign.lt\/index.php\/product\/silkine-skarele-su-inicialu\/","title":{"rendered":"\u0160ilkin\u0117 skarel\u0117 su inicialu"},"content":{"rendered":"<p style=\"text-align: center;\">Visi m\u0117gstame dovanas, ypa\u010d tas, kurios yra asmenin\u0117s, i\u0161skirtin\u0117s ir sukurtos su meile\u2026 J\u016bs i\u0161sirinkite, o mes i\u0161pildysime J\u016bs\u0173 u\u017esakym\u0105 per 2-3 d.d.\u00a0<img decoding=\"async\" class=\"emoji ls-is-cached lazyloaded\" role=\"img\" draggable=\"false\" src=\"https:\/\/s.w.org\/images\/core\/emoji\/13.0.0\/svg\/1f4e6.svg\" alt=\"\ud83d\udce6\" data-src=\"https:\/\/s.w.org\/images\/core\/emoji\/13.0.0\/svg\/1f4e6.svg\" \/><\/p>\n<p style=\"text-align: center;\"><strong>Skarel\u0117 yra labai \u0161velni, lengvos med\u017eiagos ir taip pat lengvai derinama. Tai puo\u0161nus ir jaukus aksesuaras, suteikiantis elegancijos J\u016bs\u0173 aprangai. \u00a0<\/strong><\/p>\n<p style=\"text-align: center;\"><strong>Ma\u017ea \u0161ilkin\u0117 skarel\u0117 gali b\u016bti ri\u0161ama ant kaklo, rie\u0161o, kaip aksesuaras prie rankin\u0117s ar \u012f plaukus.<\/strong><\/p>\n<p style=\"text-align: center;\">Skareli\u0173 dydis: 70*70 cm<br \/>\nSud\u0117tis: 70% Viskoz\u0117, 30% \u0160ilkas<\/p>\n<p style=\"text-align: center;\"><strong>SVARBU!!!<\/strong>\u00a0Jei nor\u0117tum\u0117te kitokio derinio pasirinkimo, susisiekite su mumis el.pa\u0161tu info@perladesign.lt ar telefonu +370 656 09 233.<\/p>\n","protected":false},"excerpt":{"rendered":"<p style=\"text-align: center;\"><strong>Ma\u017ea \u0161ilkin\u0117 skarel\u0117 gali b\u016bti ri\u0161ama ant kaklo, rie\u0161o, kaip aksesuaras prie rankin\u0117s ar \u012f plaukus.<\/strong><\/p>\n<p style=\"text-align: center;\">Skareli\u0173 dydis: 70*70 cm<br \/>\nSud\u0117tis: 70% Viskoz\u0117, 30% \u0160ilkas<\/p>\n","protected":false},"featured_media":4367,"template":"","meta":[],"product_brand":[],"product_cat":[43,44],"product_tag":[65,28,67,27,29,32,61,86,66,84,85,88,87],"class_list":{"0":"post-4350","1":"product","2":"type-product","3":"status-publish","4":"has-post-thumbnail","6":"product_cat-parduotuve","7":"product_cat-vardiniai-salikai","8":"product_tag-dovana","9":"product_tag-dovanadraugei","10":"product_tag-dovanadraugui","11":"product_tag-dovanamamai","12":"product_tag-dovanamociutei","13":"product_tag-dovanuidejos","14":"product_tag-isskirtinesdovanos","15":"product_tag-mazaskarele","16":"product_tag-originalidovana","17":"product_tag-silkineskarele","18":"product_tag-skarele","19":"product_tag-skarelesuinicialu","20":"product_tag-vardineskarele","21":"wcpa_has_options","23":"first","24":"outofstock","25":"taxable","26":"shipping-taxable","27":"purchasable","28":"product-type-variable"},"yoast_head":"<!-- This site is optimized with the Yoast SEO plugin v27.4 - https:\/\/yoast.com\/product\/yoast-seo-wordpress\/ -->\n<title>\u0160ilkin\u0117 skarel\u0117 su inicialu - Perladesign<\/title>\n<meta name=\"description\" content=\"Vardin\u0117 siuvin\u0117ta \u0161ilkin\u0117 skarel\u0117 su J\u016bs\u0173 pasirinktu inicialu. Tai puiki ir eleganti\u0161ka dovana mamai, draugei, sesei ar tiesiog sau...\" \/>\n<meta name=\"robots\" content=\"index, follow, max-snippet:-1, max-image-preview:large, max-video-preview:-1\" \/>\n<link rel=\"canonical\" href=\"https:\/\/perladesign.lt\/index.php\/product\/silkine-skarele-su-inicialu\/\" \/>\n<meta property=\"og:locale\" content=\"lt_LT\" \/>\n<meta property=\"og:type\" content=\"article\" \/>\n<meta property=\"og:title\" content=\"\u0160ilkin\u0117 skarel\u0117 su inicialu - Perladesign\" \/>\n<meta property=\"og:description\" content=\"Vardin\u0117 siuvin\u0117ta \u0161ilkin\u0117 skarel\u0117 su J\u016bs\u0173 pasirinktu inicialu. Tai puiki ir eleganti\u0161ka dovana mamai, draugei, sesei ar tiesiog sau...\" \/>\n<meta property=\"og:url\" content=\"https:\/\/perladesign.lt\/index.php\/product\/silkine-skarele-su-inicialu\/\" \/>\n<meta property=\"og:site_name\" content=\"Perladesign\" \/>\n<meta property=\"article:publisher\" content=\"https:\/\/www.facebook.com\/perlakaune\" \/>\n<meta property=\"article:modified_time\" content=\"2022-01-07T11:22:24+00:00\" \/>\n<meta property=\"og:image\" content=\"http:\/\/perladesign.lt\/wp-content\/uploads\/2021\/01\/IMG_9864.jpg\" \/>\n\t<meta property=\"og:image:width\" content=\"1092\" \/>\n\t<meta property=\"og:image:height\" content=\"1638\" \/>\n\t<meta property=\"og:image:type\" content=\"image\/jpeg\" \/>\n<meta name=\"twitter:card\" content=\"summary_large_image\" \/>\n<meta name=\"twitter:label1\" content=\"Est. reading time\" \/>\n\t<meta name=\"twitter:data1\" content=\"1 minut\u0117\" \/>\n<script type=\"application\/ld+json\" class=\"yoast-schema-graph\">{\"@context\":\"https:\\\/\\\/schema.org\",\"@graph\":[{\"@type\":\"WebPage\",\"@id\":\"https:\\\/\\\/perladesign.lt\\\/index.php\\\/product\\\/silkine-skarele-su-inicialu\\\/\",\"url\":\"https:\\\/\\\/perladesign.lt\\\/index.php\\\/product\\\/silkine-skarele-su-inicialu\\\/\",\"name\":\"\u0160ilkin\u0117 skarel\u0117 su inicialu - Perladesign\",\"isPartOf\":{\"@id\":\"https:\\\/\\\/perladesign.lt\\\/#website\"},\"primaryImageOfPage\":{\"@id\":\"https:\\\/\\\/perladesign.lt\\\/index.php\\\/product\\\/silkine-skarele-su-inicialu\\\/#primaryimage\"},\"image\":{\"@id\":\"https:\\\/\\\/perladesign.lt\\\/index.php\\\/product\\\/silkine-skarele-su-inicialu\\\/#primaryimage\"},\"thumbnailUrl\":\"https:\\\/\\\/i0.wp.com\\\/perladesign.lt\\\/wp-content\\\/uploads\\\/2021\\\/01\\\/IMG_9864.jpg?fit=1092%2C1638&ssl=1\",\"datePublished\":\"2021-01-30T14:56:33+00:00\",\"dateModified\":\"2022-01-07T11:22:24+00:00\",\"description\":\"Vardin\u0117 siuvin\u0117ta \u0161ilkin\u0117 skarel\u0117 su J\u016bs\u0173 pasirinktu inicialu. Tai puiki ir eleganti\u0161ka dovana mamai, draugei, sesei ar tiesiog sau...\",\"breadcrumb\":{\"@id\":\"https:\\\/\\\/perladesign.lt\\\/index.php\\\/product\\\/silkine-skarele-su-inicialu\\\/#breadcrumb\"},\"inLanguage\":\"lt-LT\",\"potentialAction\":[{\"@type\":\"ReadAction\",\"target\":[\"https:\\\/\\\/perladesign.lt\\\/index.php\\\/product\\\/silkine-skarele-su-inicialu\\\/\"]}]},{\"@type\":\"ImageObject\",\"inLanguage\":\"lt-LT\",\"@id\":\"https:\\\/\\\/perladesign.lt\\\/index.php\\\/product\\\/silkine-skarele-su-inicialu\\\/#primaryimage\",\"url\":\"https:\\\/\\\/i0.wp.com\\\/perladesign.lt\\\/wp-content\\\/uploads\\\/2021\\\/01\\\/IMG_9864.jpg?fit=1092%2C1638&ssl=1\",\"contentUrl\":\"https:\\\/\\\/i0.wp.com\\\/perladesign.lt\\\/wp-content\\\/uploads\\\/2021\\\/01\\\/IMG_9864.jpg?fit=1092%2C1638&ssl=1\",\"width\":1092,\"height\":1638,\"caption\":\"\u0160ilkin\u0117 skarel\u0117 su J\u016bs\u0173 inicialu. Dovan\u0173 id\u0117jos\"},{\"@type\":\"BreadcrumbList\",\"@id\":\"https:\\\/\\\/perladesign.lt\\\/index.php\\\/product\\\/silkine-skarele-su-inicialu\\\/#breadcrumb\",\"itemListElement\":[{\"@type\":\"ListItem\",\"position\":1,\"name\":\"Home\",\"item\":\"https:\\\/\\\/perladesign.lt\\\/\"},{\"@type\":\"ListItem\",\"position\":2,\"name\":\"Parduotuv\u0117\",\"item\":\"https:\\\/\\\/perladesign.lt\\\/index.php\\\/parduotuve\\\/\"},{\"@type\":\"ListItem\",\"position\":3,\"name\":\"\u0160ilkin\u0117 skarel\u0117 su inicialu\"}]},{\"@type\":\"WebSite\",\"@id\":\"https:\\\/\\\/perladesign.lt\\\/#website\",\"url\":\"https:\\\/\\\/perladesign.lt\\\/\",\"name\":\"Perladesign\",\"description\":\"\u0160alik\u0173, prijuos\u010di\u0173, skareli\u0173, rank\u0161luos\u010di\u0173, krep\u0161i\u0173 siuvin\u0117jimas su J\u016bs\u0173 pasirinktu tekstu. Galime i\u0161siuvin\u0117ti J\u016bs\u0173 pasirinkt\u0105 tekst\u0105...\",\"publisher\":{\"@id\":\"https:\\\/\\\/perladesign.lt\\\/#organization\"},\"potentialAction\":[{\"@type\":\"SearchAction\",\"target\":{\"@type\":\"EntryPoint\",\"urlTemplate\":\"https:\\\/\\\/perladesign.lt\\\/?s={search_term_string}\"},\"query-input\":{\"@type\":\"PropertyValueSpecification\",\"valueRequired\":true,\"valueName\":\"search_term_string\"}}],\"inLanguage\":\"lt-LT\"},{\"@type\":\"Organization\",\"@id\":\"https:\\\/\\\/perladesign.lt\\\/#organization\",\"name\":\"Perla Design\",\"url\":\"https:\\\/\\\/perladesign.lt\\\/\",\"logo\":{\"@type\":\"ImageObject\",\"inLanguage\":\"lt-LT\",\"@id\":\"https:\\\/\\\/perladesign.lt\\\/#\\\/schema\\\/logo\\\/image\\\/\",\"url\":\"https:\\\/\\\/i2.wp.com\\\/perladesign.lt\\\/wp-content\\\/uploads\\\/2020\\\/11\\\/653837f7-0560-4e97-9a0d-ebb396d3d8a2_200x200.png?fit=200%2C200&ssl=1\",\"contentUrl\":\"https:\\\/\\\/i2.wp.com\\\/perladesign.lt\\\/wp-content\\\/uploads\\\/2020\\\/11\\\/653837f7-0560-4e97-9a0d-ebb396d3d8a2_200x200.png?fit=200%2C200&ssl=1\",\"width\":200,\"height\":200,\"caption\":\"Perla Design\"},\"image\":{\"@id\":\"https:\\\/\\\/perladesign.lt\\\/#\\\/schema\\\/logo\\\/image\\\/\"},\"sameAs\":[\"https:\\\/\\\/www.facebook.com\\\/perlakaune\"]}]}<\/script>\n<!-- \/ Yoast SEO plugin. -->","yoast_head_json":{"title":"\u0160ilkin\u0117 skarel\u0117 su inicialu - Perladesign","description":"Vardin\u0117 siuvin\u0117ta \u0161ilkin\u0117 skarel\u0117 su J\u016bs\u0173 pasirinktu inicialu. Tai puiki ir eleganti\u0161ka dovana mamai, draugei, sesei ar tiesiog sau...","robots":{"index":"index","follow":"follow","max-snippet":"max-snippet:-1","max-image-preview":"max-image-preview:large","max-video-preview":"max-video-preview:-1"},"canonical":"https:\/\/perladesign.lt\/index.php\/product\/silkine-skarele-su-inicialu\/","og_locale":"lt_LT","og_type":"article","og_title":"\u0160ilkin\u0117 skarel\u0117 su inicialu - Perladesign","og_description":"Vardin\u0117 siuvin\u0117ta \u0161ilkin\u0117 skarel\u0117 su J\u016bs\u0173 pasirinktu inicialu. Tai puiki ir eleganti\u0161ka dovana mamai, draugei, sesei ar tiesiog sau...","og_url":"https:\/\/perladesign.lt\/index.php\/product\/silkine-skarele-su-inicialu\/","og_site_name":"Perladesign","article_publisher":"https:\/\/www.facebook.com\/perlakaune","article_modified_time":"2022-01-07T11:22:24+00:00","og_image":[{"width":1092,"height":1638,"url":"http:\/\/perladesign.lt\/wp-content\/uploads\/2021\/01\/IMG_9864.jpg","type":"image\/jpeg"}],"twitter_card":"summary_large_image","twitter_misc":{"Est. reading time":"1 minut\u0117"},"schema":{"@context":"https:\/\/schema.org","@graph":[{"@type":"WebPage","@id":"https:\/\/perladesign.lt\/index.php\/product\/silkine-skarele-su-inicialu\/","url":"https:\/\/perladesign.lt\/index.php\/product\/silkine-skarele-su-inicialu\/","name":"\u0160ilkin\u0117 skarel\u0117 su inicialu - Perladesign","isPartOf":{"@id":"https:\/\/perladesign.lt\/#website"},"primaryImageOfPage":{"@id":"https:\/\/perladesign.lt\/index.php\/product\/silkine-skarele-su-inicialu\/#primaryimage"},"image":{"@id":"https:\/\/perladesign.lt\/index.php\/product\/silkine-skarele-su-inicialu\/#primaryimage"},"thumbnailUrl":"https:\/\/i0.wp.com\/perladesign.lt\/wp-content\/uploads\/2021\/01\/IMG_9864.jpg?fit=1092%2C1638&ssl=1","datePublished":"2021-01-30T14:56:33+00:00","dateModified":"2022-01-07T11:22:24+00:00","description":"Vardin\u0117 siuvin\u0117ta \u0161ilkin\u0117 skarel\u0117 su J\u016bs\u0173 pasirinktu inicialu. Tai puiki ir eleganti\u0161ka dovana mamai, draugei, sesei ar tiesiog sau...","breadcrumb":{"@id":"https:\/\/perladesign.lt\/index.php\/product\/silkine-skarele-su-inicialu\/#breadcrumb"},"inLanguage":"lt-LT","potentialAction":[{"@type":"ReadAction","target":["https:\/\/perladesign.lt\/index.php\/product\/silkine-skarele-su-inicialu\/"]}]},{"@type":"ImageObject","inLanguage":"lt-LT","@id":"https:\/\/perladesign.lt\/index.php\/product\/silkine-skarele-su-inicialu\/#primaryimage","url":"https:\/\/i0.wp.com\/perladesign.lt\/wp-content\/uploads\/2021\/01\/IMG_9864.jpg?fit=1092%2C1638&ssl=1","contentUrl":"https:\/\/i0.wp.com\/perladesign.lt\/wp-content\/uploads\/2021\/01\/IMG_9864.jpg?fit=1092%2C1638&ssl=1","width":1092,"height":1638,"caption":"\u0160ilkin\u0117 skarel\u0117 su J\u016bs\u0173 inicialu. Dovan\u0173 id\u0117jos"},{"@type":"BreadcrumbList","@id":"https:\/\/perladesign.lt\/index.php\/product\/silkine-skarele-su-inicialu\/#breadcrumb","itemListElement":[{"@type":"ListItem","position":1,"name":"Home","item":"https:\/\/perladesign.lt\/"},{"@type":"ListItem","position":2,"name":"Parduotuv\u0117","item":"https:\/\/perladesign.lt\/index.php\/parduotuve\/"},{"@type":"ListItem","position":3,"name":"\u0160ilkin\u0117 skarel\u0117 su inicialu"}]},{"@type":"WebSite","@id":"https:\/\/perladesign.lt\/#website","url":"https:\/\/perladesign.lt\/","name":"Perladesign","description":"\u0160alik\u0173, prijuos\u010di\u0173, skareli\u0173, rank\u0161luos\u010di\u0173, krep\u0161i\u0173 siuvin\u0117jimas su J\u016bs\u0173 pasirinktu tekstu. Galime i\u0161siuvin\u0117ti J\u016bs\u0173 pasirinkt\u0105 tekst\u0105...","publisher":{"@id":"https:\/\/perladesign.lt\/#organization"},"potentialAction":[{"@type":"SearchAction","target":{"@type":"EntryPoint","urlTemplate":"https:\/\/perladesign.lt\/?s={search_term_string}"},"query-input":{"@type":"PropertyValueSpecification","valueRequired":true,"valueName":"search_term_string"}}],"inLanguage":"lt-LT"},{"@type":"Organization","@id":"https:\/\/perladesign.lt\/#organization","name":"Perla Design","url":"https:\/\/perladesign.lt\/","logo":{"@type":"ImageObject","inLanguage":"lt-LT","@id":"https:\/\/perladesign.lt\/#\/schema\/logo\/image\/","url":"https:\/\/i2.wp.com\/perladesign.lt\/wp-content\/uploads\/2020\/11\/653837f7-0560-4e97-9a0d-ebb396d3d8a2_200x200.png?fit=200%2C200&ssl=1","contentUrl":"https:\/\/i2.wp.com\/perladesign.lt\/wp-content\/uploads\/2020\/11\/653837f7-0560-4e97-9a0d-ebb396d3d8a2_200x200.png?fit=200%2C200&ssl=1","width":200,"height":200,"caption":"Perla Design"},"image":{"@id":"https:\/\/perladesign.lt\/#\/schema\/logo\/image\/"},"sameAs":["https:\/\/www.facebook.com\/perlakaune"]}]}},"jetpack_sharing_enabled":true,"wcpa_form_fields":{"wcpaData":{"product":{"product_price":25.9,"price_html":"<span class=\"woocommerce-Price-amount amount\"><bdi><span class=\"woocommerce-Price-currencySymbol\">&euro;<\/span>25,90<\/bdi><\/span>","original_product_price":25.9,"price_including_tax":25.9,"price_excluding_tax":25.9,"product_id":{"parent":4350,"variation":false},"is_variable":true,"stock_status":"outofstock","stock_quantity":null,"parent_sku":"","product_attributes":{"pa_spalva":{"is_variation":true,"values":[]},"sudetis":{"is_variation":false,"values":["70% Viskoz\u0117, 30% \u0160ilkas"]},"skareliu-dydis":{"is_variation":false,"values":["70*70 cm"]},"prieziura":{"is_variation":false,"values":["Skalbti rankomis, ned\u017eiovinti d\u017eiovykloje."]}},"custom_fields":[],"is_taxable":true,"product_name":"\u0160ilkin\u0117 skarel\u0117 su inicialu","hasImage":false},"fields":{"sec_669eb0bedf11aa":{"extra":{"key":"sec_669eb0bedf11aa","section_id":"sec_669eb0bedf11aa","name":"Default","status":1,"cl_rule":"show","enableCl":false,"relations":[],"toggle":true,"title_tag":"h3","show_title":false,"showPrice":"default","form_id":4352,"form_rules":{"exclude_from_discount":false,"fee_label":"Fee","disp_hide_options_price":false,"disp_show_section_price":false,"disp_show_field_price":true,"layout_option":"standard","pric_use_as_fee":false,"process_fee_as":"woo_fee"},"layout_option":"standard"},"fields":[[{"type":"select","required":true,"elementId":"wcpa-select-1612015991130","label":"Papuo\u0161ti Swarovski kristalu?","enablePrice":true,"priceOptions":"different_for_all","pricingType":"fixed","name":"select-1612015991130","cl_rule":"show","col":6,"values":[{"label":"Ne","value":"Ne","price":"0,00","pimage":"","pimage_id":"","pthumb":"","gt_translate_keys":["label"]},{"label":"Taip","value":"4.80","price":"4.80","pimage":"","pimage_id":"","pthumb":"","gt_translate_keys":["label"]}],"relations":false,"active":true,"tooltip":"","gt_translate_keys":["label","tooltip"],"price_dependency":false,"cl_dependency":false,"value":""}]]},"sec_769eb0bedf167b":{"extra":{"key":"sec_769eb0bedf167b","section_id":"sec_769eb0bedf167b","name":"Default","status":1,"cl_rule":"show","enableCl":false,"relations":[],"toggle":true,"title_tag":"h3","show_title":false,"showPrice":"default","form_id":4344,"form_rules":{"exclude_from_discount":false,"fee_label":"Fee","disp_hide_options_price":false,"disp_show_section_price":false,"disp_show_field_price":true,"layout_option":"standard","pric_use_as_fee":false,"process_fee_as":"woo_fee"},"layout_option":"standard"},"fields":[[{"type":"select","required":true,"elementId":"wcpa-select-1612010824679","label":"Dovan\u0173 d\u0117\u017eut\u0117:","enablePrice":true,"priceOptions":"different_for_all","pricingType":"fixed","name":"select-1612010824679","cl_rule":"show","col":6,"values":[{"label":"Be d\u0117\u017eut\u0117s","value":"Be d\u0117\u017eut\u0117s","price":"0,00","pimage":"","pimage_id":"","pthumb":"","gt_translate_keys":["label"]},{"label":"Popierin\u0117 d\u0117\u017eut\u0117 ","value":"Popierin\u0117 d\u0117\u017eut\u0117 ","price":"3,40","pimage":"","pimage_id":"","pthumb":"","gt_translate_keys":["label"]},{"label":"Magnetin\u0117 d\u0117\u017eut\u0117 ","value":"Magnetin\u0117 d\u0117\u017eut\u0117 ","price":"6,89","pimage":"","pimage_id":"","pthumb":"","gt_translate_keys":["label"]}],"relations":false,"price":0,"active":true,"tooltip":"","gt_translate_keys":["label","tooltip"],"price_dependency":false,"cl_dependency":false,"value":""}]]},"sec_469eb0bedf1777":{"extra":{"key":"sec_469eb0bedf1777","section_id":"sec_469eb0bedf1777","name":"Default","status":1,"cl_rule":"show","enableCl":false,"relations":[],"toggle":true,"title_tag":"h3","show_title":false,"showPrice":"default","form_id":3290,"form_rules":{"exclude_from_discount":false,"fee_label":"Fee","disp_hide_options_price":false,"disp_show_section_price":false,"disp_show_field_price":true,"layout_option":"standard","pric_use_as_fee":false,"process_fee_as":"woo_fee"},"layout_option":"standard"},"fields":[[{"type":"textarea","elementId":"wcpa-textarea-1610469208162","label":"Norimi inicialai:","pricingType":"fixed","className":"form-control","name":"textarea-1610469208162","maxlength":"2","cl_rule":"show","col":6,"relations":false,"active":true,"tooltip":"","gt_translate_keys":["label","tooltip"],"price_dependency":false,"cl_dependency":false,"value":""}]]}},"config":{"price_override":"","enable_recaptcha":false,"bind_quantity":false,"quantity_bind_formula":false,"disp_summ_show_option_price":true,"disp_summ_show_product_price":true,"disp_summ_show_total_price":true,"disp_summ_show_fee":false,"disp_summ_show_discount":false,"summary_title":"","options_total_label":"Papildomi pasirinkimai","total_label":"Galutin\u0117 kaina","options_product_label":"Produkto kaina","fee_label":"Fee","discount_label":"Discount","has_price":true,"has_quantity_formula":false},"mc_unit":1,"tax_rate":1,"tax_rate_real":0,"discount":{"percentage":0,"fixed":0},"design":{"conf":{"LabelPosition":"above","DescPosition":"above","UploadField":"custom_1","QuantityFieldStyle":"default"},"css":{"LeftLabelWidth":"120px"}},"formulas":[],"lookuptables":[],"clones":false,"cartKey":false}},"_links":{"self":[{"href":"https:\/\/perladesign.lt\/index.php\/wp-json\/wp\/v2\/product\/4350","targetHints":{"allow":["GET"]}}],"collection":[{"href":"https:\/\/perladesign.lt\/index.php\/wp-json\/wp\/v2\/product"}],"about":[{"href":"https:\/\/perladesign.lt\/index.php\/wp-json\/wp\/v2\/types\/product"}],"wp:featuredmedia":[{"embeddable":true,"href":"https:\/\/perladesign.lt\/index.php\/wp-json\/wp\/v2\/media\/4367"}],"wp:attachment":[{"href":"https:\/\/perladesign.lt\/index.php\/wp-json\/wp\/v2\/media?parent=4350"}],"wp:term":[{"taxonomy":"product_brand","embeddable":true,"href":"https:\/\/perladesign.lt\/index.php\/wp-json\/wp\/v2\/product_brand?post=4350"},{"taxonomy":"product_cat","embeddable":true,"href":"https:\/\/perladesign.lt\/index.php\/wp-json\/wp\/v2\/product_cat?post=4350"},{"taxonomy":"product_tag","embeddable":true,"href":"https:\/\/perladesign.lt\/index.php\/wp-json\/wp\/v2\/product_tag?post=4350"}],"curies":[{"name":"wp","href":"https:\/\/api.w.org\/{rel}","templated":true}]}}