{"id":4274,"date":"2021-01-29T15:48:03","date_gmt":"2021-01-29T13:48:03","guid":{"rendered":"http:\/\/perladesign.lt\/?post_type=product&#038;p=4274"},"modified":"2021-01-29T15:51:02","modified_gmt":"2021-01-29T13:51:02","slug":"pirkiniu-krepsys-levanda","status":"publish","type":"product","link":"https:\/\/perladesign.lt\/index.php\/product\/pirkiniu-krepsys-levanda\/","title":{"rendered":"Pirkini\u0173 krep\u0161ys \u201cLevanda&#8221;"},"content":{"rendered":"<p style=\"text-align: center;\">Visi m\u0117gstame dovanas, ypa\u010d tas, kurios yra asmenin\u0117s, i\u0161skirtin\u0117s ir sukurtos su meile\u2026 J\u016bs i\u0161sirinkite, o mes i\u0161pildysime J\u016bs\u0173 u\u017esakym\u0105 per 2-3 d.d.\u00a0<img decoding=\"async\" class=\"emoji ls-is-cached lazyloaded\" role=\"img\" draggable=\"false\" src=\"https:\/\/s.w.org\/images\/core\/emoji\/13.0.0\/svg\/1f4e6.svg\" alt=\"\ud83d\udce6\" data-src=\"https:\/\/s.w.org\/images\/core\/emoji\/13.0.0\/svg\/1f4e6.svg\" \/><\/p>\n<p style=\"text-align: center;\">\u0160ie daugkartinio naudojimo pirkini\u0173 krep\u0161iai yra pagaminti i\u0161 100% medviln\u0117s, tinkami ne\u0161ioti rankoje ar per pet\u012f.<\/p>\n<p style=\"text-align: center;\">Krep\u0161i\u0173 dydis:\u00a038 x 42 cm. Ranken\u0173 ilgis 67 cm. Krep\u0161io svoris 75g. Talpa \u2013 10 litr\u0173.<\/p>\n<p style=\"text-align: center;\"><strong>SVARBU!!!<\/strong>\u00a0Jei nor\u0117tum\u0117te kitokio derinio pasirinkimo, susisiekite su mumis el.pa\u0161tu info@perladesign.lt ar telefonu +370 656 09 233.<\/p>\n<p style=\"text-align: center;\"><strong>Nemokamas siuntimas \u012f visus Omniva, DPD ir LP Express pa\u0161tomatus Lietuvoje nuo 25 Eur.<\/strong><\/p>\n","protected":false},"excerpt":{"rendered":"<p>Visi m\u0117gstame dovanas, ypa\u010d tas, kurios yra asmenin\u0117s, i\u0161skirtin\u0117s ir sukurtos su meile\u2026 J\u016bs i\u0161sirinkite, o mes i\u0161pildysime J\u016bs\u0173 u\u017esakym\u0105 per 2-3 d.d.\u00a0 \u0160ie daugkartinio naudojimo pirkini\u0173 krep\u0161iai yra pagaminti i\u0161 100% medviln\u0117s, tinkami ne\u0161ioti rankoje ar per pet\u012f. Krep\u0161i\u0173 dydis:\u00a038 x 42 cm. Ranken\u0173 ilgis 67 cm. Krep\u0161io svoris 75g. Talpa \u2013 10 litr\u0173. [&hellip;]<\/p>\n","protected":false},"featured_media":4293,"template":"","meta":[],"product_brand":[],"product_cat":[43,42],"product_tag":[28,67,27,29,68,62,32,61,71,69,46,60],"class_list":{"0":"post-4274","1":"product","2":"type-product","3":"status-publish","4":"has-post-thumbnail","6":"product_cat-parduotuve","7":"product_cat-pirkiniu-krepsiai","8":"product_tag-dovanadraugei","9":"product_tag-dovanadraugui","10":"product_tag-dovanamamai","11":"product_tag-dovanamociutei","12":"product_tag-dovanateciui","13":"product_tag-dovanavyrui","14":"product_tag-dovanuidejos","15":"product_tag-isskirtinesdovanos","16":"product_tag-krepsiai","17":"product_tag-naturaluskrepsiai","18":"product_tag-naturaluspirkiniukrepsys","19":"product_tag-vardinesdovanos","21":"first","22":"instock","23":"taxable","24":"shipping-taxable","25":"purchasable","26":"product-type-variable"},"yoast_head":"<!-- This site is optimized with the Yoast SEO plugin v27.4 - https:\/\/yoast.com\/product\/yoast-seo-wordpress\/ -->\n<title>Pirkini\u0173 krep\u0161ys \u201cLevanda&quot; - Perladesign<\/title>\n<meta name=\"description\" content=\"Daugkartinio naudojimo pirkini\u0173 krep\u0161iai su J\u016bs\u0173 pasirinktu inicialu. Sud\u0117tis: 100% Medviln\u0117, itin patvar\u016bs. Daugiau dizain\u0173 rasite m\u016bs\u0173...\" \/>\n<meta name=\"robots\" content=\"index, follow, max-snippet:-1, max-image-preview:large, max-video-preview:-1\" \/>\n<link rel=\"canonical\" href=\"https:\/\/perladesign.lt\/index.php\/product\/pirkiniu-krepsys-levanda\/\" \/>\n<meta property=\"og:locale\" content=\"lt_LT\" \/>\n<meta property=\"og:type\" content=\"article\" \/>\n<meta property=\"og:title\" content=\"Pirkini\u0173 krep\u0161ys \u201cLevanda&quot; - Perladesign\" \/>\n<meta property=\"og:description\" content=\"Daugkartinio naudojimo pirkini\u0173 krep\u0161iai su J\u016bs\u0173 pasirinktu inicialu. Sud\u0117tis: 100% Medviln\u0117, itin patvar\u016bs. Daugiau dizain\u0173 rasite m\u016bs\u0173...\" \/>\n<meta property=\"og:url\" content=\"https:\/\/perladesign.lt\/index.php\/product\/pirkiniu-krepsys-levanda\/\" \/>\n<meta property=\"og:site_name\" content=\"Perladesign\" \/>\n<meta property=\"article:publisher\" content=\"https:\/\/www.facebook.com\/perlakaune\" \/>\n<meta property=\"article:modified_time\" content=\"2021-01-29T13:51:02+00:00\" \/>\n<meta property=\"og:image\" content=\"https:\/\/i1.wp.com\/perladesign.lt\/wp-content\/uploads\/2021\/01\/maiselis-su-levandom.jpg?fit=1200%2C1800&ssl=1\" \/>\n\t<meta property=\"og:image:width\" content=\"1200\" \/>\n\t<meta property=\"og:image:height\" content=\"1800\" \/>\n\t<meta property=\"og:image:type\" content=\"image\/jpeg\" \/>\n<meta name=\"twitter:card\" content=\"summary_large_image\" \/>\n<script type=\"application\/ld+json\" class=\"yoast-schema-graph\">{\"@context\":\"https:\\\/\\\/schema.org\",\"@graph\":[{\"@type\":\"WebPage\",\"@id\":\"https:\\\/\\\/perladesign.lt\\\/index.php\\\/product\\\/pirkiniu-krepsys-levanda\\\/\",\"url\":\"https:\\\/\\\/perladesign.lt\\\/index.php\\\/product\\\/pirkiniu-krepsys-levanda\\\/\",\"name\":\"Pirkini\u0173 krep\u0161ys \u201cLevanda\\\" - Perladesign\",\"isPartOf\":{\"@id\":\"https:\\\/\\\/perladesign.lt\\\/#website\"},\"primaryImageOfPage\":{\"@id\":\"https:\\\/\\\/perladesign.lt\\\/index.php\\\/product\\\/pirkiniu-krepsys-levanda\\\/#primaryimage\"},\"image\":{\"@id\":\"https:\\\/\\\/perladesign.lt\\\/index.php\\\/product\\\/pirkiniu-krepsys-levanda\\\/#primaryimage\"},\"thumbnailUrl\":\"https:\\\/\\\/i0.wp.com\\\/perladesign.lt\\\/wp-content\\\/uploads\\\/2021\\\/01\\\/maiselis-su-levandom.jpg?fit=1200%2C1800&ssl=1\",\"datePublished\":\"2021-01-29T13:48:03+00:00\",\"dateModified\":\"2021-01-29T13:51:02+00:00\",\"description\":\"Daugkartinio naudojimo pirkini\u0173 krep\u0161iai su J\u016bs\u0173 pasirinktu inicialu. Sud\u0117tis: 100% Medviln\u0117, itin patvar\u016bs. Daugiau dizain\u0173 rasite m\u016bs\u0173...\",\"breadcrumb\":{\"@id\":\"https:\\\/\\\/perladesign.lt\\\/index.php\\\/product\\\/pirkiniu-krepsys-levanda\\\/#breadcrumb\"},\"inLanguage\":\"lt-LT\",\"potentialAction\":[{\"@type\":\"ReadAction\",\"target\":[\"https:\\\/\\\/perladesign.lt\\\/index.php\\\/product\\\/pirkiniu-krepsys-levanda\\\/\"]}]},{\"@type\":\"ImageObject\",\"inLanguage\":\"lt-LT\",\"@id\":\"https:\\\/\\\/perladesign.lt\\\/index.php\\\/product\\\/pirkiniu-krepsys-levanda\\\/#primaryimage\",\"url\":\"https:\\\/\\\/i0.wp.com\\\/perladesign.lt\\\/wp-content\\\/uploads\\\/2021\\\/01\\\/maiselis-su-levandom.jpg?fit=1200%2C1800&ssl=1\",\"contentUrl\":\"https:\\\/\\\/i0.wp.com\\\/perladesign.lt\\\/wp-content\\\/uploads\\\/2021\\\/01\\\/maiselis-su-levandom.jpg?fit=1200%2C1800&ssl=1\",\"width\":1200,\"height\":1800,\"caption\":\"Vardinis pirkini\u0173 krep\u0161ys\"},{\"@type\":\"BreadcrumbList\",\"@id\":\"https:\\\/\\\/perladesign.lt\\\/index.php\\\/product\\\/pirkiniu-krepsys-levanda\\\/#breadcrumb\",\"itemListElement\":[{\"@type\":\"ListItem\",\"position\":1,\"name\":\"Home\",\"item\":\"https:\\\/\\\/perladesign.lt\\\/\"},{\"@type\":\"ListItem\",\"position\":2,\"name\":\"Parduotuv\u0117\",\"item\":\"https:\\\/\\\/perladesign.lt\\\/index.php\\\/parduotuve\\\/\"},{\"@type\":\"ListItem\",\"position\":3,\"name\":\"Pirkini\u0173 krep\u0161ys \u201cLevanda&#8221;\"}]},{\"@type\":\"WebSite\",\"@id\":\"https:\\\/\\\/perladesign.lt\\\/#website\",\"url\":\"https:\\\/\\\/perladesign.lt\\\/\",\"name\":\"Perladesign\",\"description\":\"\u0160alik\u0173, prijuos\u010di\u0173, skareli\u0173, rank\u0161luos\u010di\u0173, krep\u0161i\u0173 siuvin\u0117jimas su J\u016bs\u0173 pasirinktu tekstu. Galime i\u0161siuvin\u0117ti J\u016bs\u0173 pasirinkt\u0105 tekst\u0105...\",\"publisher\":{\"@id\":\"https:\\\/\\\/perladesign.lt\\\/#organization\"},\"potentialAction\":[{\"@type\":\"SearchAction\",\"target\":{\"@type\":\"EntryPoint\",\"urlTemplate\":\"https:\\\/\\\/perladesign.lt\\\/?s={search_term_string}\"},\"query-input\":{\"@type\":\"PropertyValueSpecification\",\"valueRequired\":true,\"valueName\":\"search_term_string\"}}],\"inLanguage\":\"lt-LT\"},{\"@type\":\"Organization\",\"@id\":\"https:\\\/\\\/perladesign.lt\\\/#organization\",\"name\":\"Perla Design\",\"url\":\"https:\\\/\\\/perladesign.lt\\\/\",\"logo\":{\"@type\":\"ImageObject\",\"inLanguage\":\"lt-LT\",\"@id\":\"https:\\\/\\\/perladesign.lt\\\/#\\\/schema\\\/logo\\\/image\\\/\",\"url\":\"https:\\\/\\\/i2.wp.com\\\/perladesign.lt\\\/wp-content\\\/uploads\\\/2020\\\/11\\\/653837f7-0560-4e97-9a0d-ebb396d3d8a2_200x200.png?fit=200%2C200&ssl=1\",\"contentUrl\":\"https:\\\/\\\/i2.wp.com\\\/perladesign.lt\\\/wp-content\\\/uploads\\\/2020\\\/11\\\/653837f7-0560-4e97-9a0d-ebb396d3d8a2_200x200.png?fit=200%2C200&ssl=1\",\"width\":200,\"height\":200,\"caption\":\"Perla Design\"},\"image\":{\"@id\":\"https:\\\/\\\/perladesign.lt\\\/#\\\/schema\\\/logo\\\/image\\\/\"},\"sameAs\":[\"https:\\\/\\\/www.facebook.com\\\/perlakaune\"]}]}<\/script>\n<!-- \/ Yoast SEO plugin. -->","yoast_head_json":{"title":"Pirkini\u0173 krep\u0161ys \u201cLevanda\" - Perladesign","description":"Daugkartinio naudojimo pirkini\u0173 krep\u0161iai su J\u016bs\u0173 pasirinktu inicialu. Sud\u0117tis: 100% Medviln\u0117, itin patvar\u016bs. Daugiau dizain\u0173 rasite m\u016bs\u0173...","robots":{"index":"index","follow":"follow","max-snippet":"max-snippet:-1","max-image-preview":"max-image-preview:large","max-video-preview":"max-video-preview:-1"},"canonical":"https:\/\/perladesign.lt\/index.php\/product\/pirkiniu-krepsys-levanda\/","og_locale":"lt_LT","og_type":"article","og_title":"Pirkini\u0173 krep\u0161ys \u201cLevanda\" - Perladesign","og_description":"Daugkartinio naudojimo pirkini\u0173 krep\u0161iai su J\u016bs\u0173 pasirinktu inicialu. Sud\u0117tis: 100% Medviln\u0117, itin patvar\u016bs. Daugiau dizain\u0173 rasite m\u016bs\u0173...","og_url":"https:\/\/perladesign.lt\/index.php\/product\/pirkiniu-krepsys-levanda\/","og_site_name":"Perladesign","article_publisher":"https:\/\/www.facebook.com\/perlakaune","article_modified_time":"2021-01-29T13:51:02+00:00","og_image":[{"width":1200,"height":1800,"url":"https:\/\/i1.wp.com\/perladesign.lt\/wp-content\/uploads\/2021\/01\/maiselis-su-levandom.jpg?fit=1200%2C1800&ssl=1","type":"image\/jpeg"}],"twitter_card":"summary_large_image","schema":{"@context":"https:\/\/schema.org","@graph":[{"@type":"WebPage","@id":"https:\/\/perladesign.lt\/index.php\/product\/pirkiniu-krepsys-levanda\/","url":"https:\/\/perladesign.lt\/index.php\/product\/pirkiniu-krepsys-levanda\/","name":"Pirkini\u0173 krep\u0161ys \u201cLevanda\" - Perladesign","isPartOf":{"@id":"https:\/\/perladesign.lt\/#website"},"primaryImageOfPage":{"@id":"https:\/\/perladesign.lt\/index.php\/product\/pirkiniu-krepsys-levanda\/#primaryimage"},"image":{"@id":"https:\/\/perladesign.lt\/index.php\/product\/pirkiniu-krepsys-levanda\/#primaryimage"},"thumbnailUrl":"https:\/\/i0.wp.com\/perladesign.lt\/wp-content\/uploads\/2021\/01\/maiselis-su-levandom.jpg?fit=1200%2C1800&ssl=1","datePublished":"2021-01-29T13:48:03+00:00","dateModified":"2021-01-29T13:51:02+00:00","description":"Daugkartinio naudojimo pirkini\u0173 krep\u0161iai su J\u016bs\u0173 pasirinktu inicialu. Sud\u0117tis: 100% Medviln\u0117, itin patvar\u016bs. Daugiau dizain\u0173 rasite m\u016bs\u0173...","breadcrumb":{"@id":"https:\/\/perladesign.lt\/index.php\/product\/pirkiniu-krepsys-levanda\/#breadcrumb"},"inLanguage":"lt-LT","potentialAction":[{"@type":"ReadAction","target":["https:\/\/perladesign.lt\/index.php\/product\/pirkiniu-krepsys-levanda\/"]}]},{"@type":"ImageObject","inLanguage":"lt-LT","@id":"https:\/\/perladesign.lt\/index.php\/product\/pirkiniu-krepsys-levanda\/#primaryimage","url":"https:\/\/i0.wp.com\/perladesign.lt\/wp-content\/uploads\/2021\/01\/maiselis-su-levandom.jpg?fit=1200%2C1800&ssl=1","contentUrl":"https:\/\/i0.wp.com\/perladesign.lt\/wp-content\/uploads\/2021\/01\/maiselis-su-levandom.jpg?fit=1200%2C1800&ssl=1","width":1200,"height":1800,"caption":"Vardinis pirkini\u0173 krep\u0161ys"},{"@type":"BreadcrumbList","@id":"https:\/\/perladesign.lt\/index.php\/product\/pirkiniu-krepsys-levanda\/#breadcrumb","itemListElement":[{"@type":"ListItem","position":1,"name":"Home","item":"https:\/\/perladesign.lt\/"},{"@type":"ListItem","position":2,"name":"Parduotuv\u0117","item":"https:\/\/perladesign.lt\/index.php\/parduotuve\/"},{"@type":"ListItem","position":3,"name":"Pirkini\u0173 krep\u0161ys \u201cLevanda&#8221;"}]},{"@type":"WebSite","@id":"https:\/\/perladesign.lt\/#website","url":"https:\/\/perladesign.lt\/","name":"Perladesign","description":"\u0160alik\u0173, prijuos\u010di\u0173, skareli\u0173, rank\u0161luos\u010di\u0173, krep\u0161i\u0173 siuvin\u0117jimas su J\u016bs\u0173 pasirinktu tekstu. Galime i\u0161siuvin\u0117ti J\u016bs\u0173 pasirinkt\u0105 tekst\u0105...","publisher":{"@id":"https:\/\/perladesign.lt\/#organization"},"potentialAction":[{"@type":"SearchAction","target":{"@type":"EntryPoint","urlTemplate":"https:\/\/perladesign.lt\/?s={search_term_string}"},"query-input":{"@type":"PropertyValueSpecification","valueRequired":true,"valueName":"search_term_string"}}],"inLanguage":"lt-LT"},{"@type":"Organization","@id":"https:\/\/perladesign.lt\/#organization","name":"Perla Design","url":"https:\/\/perladesign.lt\/","logo":{"@type":"ImageObject","inLanguage":"lt-LT","@id":"https:\/\/perladesign.lt\/#\/schema\/logo\/image\/","url":"https:\/\/i2.wp.com\/perladesign.lt\/wp-content\/uploads\/2020\/11\/653837f7-0560-4e97-9a0d-ebb396d3d8a2_200x200.png?fit=200%2C200&ssl=1","contentUrl":"https:\/\/i2.wp.com\/perladesign.lt\/wp-content\/uploads\/2020\/11\/653837f7-0560-4e97-9a0d-ebb396d3d8a2_200x200.png?fit=200%2C200&ssl=1","width":200,"height":200,"caption":"Perla Design"},"image":{"@id":"https:\/\/perladesign.lt\/#\/schema\/logo\/image\/"},"sameAs":["https:\/\/www.facebook.com\/perlakaune"]}]}},"jetpack_sharing_enabled":true,"wcpa_form_fields":null,"_links":{"self":[{"href":"https:\/\/perladesign.lt\/index.php\/wp-json\/wp\/v2\/product\/4274","targetHints":{"allow":["GET"]}}],"collection":[{"href":"https:\/\/perladesign.lt\/index.php\/wp-json\/wp\/v2\/product"}],"about":[{"href":"https:\/\/perladesign.lt\/index.php\/wp-json\/wp\/v2\/types\/product"}],"wp:featuredmedia":[{"embeddable":true,"href":"https:\/\/perladesign.lt\/index.php\/wp-json\/wp\/v2\/media\/4293"}],"wp:attachment":[{"href":"https:\/\/perladesign.lt\/index.php\/wp-json\/wp\/v2\/media?parent=4274"}],"wp:term":[{"taxonomy":"product_brand","embeddable":true,"href":"https:\/\/perladesign.lt\/index.php\/wp-json\/wp\/v2\/product_brand?post=4274"},{"taxonomy":"product_cat","embeddable":true,"href":"https:\/\/perladesign.lt\/index.php\/wp-json\/wp\/v2\/product_cat?post=4274"},{"taxonomy":"product_tag","embeddable":true,"href":"https:\/\/perladesign.lt\/index.php\/wp-json\/wp\/v2\/product_tag?post=4274"}],"curies":[{"name":"wp","href":"https:\/\/api.w.org\/{rel}","templated":true}]}}