{"id":2511,"date":"2020-11-30T13:43:51","date_gmt":"2020-11-30T11:43:51","guid":{"rendered":"http:\/\/perladesign.lt\/?post_type=product&#038;p=2511"},"modified":"2024-12-19T14:31:06","modified_gmt":"2024-12-19T12:31:06","slug":"spalvotas-salikas-su-inicialu","status":"publish","type":"product","link":"https:\/\/perladesign.lt\/index.php\/product\/spalvotas-salikas-su-inicialu\/","title":{"rendered":"Spalvotas \u0161alikas su inicialu"},"content":{"rendered":"<p style=\"text-align: center;\">Visi m\u0117gstame dovanas, ypa\u010d tas, kurios yra asmenin\u0117s, i\u0161skirtin\u0117s ir sukurtos su meile\u2026 J\u016bs i\u0161sirinkite, o mes i\u0161pildysime J\u016bs\u0173 u\u017esakym\u0105 per 2-5 d.d.\u00a0<img decoding=\"async\" class=\"emoji lazyload\" role=\"img\" draggable=\"false\" data-src=\"https:\/\/s.w.org\/images\/core\/emoji\/13.0.0\/svg\/1f4e6.svg\" alt=\"\ud83d\udce6\" src=\"data:image\/svg+xml;base64,PHN2ZyB3aWR0aD0iMSIgaGVpZ2h0PSIxIiB4bWxucz0iaHR0cDovL3d3dy53My5vcmcvMjAwMC9zdmciPjwvc3ZnPg==\" \/><\/p>\n<p style=\"text-align: center;\">\u00a0Jauk\u016bs ir \u0161ilti spalvoti \u0161alikai. Atspalvius \u017ei\u016br\u0117ti nuotraukoje.<\/p>\n<p style=\"text-align: center;\">\u0160alik\u0173 dydis: 180*70 cm<br \/>\nSud\u0117tis: 70% Viskoz\u0117, 30% Vilna.<\/p>\n<p style=\"text-align: center;\">\n","protected":false},"excerpt":{"rendered":"<ol>\n<li><\/li>\n<\/ol>\n","protected":false},"featured_media":3288,"template":"","meta":[],"product_brand":[],"product_cat":[43,34,44],"product_tag":[28,25,27,29,32,23,33,24,31],"class_list":{"0":"post-2511","1":"product","2":"type-product","3":"status-publish","4":"has-post-thumbnail","6":"product_cat-parduotuve","7":"product_cat-salikas-su-inicialu","8":"product_cat-vardiniai-salikai","9":"product_tag-dovanadraugei","10":"product_tag-dovanakaledoms","11":"product_tag-dovanamamai","12":"product_tag-dovanamociutei","13":"product_tag-dovanuidejos","14":"product_tag-salikai","15":"product_tag-salikasusinicialu","16":"product_tag-vardiniaisalikai","17":"product_tag-vardinissalikas","18":"wcpa_has_options","20":"first","21":"outofstock","22":"taxable","23":"shipping-taxable","24":"purchasable","25":"product-type-variable"},"yoast_head":"<!-- This site is optimized with the Yoast SEO plugin v27.4 - https:\/\/yoast.com\/product\/yoast-seo-wordpress\/ -->\n<title>Spalvotas \u0161alikas su inicialu - Perladesign<\/title>\n<meta name=\"description\" content=\"Vardiniai siuvin\u0117ti \u0161alikai su J\u016bs\u0173 pasirinktu vardu, inicialu ar monograma. Tai puiki dovana mamai, draugei, sesei ar tiesiog sau...\" \/>\n<meta name=\"robots\" content=\"index, follow, max-snippet:-1, max-image-preview:large, max-video-preview:-1\" \/>\n<link rel=\"canonical\" href=\"https:\/\/perladesign.lt\/index.php\/product\/spalvotas-salikas-su-inicialu\/\" \/>\n<meta property=\"og:locale\" content=\"lt_LT\" \/>\n<meta property=\"og:type\" content=\"article\" \/>\n<meta property=\"og:title\" content=\"Spalvotas \u0161alikas su inicialu - Perladesign\" \/>\n<meta property=\"og:description\" content=\"Vardiniai siuvin\u0117ti \u0161alikai su J\u016bs\u0173 pasirinktu vardu, inicialu ar monograma. Tai puiki dovana mamai, draugei, sesei ar tiesiog sau...\" \/>\n<meta property=\"og:url\" content=\"https:\/\/perladesign.lt\/index.php\/product\/spalvotas-salikas-su-inicialu\/\" \/>\n<meta property=\"og:site_name\" content=\"Perladesign\" \/>\n<meta property=\"article:publisher\" content=\"https:\/\/www.facebook.com\/perlakaune\" \/>\n<meta property=\"article:modified_time\" content=\"2024-12-19T12:31:06+00:00\" \/>\n<meta property=\"og:image\" content=\"http:\/\/perladesign.lt\/wp-content\/uploads\/2020\/11\/k-inicialas-1-scaled.jpg\" \/>\n\t<meta property=\"og:image:width\" content=\"1707\" \/>\n\t<meta property=\"og:image:height\" content=\"2560\" \/>\n\t<meta property=\"og:image:type\" content=\"image\/jpeg\" \/>\n<meta name=\"twitter:card\" content=\"summary_large_image\" \/>\n<meta name=\"twitter:label1\" content=\"Est. reading time\" \/>\n\t<meta name=\"twitter:data1\" content=\"1 minut\u0117\" \/>\n<script type=\"application\/ld+json\" class=\"yoast-schema-graph\">{\"@context\":\"https:\\\/\\\/schema.org\",\"@graph\":[{\"@type\":\"WebPage\",\"@id\":\"https:\\\/\\\/perladesign.lt\\\/index.php\\\/product\\\/spalvotas-salikas-su-inicialu\\\/\",\"url\":\"https:\\\/\\\/perladesign.lt\\\/index.php\\\/product\\\/spalvotas-salikas-su-inicialu\\\/\",\"name\":\"Spalvotas \u0161alikas su inicialu - Perladesign\",\"isPartOf\":{\"@id\":\"https:\\\/\\\/perladesign.lt\\\/#website\"},\"primaryImageOfPage\":{\"@id\":\"https:\\\/\\\/perladesign.lt\\\/index.php\\\/product\\\/spalvotas-salikas-su-inicialu\\\/#primaryimage\"},\"image\":{\"@id\":\"https:\\\/\\\/perladesign.lt\\\/index.php\\\/product\\\/spalvotas-salikas-su-inicialu\\\/#primaryimage\"},\"thumbnailUrl\":\"https:\\\/\\\/i0.wp.com\\\/perladesign.lt\\\/wp-content\\\/uploads\\\/2020\\\/11\\\/k-inicialas-1-scaled.jpg?fit=1707%2C2560&ssl=1\",\"datePublished\":\"2020-11-30T11:43:51+00:00\",\"dateModified\":\"2024-12-19T12:31:06+00:00\",\"description\":\"Vardiniai siuvin\u0117ti \u0161alikai su J\u016bs\u0173 pasirinktu vardu, inicialu ar monograma. Tai puiki dovana mamai, draugei, sesei ar tiesiog sau...\",\"breadcrumb\":{\"@id\":\"https:\\\/\\\/perladesign.lt\\\/index.php\\\/product\\\/spalvotas-salikas-su-inicialu\\\/#breadcrumb\"},\"inLanguage\":\"lt-LT\",\"potentialAction\":[{\"@type\":\"ReadAction\",\"target\":[\"https:\\\/\\\/perladesign.lt\\\/index.php\\\/product\\\/spalvotas-salikas-su-inicialu\\\/\"]}]},{\"@type\":\"ImageObject\",\"inLanguage\":\"lt-LT\",\"@id\":\"https:\\\/\\\/perladesign.lt\\\/index.php\\\/product\\\/spalvotas-salikas-su-inicialu\\\/#primaryimage\",\"url\":\"https:\\\/\\\/i0.wp.com\\\/perladesign.lt\\\/wp-content\\\/uploads\\\/2020\\\/11\\\/k-inicialas-1-scaled.jpg?fit=1707%2C2560&ssl=1\",\"contentUrl\":\"https:\\\/\\\/i0.wp.com\\\/perladesign.lt\\\/wp-content\\\/uploads\\\/2020\\\/11\\\/k-inicialas-1-scaled.jpg?fit=1707%2C2560&ssl=1\",\"width\":1707,\"height\":2560,\"caption\":\"Spalvotas \u0161alikas\"},{\"@type\":\"BreadcrumbList\",\"@id\":\"https:\\\/\\\/perladesign.lt\\\/index.php\\\/product\\\/spalvotas-salikas-su-inicialu\\\/#breadcrumb\",\"itemListElement\":[{\"@type\":\"ListItem\",\"position\":1,\"name\":\"Home\",\"item\":\"https:\\\/\\\/perladesign.lt\\\/\"},{\"@type\":\"ListItem\",\"position\":2,\"name\":\"Parduotuv\u0117\",\"item\":\"https:\\\/\\\/perladesign.lt\\\/index.php\\\/parduotuve\\\/\"},{\"@type\":\"ListItem\",\"position\":3,\"name\":\"Spalvotas \u0161alikas su inicialu\"}]},{\"@type\":\"WebSite\",\"@id\":\"https:\\\/\\\/perladesign.lt\\\/#website\",\"url\":\"https:\\\/\\\/perladesign.lt\\\/\",\"name\":\"Perladesign\",\"description\":\"\u0160alik\u0173, prijuos\u010di\u0173, skareli\u0173, rank\u0161luos\u010di\u0173, krep\u0161i\u0173 siuvin\u0117jimas su J\u016bs\u0173 pasirinktu tekstu. Galime i\u0161siuvin\u0117ti J\u016bs\u0173 pasirinkt\u0105 tekst\u0105...\",\"publisher\":{\"@id\":\"https:\\\/\\\/perladesign.lt\\\/#organization\"},\"potentialAction\":[{\"@type\":\"SearchAction\",\"target\":{\"@type\":\"EntryPoint\",\"urlTemplate\":\"https:\\\/\\\/perladesign.lt\\\/?s={search_term_string}\"},\"query-input\":{\"@type\":\"PropertyValueSpecification\",\"valueRequired\":true,\"valueName\":\"search_term_string\"}}],\"inLanguage\":\"lt-LT\"},{\"@type\":\"Organization\",\"@id\":\"https:\\\/\\\/perladesign.lt\\\/#organization\",\"name\":\"Perla Design\",\"url\":\"https:\\\/\\\/perladesign.lt\\\/\",\"logo\":{\"@type\":\"ImageObject\",\"inLanguage\":\"lt-LT\",\"@id\":\"https:\\\/\\\/perladesign.lt\\\/#\\\/schema\\\/logo\\\/image\\\/\",\"url\":\"https:\\\/\\\/i2.wp.com\\\/perladesign.lt\\\/wp-content\\\/uploads\\\/2020\\\/11\\\/653837f7-0560-4e97-9a0d-ebb396d3d8a2_200x200.png?fit=200%2C200&ssl=1\",\"contentUrl\":\"https:\\\/\\\/i2.wp.com\\\/perladesign.lt\\\/wp-content\\\/uploads\\\/2020\\\/11\\\/653837f7-0560-4e97-9a0d-ebb396d3d8a2_200x200.png?fit=200%2C200&ssl=1\",\"width\":200,\"height\":200,\"caption\":\"Perla Design\"},\"image\":{\"@id\":\"https:\\\/\\\/perladesign.lt\\\/#\\\/schema\\\/logo\\\/image\\\/\"},\"sameAs\":[\"https:\\\/\\\/www.facebook.com\\\/perlakaune\"]}]}<\/script>\n<!-- \/ Yoast SEO plugin. -->","yoast_head_json":{"title":"Spalvotas \u0161alikas su inicialu - Perladesign","description":"Vardiniai siuvin\u0117ti \u0161alikai su J\u016bs\u0173 pasirinktu vardu, inicialu ar monograma. Tai puiki dovana mamai, draugei, sesei ar tiesiog sau...","robots":{"index":"index","follow":"follow","max-snippet":"max-snippet:-1","max-image-preview":"max-image-preview:large","max-video-preview":"max-video-preview:-1"},"canonical":"https:\/\/perladesign.lt\/index.php\/product\/spalvotas-salikas-su-inicialu\/","og_locale":"lt_LT","og_type":"article","og_title":"Spalvotas \u0161alikas su inicialu - Perladesign","og_description":"Vardiniai siuvin\u0117ti \u0161alikai su J\u016bs\u0173 pasirinktu vardu, inicialu ar monograma. Tai puiki dovana mamai, draugei, sesei ar tiesiog sau...","og_url":"https:\/\/perladesign.lt\/index.php\/product\/spalvotas-salikas-su-inicialu\/","og_site_name":"Perladesign","article_publisher":"https:\/\/www.facebook.com\/perlakaune","article_modified_time":"2024-12-19T12:31:06+00:00","og_image":[{"width":1707,"height":2560,"url":"http:\/\/perladesign.lt\/wp-content\/uploads\/2020\/11\/k-inicialas-1-scaled.jpg","type":"image\/jpeg"}],"twitter_card":"summary_large_image","twitter_misc":{"Est. reading time":"1 minut\u0117"},"schema":{"@context":"https:\/\/schema.org","@graph":[{"@type":"WebPage","@id":"https:\/\/perladesign.lt\/index.php\/product\/spalvotas-salikas-su-inicialu\/","url":"https:\/\/perladesign.lt\/index.php\/product\/spalvotas-salikas-su-inicialu\/","name":"Spalvotas \u0161alikas su inicialu - Perladesign","isPartOf":{"@id":"https:\/\/perladesign.lt\/#website"},"primaryImageOfPage":{"@id":"https:\/\/perladesign.lt\/index.php\/product\/spalvotas-salikas-su-inicialu\/#primaryimage"},"image":{"@id":"https:\/\/perladesign.lt\/index.php\/product\/spalvotas-salikas-su-inicialu\/#primaryimage"},"thumbnailUrl":"https:\/\/i0.wp.com\/perladesign.lt\/wp-content\/uploads\/2020\/11\/k-inicialas-1-scaled.jpg?fit=1707%2C2560&ssl=1","datePublished":"2020-11-30T11:43:51+00:00","dateModified":"2024-12-19T12:31:06+00:00","description":"Vardiniai siuvin\u0117ti \u0161alikai su J\u016bs\u0173 pasirinktu vardu, inicialu ar monograma. Tai puiki dovana mamai, draugei, sesei ar tiesiog sau...","breadcrumb":{"@id":"https:\/\/perladesign.lt\/index.php\/product\/spalvotas-salikas-su-inicialu\/#breadcrumb"},"inLanguage":"lt-LT","potentialAction":[{"@type":"ReadAction","target":["https:\/\/perladesign.lt\/index.php\/product\/spalvotas-salikas-su-inicialu\/"]}]},{"@type":"ImageObject","inLanguage":"lt-LT","@id":"https:\/\/perladesign.lt\/index.php\/product\/spalvotas-salikas-su-inicialu\/#primaryimage","url":"https:\/\/i0.wp.com\/perladesign.lt\/wp-content\/uploads\/2020\/11\/k-inicialas-1-scaled.jpg?fit=1707%2C2560&ssl=1","contentUrl":"https:\/\/i0.wp.com\/perladesign.lt\/wp-content\/uploads\/2020\/11\/k-inicialas-1-scaled.jpg?fit=1707%2C2560&ssl=1","width":1707,"height":2560,"caption":"Spalvotas \u0161alikas"},{"@type":"BreadcrumbList","@id":"https:\/\/perladesign.lt\/index.php\/product\/spalvotas-salikas-su-inicialu\/#breadcrumb","itemListElement":[{"@type":"ListItem","position":1,"name":"Home","item":"https:\/\/perladesign.lt\/"},{"@type":"ListItem","position":2,"name":"Parduotuv\u0117","item":"https:\/\/perladesign.lt\/index.php\/parduotuve\/"},{"@type":"ListItem","position":3,"name":"Spalvotas \u0161alikas su inicialu"}]},{"@type":"WebSite","@id":"https:\/\/perladesign.lt\/#website","url":"https:\/\/perladesign.lt\/","name":"Perladesign","description":"\u0160alik\u0173, prijuos\u010di\u0173, skareli\u0173, rank\u0161luos\u010di\u0173, krep\u0161i\u0173 siuvin\u0117jimas su J\u016bs\u0173 pasirinktu tekstu. Galime i\u0161siuvin\u0117ti J\u016bs\u0173 pasirinkt\u0105 tekst\u0105...","publisher":{"@id":"https:\/\/perladesign.lt\/#organization"},"potentialAction":[{"@type":"SearchAction","target":{"@type":"EntryPoint","urlTemplate":"https:\/\/perladesign.lt\/?s={search_term_string}"},"query-input":{"@type":"PropertyValueSpecification","valueRequired":true,"valueName":"search_term_string"}}],"inLanguage":"lt-LT"},{"@type":"Organization","@id":"https:\/\/perladesign.lt\/#organization","name":"Perla Design","url":"https:\/\/perladesign.lt\/","logo":{"@type":"ImageObject","inLanguage":"lt-LT","@id":"https:\/\/perladesign.lt\/#\/schema\/logo\/image\/","url":"https:\/\/i2.wp.com\/perladesign.lt\/wp-content\/uploads\/2020\/11\/653837f7-0560-4e97-9a0d-ebb396d3d8a2_200x200.png?fit=200%2C200&ssl=1","contentUrl":"https:\/\/i2.wp.com\/perladesign.lt\/wp-content\/uploads\/2020\/11\/653837f7-0560-4e97-9a0d-ebb396d3d8a2_200x200.png?fit=200%2C200&ssl=1","width":200,"height":200,"caption":"Perla Design"},"image":{"@id":"https:\/\/perladesign.lt\/#\/schema\/logo\/image\/"},"sameAs":["https:\/\/www.facebook.com\/perlakaune"]}]}},"jetpack_sharing_enabled":true,"wcpa_form_fields":{"wcpaData":{"product":{"product_price":39,"price_html":"<span class=\"woocommerce-Price-amount amount\" aria-hidden=\"true\"><bdi><span class=\"woocommerce-Price-currencySymbol\">&euro;<\/span>39,00<\/bdi><\/span> <span aria-hidden=\"true\">&ndash;<\/span> <span class=\"woocommerce-Price-amount amount\" aria-hidden=\"true\"><bdi><span class=\"woocommerce-Price-currencySymbol\">&euro;<\/span>43,80<\/bdi><\/span><span class=\"screen-reader-text\">Price range: &euro;39,00 through &euro;43,80<\/span>","original_product_price":39,"price_including_tax":39,"price_excluding_tax":39,"product_id":{"parent":2511,"variation":false},"is_variable":true,"stock_status":"outofstock","stock_quantity":null,"parent_sku":"","product_attributes":{"sudetis":{"is_variation":false,"values":["70% Viskoz\u0117, 30% Vilna."]},"dydis":{"is_variation":false,"values":["180*70 cm"]},"prieziura":{"is_variation":false,"values":["Skalbti rankomis, ned\u017eiovinti d\u017eiovykloje."]},"spalva":{"is_variation":true,"values":[]},"papuosti-swarovski-kristalu":{"is_variation":true,"values":[]}},"custom_fields":[],"is_taxable":true,"product_name":"Spalvotas \u0161alikas su inicialu","hasImage":false},"fields":{"sec_165719a628936e":{"extra":{"key":"sec_165719a628936e","section_id":"sec_165719a628936e","name":"Default","status":1,"cl_rule":"show","enableCl":false,"relations":[],"toggle":true,"title_tag":"h3","show_title":false,"showPrice":"default","form_id":4346,"form_rules":{"exclude_from_discount":false,"fee_label":"Fee","disp_hide_options_price":false,"disp_show_section_price":false,"disp_show_field_price":true,"layout_option":"standard","pric_use_as_fee":false,"process_fee_as":"woo_fee"},"layout_option":"standard"},"fields":[[{"type":"select","elementId":"wcpa-select-1612013114625","label":"Dovan\u0173 d\u0117\u017eut\u0117:","enablePrice":true,"priceOptions":"different_for_all","pricingType":"fixed","name":"select-1612013114625","cl_rule":"show","col":6,"values":[{"label":"Be d\u0117\u017eut\u0117s","value":"Be d\u0117\u017eut\u0117s","price":"0,00","pimage":"","pimage_id":"","pthumb":"","gt_translate_keys":["label"]},{"label":"Su dovan\u0173 d\u0117\u017eute","value":"Su dovan\u0173 d\u0117\u017eute","price":"4,89","pimage":"","pimage_id":"","pthumb":"","gt_translate_keys":["label"]}],"relations":false,"price":0,"active":true,"tooltip":"","dropdown_type":"basic","error":false,"gt_translate_keys":["label","tooltip"],"price_dependency":false,"cl_dependency":false,"value":""}]]},"sec_869eaf5daa51ed":{"extra":{"key":"sec_869eaf5daa51ed","section_id":"sec_869eaf5daa51ed","name":"Default","status":1,"cl_rule":"show","enableCl":false,"relations":[],"toggle":true,"title_tag":"h3","show_title":false,"showPrice":"default","form_id":2858,"form_rules":{"exclude_from_discount":false,"fee_label":"Fee","disp_hide_options_price":false,"disp_show_section_price":false,"disp_show_field_price":true,"layout_option":"standard","pric_use_as_fee":false,"process_fee_as":"woo_fee"},"layout_option":"standard"},"fields":[[{"type":"textarea","required":true,"elementId":"wcpa-textarea-1607428644630","label":"\u012era\u0161ykite inicial\u0105:","pricingType":"fixed","className":"form-control","name":"textarea-1607428644630","maxlength":"2","cl_rule":"show","col":6,"relations":false,"active":true,"tooltip":"","gt_translate_keys":["label","tooltip"],"price_dependency":false,"cl_dependency":false,"value":""}]]}},"config":{"price_override":"","enable_recaptcha":false,"bind_quantity":false,"quantity_bind_formula":false,"disp_summ_show_option_price":true,"disp_summ_show_product_price":true,"disp_summ_show_total_price":true,"disp_summ_show_fee":false,"disp_summ_show_discount":false,"summary_title":"","options_total_label":"Papildomi pasirinkimai","total_label":"Galutin\u0117 kaina","options_product_label":"Produkto kaina","fee_label":"Fee","discount_label":"Discount","has_price":true,"has_quantity_formula":false},"mc_unit":1,"tax_rate":1,"tax_rate_real":0,"discount":{"percentage":0,"fixed":0},"design":{"conf":{"LabelPosition":"above","DescPosition":"above","UploadField":"custom_1","QuantityFieldStyle":"default"},"css":{"LeftLabelWidth":"120px"}},"formulas":[],"lookuptables":[],"clones":false,"cartKey":false}},"_links":{"self":[{"href":"https:\/\/perladesign.lt\/index.php\/wp-json\/wp\/v2\/product\/2511","targetHints":{"allow":["GET"]}}],"collection":[{"href":"https:\/\/perladesign.lt\/index.php\/wp-json\/wp\/v2\/product"}],"about":[{"href":"https:\/\/perladesign.lt\/index.php\/wp-json\/wp\/v2\/types\/product"}],"wp:featuredmedia":[{"embeddable":true,"href":"https:\/\/perladesign.lt\/index.php\/wp-json\/wp\/v2\/media\/3288"}],"wp:attachment":[{"href":"https:\/\/perladesign.lt\/index.php\/wp-json\/wp\/v2\/media?parent=2511"}],"wp:term":[{"taxonomy":"product_brand","embeddable":true,"href":"https:\/\/perladesign.lt\/index.php\/wp-json\/wp\/v2\/product_brand?post=2511"},{"taxonomy":"product_cat","embeddable":true,"href":"https:\/\/perladesign.lt\/index.php\/wp-json\/wp\/v2\/product_cat?post=2511"},{"taxonomy":"product_tag","embeddable":true,"href":"https:\/\/perladesign.lt\/index.php\/wp-json\/wp\/v2\/product_tag?post=2511"}],"curies":[{"name":"wp","href":"https:\/\/api.w.org\/{rel}","templated":true}]}}