{"id":2422,"date":"2020-11-27T16:13:54","date_gmt":"2020-11-27T14:13:54","guid":{"rendered":"http:\/\/perladesign.lt\/?post_type=product&#038;p=2422"},"modified":"2021-01-27T15:25:36","modified_gmt":"2021-01-27T13:25:36","slug":"veido-kauke-emoji","status":"publish","type":"product","link":"https:\/\/perladesign.lt\/index.php\/product\/veido-kauke-emoji\/","title":{"rendered":"Veido kauk\u0117 \/ Emoji"},"content":{"rendered":"<p><span class=\"\">Kauk\u0117 susideda i\u0161 trij\u0173 sluoksni\u0173: 100% medviln\u0117s, hipoalerginio ir viskoz\u0117s. \u00a0Viduje ji turi speciali\u0105 viel\u0105, kuri padeda kaukei geriau prisitaikyti prie veido formos ir elastingus aus\u0173 tvirtinimus. D\u0117l didelio oro pralaidumo audinys leid\u017eia lengvai kv\u0117puoti, i\u0161laikant apsaug\u0105. \u00a0 \u00a0<\/span><\/p>\n<p><span class=\"\">Kauk\u0117 yra daugkartinio naudojimo.<\/span><\/p>\n<div class=\"\">\n<p><span class=\"\">Rekomenduojama skalbti rankomis ir lyginti lygintuvu, kurio temperat\u016bra yra 120 laipsni\u0173.\u00a0<\/span><\/p>\n<div class=\"\"><span class=\"\">Filtruojantis neaustinis audinys turi OEKO -TEX sertifikat\u0105 \u2013 100 standart\u0105, ZHNO 051950 TEXTEX, kur\u012f i\u0161duoda \u0160veicarijoje \u012fsik\u016brusi Tarptautin\u0117 tekstil\u0117s ir odos ekologijos srities tyrim\u0173 ir bandym\u0173 asociacija. Produktuose, kuriems suteiktas \u0161is \u017eenklas, n\u0117ra kenksming\u0173 med\u017eiag\u0173.<\/span><\/div>\n<\/div>\n","protected":false},"excerpt":{"rendered":"<p>Kauk\u0117 susideda i\u0161 trij\u0173 sluoksni\u0173: 100% medviln\u0117s, hipoalerginio ir viskoz\u0117s. \u00a0Viduje ji turi speciali\u0105 viel\u0105, kuri padeda kaukei geriau prisitaikyti prie veido formos ir elastingus aus\u0173 tvirtinimus. D\u0117l didelio oro pralaidumo audinys leid\u017eia lengvai kv\u0117puoti, i\u0161laikant apsaug\u0105.<\/p>\n","protected":false},"featured_media":4144,"template":"","meta":[],"product_brand":[],"product_cat":[15],"product_tag":[37,39,41],"class_list":{"0":"post-2422","1":"product","2":"type-product","3":"status-publish","4":"has-post-thumbnail","6":"product_cat-uncategorized","7":"product_tag-apsaugineveidokauke","8":"product_tag-veido-kauke","9":"product_tag-veido-kauke-su-kristalais","11":"first","12":"outofstock","13":"taxable","14":"shipping-taxable","15":"purchasable","16":"product-type-variable"},"yoast_head":"<!-- This site is optimized with the Yoast SEO plugin v27.3 - https:\/\/yoast.com\/product\/yoast-seo-wordpress\/ -->\n<title>Veido kauk\u0117 \/ Emoji - Perladesign<\/title>\n<meta name=\"description\" content=\"\u0160alik\u0173, prijuos\u010di\u0173, skareli\u0173, rank\u0161luos\u010di\u0173, krep\u0161i\u0173 siuvin\u0117jimas su J\u016bs\u0173 pasirinktu tekstu. Galime i\u0161siuvin\u0117ti J\u016bs\u0173 pasirinkt\u0105 tekst\u0105...\" \/>\n<meta name=\"robots\" content=\"index, follow, max-snippet:-1, max-image-preview:large, max-video-preview:-1\" \/>\n<link rel=\"canonical\" href=\"https:\/\/perladesign.lt\/index.php\/product\/veido-kauke-emoji\/\" \/>\n<meta property=\"og:locale\" content=\"lt_LT\" \/>\n<meta property=\"og:type\" content=\"article\" \/>\n<meta property=\"og:title\" content=\"Veido kauk\u0117 \/ Emoji - Perladesign\" \/>\n<meta property=\"og:description\" content=\"\u0160alik\u0173, prijuos\u010di\u0173, skareli\u0173, rank\u0161luos\u010di\u0173, krep\u0161i\u0173 siuvin\u0117jimas su J\u016bs\u0173 pasirinktu tekstu. Galime i\u0161siuvin\u0117ti J\u016bs\u0173 pasirinkt\u0105 tekst\u0105...\" \/>\n<meta property=\"og:url\" content=\"https:\/\/perladesign.lt\/index.php\/product\/veido-kauke-emoji\/\" \/>\n<meta property=\"og:site_name\" content=\"Perladesign\" \/>\n<meta property=\"article:publisher\" content=\"https:\/\/www.facebook.com\/perlakaune\" \/>\n<meta property=\"article:modified_time\" content=\"2021-01-27T13:25:36+00:00\" \/>\n<meta property=\"og:image\" content=\"https:\/\/i0.wp.com\/perladesign.lt\/wp-content\/uploads\/2020\/11\/collagse.jpg?fit=1707%2C2560&ssl=1\" \/>\n\t<meta property=\"og:image:width\" content=\"1707\" \/>\n\t<meta property=\"og:image:height\" content=\"2560\" \/>\n\t<meta property=\"og:image:type\" content=\"image\/jpeg\" \/>\n<meta name=\"twitter:card\" content=\"summary_large_image\" \/>\n<script type=\"application\/ld+json\" class=\"yoast-schema-graph\">{\"@context\":\"https:\\\/\\\/schema.org\",\"@graph\":[{\"@type\":\"WebPage\",\"@id\":\"https:\\\/\\\/perladesign.lt\\\/index.php\\\/product\\\/veido-kauke-emoji\\\/\",\"url\":\"https:\\\/\\\/perladesign.lt\\\/index.php\\\/product\\\/veido-kauke-emoji\\\/\",\"name\":\"Veido kauk\u0117 \\\/ Emoji - Perladesign\",\"isPartOf\":{\"@id\":\"https:\\\/\\\/perladesign.lt\\\/#website\"},\"primaryImageOfPage\":{\"@id\":\"https:\\\/\\\/perladesign.lt\\\/index.php\\\/product\\\/veido-kauke-emoji\\\/#primaryimage\"},\"image\":{\"@id\":\"https:\\\/\\\/perladesign.lt\\\/index.php\\\/product\\\/veido-kauke-emoji\\\/#primaryimage\"},\"thumbnailUrl\":\"https:\\\/\\\/i0.wp.com\\\/perladesign.lt\\\/wp-content\\\/uploads\\\/2020\\\/11\\\/collagse.jpg?fit=1707%2C2560&ssl=1\",\"datePublished\":\"2020-11-27T14:13:54+00:00\",\"dateModified\":\"2021-01-27T13:25:36+00:00\",\"description\":\"\u0160alik\u0173, prijuos\u010di\u0173, skareli\u0173, rank\u0161luos\u010di\u0173, krep\u0161i\u0173 siuvin\u0117jimas su J\u016bs\u0173 pasirinktu tekstu. Galime i\u0161siuvin\u0117ti J\u016bs\u0173 pasirinkt\u0105 tekst\u0105...\",\"breadcrumb\":{\"@id\":\"https:\\\/\\\/perladesign.lt\\\/index.php\\\/product\\\/veido-kauke-emoji\\\/#breadcrumb\"},\"inLanguage\":\"lt-LT\",\"potentialAction\":[{\"@type\":\"ReadAction\",\"target\":[\"https:\\\/\\\/perladesign.lt\\\/index.php\\\/product\\\/veido-kauke-emoji\\\/\"]}]},{\"@type\":\"ImageObject\",\"inLanguage\":\"lt-LT\",\"@id\":\"https:\\\/\\\/perladesign.lt\\\/index.php\\\/product\\\/veido-kauke-emoji\\\/#primaryimage\",\"url\":\"https:\\\/\\\/i0.wp.com\\\/perladesign.lt\\\/wp-content\\\/uploads\\\/2020\\\/11\\\/collagse.jpg?fit=1707%2C2560&ssl=1\",\"contentUrl\":\"https:\\\/\\\/i0.wp.com\\\/perladesign.lt\\\/wp-content\\\/uploads\\\/2020\\\/11\\\/collagse.jpg?fit=1707%2C2560&ssl=1\",\"width\":1707,\"height\":2560,\"caption\":\"Veido kauk\u0117 \\\"Smile\\\"\"},{\"@type\":\"BreadcrumbList\",\"@id\":\"https:\\\/\\\/perladesign.lt\\\/index.php\\\/product\\\/veido-kauke-emoji\\\/#breadcrumb\",\"itemListElement\":[{\"@type\":\"ListItem\",\"position\":1,\"name\":\"Home\",\"item\":\"https:\\\/\\\/perladesign.lt\\\/\"},{\"@type\":\"ListItem\",\"position\":2,\"name\":\"Parduotuv\u0117\",\"item\":\"https:\\\/\\\/perladesign.lt\\\/index.php\\\/parduotuve\\\/\"},{\"@type\":\"ListItem\",\"position\":3,\"name\":\"Veido kauk\u0117 \\\/ Emoji\"}]},{\"@type\":\"WebSite\",\"@id\":\"https:\\\/\\\/perladesign.lt\\\/#website\",\"url\":\"https:\\\/\\\/perladesign.lt\\\/\",\"name\":\"Perladesign\",\"description\":\"\u0160alik\u0173, prijuos\u010di\u0173, skareli\u0173, rank\u0161luos\u010di\u0173, krep\u0161i\u0173 siuvin\u0117jimas su J\u016bs\u0173 pasirinktu tekstu. Galime i\u0161siuvin\u0117ti J\u016bs\u0173 pasirinkt\u0105 tekst\u0105...\",\"publisher\":{\"@id\":\"https:\\\/\\\/perladesign.lt\\\/#organization\"},\"potentialAction\":[{\"@type\":\"SearchAction\",\"target\":{\"@type\":\"EntryPoint\",\"urlTemplate\":\"https:\\\/\\\/perladesign.lt\\\/?s={search_term_string}\"},\"query-input\":{\"@type\":\"PropertyValueSpecification\",\"valueRequired\":true,\"valueName\":\"search_term_string\"}}],\"inLanguage\":\"lt-LT\"},{\"@type\":\"Organization\",\"@id\":\"https:\\\/\\\/perladesign.lt\\\/#organization\",\"name\":\"Perla Design\",\"url\":\"https:\\\/\\\/perladesign.lt\\\/\",\"logo\":{\"@type\":\"ImageObject\",\"inLanguage\":\"lt-LT\",\"@id\":\"https:\\\/\\\/perladesign.lt\\\/#\\\/schema\\\/logo\\\/image\\\/\",\"url\":\"https:\\\/\\\/i2.wp.com\\\/perladesign.lt\\\/wp-content\\\/uploads\\\/2020\\\/11\\\/653837f7-0560-4e97-9a0d-ebb396d3d8a2_200x200.png?fit=200%2C200&ssl=1\",\"contentUrl\":\"https:\\\/\\\/i2.wp.com\\\/perladesign.lt\\\/wp-content\\\/uploads\\\/2020\\\/11\\\/653837f7-0560-4e97-9a0d-ebb396d3d8a2_200x200.png?fit=200%2C200&ssl=1\",\"width\":200,\"height\":200,\"caption\":\"Perla Design\"},\"image\":{\"@id\":\"https:\\\/\\\/perladesign.lt\\\/#\\\/schema\\\/logo\\\/image\\\/\"},\"sameAs\":[\"https:\\\/\\\/www.facebook.com\\\/perlakaune\"]}]}<\/script>\n<!-- \/ Yoast SEO plugin. -->","yoast_head_json":{"title":"Veido kauk\u0117 \/ Emoji - Perladesign","description":"\u0160alik\u0173, prijuos\u010di\u0173, skareli\u0173, rank\u0161luos\u010di\u0173, krep\u0161i\u0173 siuvin\u0117jimas su J\u016bs\u0173 pasirinktu tekstu. Galime i\u0161siuvin\u0117ti J\u016bs\u0173 pasirinkt\u0105 tekst\u0105...","robots":{"index":"index","follow":"follow","max-snippet":"max-snippet:-1","max-image-preview":"max-image-preview:large","max-video-preview":"max-video-preview:-1"},"canonical":"https:\/\/perladesign.lt\/index.php\/product\/veido-kauke-emoji\/","og_locale":"lt_LT","og_type":"article","og_title":"Veido kauk\u0117 \/ Emoji - Perladesign","og_description":"\u0160alik\u0173, prijuos\u010di\u0173, skareli\u0173, rank\u0161luos\u010di\u0173, krep\u0161i\u0173 siuvin\u0117jimas su J\u016bs\u0173 pasirinktu tekstu. Galime i\u0161siuvin\u0117ti J\u016bs\u0173 pasirinkt\u0105 tekst\u0105...","og_url":"https:\/\/perladesign.lt\/index.php\/product\/veido-kauke-emoji\/","og_site_name":"Perladesign","article_publisher":"https:\/\/www.facebook.com\/perlakaune","article_modified_time":"2021-01-27T13:25:36+00:00","og_image":[{"width":1707,"height":2560,"url":"https:\/\/i0.wp.com\/perladesign.lt\/wp-content\/uploads\/2020\/11\/collagse.jpg?fit=1707%2C2560&ssl=1","type":"image\/jpeg"}],"twitter_card":"summary_large_image","schema":{"@context":"https:\/\/schema.org","@graph":[{"@type":"WebPage","@id":"https:\/\/perladesign.lt\/index.php\/product\/veido-kauke-emoji\/","url":"https:\/\/perladesign.lt\/index.php\/product\/veido-kauke-emoji\/","name":"Veido kauk\u0117 \/ Emoji - Perladesign","isPartOf":{"@id":"https:\/\/perladesign.lt\/#website"},"primaryImageOfPage":{"@id":"https:\/\/perladesign.lt\/index.php\/product\/veido-kauke-emoji\/#primaryimage"},"image":{"@id":"https:\/\/perladesign.lt\/index.php\/product\/veido-kauke-emoji\/#primaryimage"},"thumbnailUrl":"https:\/\/i0.wp.com\/perladesign.lt\/wp-content\/uploads\/2020\/11\/collagse.jpg?fit=1707%2C2560&ssl=1","datePublished":"2020-11-27T14:13:54+00:00","dateModified":"2021-01-27T13:25:36+00:00","description":"\u0160alik\u0173, prijuos\u010di\u0173, skareli\u0173, rank\u0161luos\u010di\u0173, krep\u0161i\u0173 siuvin\u0117jimas su J\u016bs\u0173 pasirinktu tekstu. Galime i\u0161siuvin\u0117ti J\u016bs\u0173 pasirinkt\u0105 tekst\u0105...","breadcrumb":{"@id":"https:\/\/perladesign.lt\/index.php\/product\/veido-kauke-emoji\/#breadcrumb"},"inLanguage":"lt-LT","potentialAction":[{"@type":"ReadAction","target":["https:\/\/perladesign.lt\/index.php\/product\/veido-kauke-emoji\/"]}]},{"@type":"ImageObject","inLanguage":"lt-LT","@id":"https:\/\/perladesign.lt\/index.php\/product\/veido-kauke-emoji\/#primaryimage","url":"https:\/\/i0.wp.com\/perladesign.lt\/wp-content\/uploads\/2020\/11\/collagse.jpg?fit=1707%2C2560&ssl=1","contentUrl":"https:\/\/i0.wp.com\/perladesign.lt\/wp-content\/uploads\/2020\/11\/collagse.jpg?fit=1707%2C2560&ssl=1","width":1707,"height":2560,"caption":"Veido kauk\u0117 \"Smile\""},{"@type":"BreadcrumbList","@id":"https:\/\/perladesign.lt\/index.php\/product\/veido-kauke-emoji\/#breadcrumb","itemListElement":[{"@type":"ListItem","position":1,"name":"Home","item":"https:\/\/perladesign.lt\/"},{"@type":"ListItem","position":2,"name":"Parduotuv\u0117","item":"https:\/\/perladesign.lt\/index.php\/parduotuve\/"},{"@type":"ListItem","position":3,"name":"Veido kauk\u0117 \/ Emoji"}]},{"@type":"WebSite","@id":"https:\/\/perladesign.lt\/#website","url":"https:\/\/perladesign.lt\/","name":"Perladesign","description":"\u0160alik\u0173, prijuos\u010di\u0173, skareli\u0173, rank\u0161luos\u010di\u0173, krep\u0161i\u0173 siuvin\u0117jimas su J\u016bs\u0173 pasirinktu tekstu. Galime i\u0161siuvin\u0117ti J\u016bs\u0173 pasirinkt\u0105 tekst\u0105...","publisher":{"@id":"https:\/\/perladesign.lt\/#organization"},"potentialAction":[{"@type":"SearchAction","target":{"@type":"EntryPoint","urlTemplate":"https:\/\/perladesign.lt\/?s={search_term_string}"},"query-input":{"@type":"PropertyValueSpecification","valueRequired":true,"valueName":"search_term_string"}}],"inLanguage":"lt-LT"},{"@type":"Organization","@id":"https:\/\/perladesign.lt\/#organization","name":"Perla Design","url":"https:\/\/perladesign.lt\/","logo":{"@type":"ImageObject","inLanguage":"lt-LT","@id":"https:\/\/perladesign.lt\/#\/schema\/logo\/image\/","url":"https:\/\/i2.wp.com\/perladesign.lt\/wp-content\/uploads\/2020\/11\/653837f7-0560-4e97-9a0d-ebb396d3d8a2_200x200.png?fit=200%2C200&ssl=1","contentUrl":"https:\/\/i2.wp.com\/perladesign.lt\/wp-content\/uploads\/2020\/11\/653837f7-0560-4e97-9a0d-ebb396d3d8a2_200x200.png?fit=200%2C200&ssl=1","width":200,"height":200,"caption":"Perla Design"},"image":{"@id":"https:\/\/perladesign.lt\/#\/schema\/logo\/image\/"},"sameAs":["https:\/\/www.facebook.com\/perlakaune"]}]}},"jetpack_sharing_enabled":true,"wcpa_form_fields":null,"_links":{"self":[{"href":"https:\/\/perladesign.lt\/index.php\/wp-json\/wp\/v2\/product\/2422","targetHints":{"allow":["GET"]}}],"collection":[{"href":"https:\/\/perladesign.lt\/index.php\/wp-json\/wp\/v2\/product"}],"about":[{"href":"https:\/\/perladesign.lt\/index.php\/wp-json\/wp\/v2\/types\/product"}],"wp:featuredmedia":[{"embeddable":true,"href":"https:\/\/perladesign.lt\/index.php\/wp-json\/wp\/v2\/media\/4144"}],"wp:attachment":[{"href":"https:\/\/perladesign.lt\/index.php\/wp-json\/wp\/v2\/media?parent=2422"}],"wp:term":[{"taxonomy":"product_brand","embeddable":true,"href":"https:\/\/perladesign.lt\/index.php\/wp-json\/wp\/v2\/product_brand?post=2422"},{"taxonomy":"product_cat","embeddable":true,"href":"https:\/\/perladesign.lt\/index.php\/wp-json\/wp\/v2\/product_cat?post=2422"},{"taxonomy":"product_tag","embeddable":true,"href":"https:\/\/perladesign.lt\/index.php\/wp-json\/wp\/v2\/product_tag?post=2422"}],"curies":[{"name":"wp","href":"https:\/\/api.w.org\/{rel}","templated":true}]}}