{"id":1881,"date":"2020-11-03T20:37:46","date_gmt":"2020-11-03T20:37:46","guid":{"rendered":"http:\/\/perladesign.lt\/?post_type=product&#038;p=1881"},"modified":"2025-12-09T19:08:03","modified_gmt":"2025-12-09T17:08:03","slug":"salikas-su-vardu","status":"publish","type":"product","link":"https:\/\/perladesign.lt\/index.php\/product\/salikas-su-vardu\/","title":{"rendered":"Vienspalvis \u0161alikas su vardu"},"content":{"rendered":"<div class=\"mceTemp\"><\/div>\n<p style=\"text-align: center;\">Visi m\u0117gstame dovanas, ypa\u010d tas, kurios yra asmenin\u0117s, i\u0161skirtin\u0117s ir sukurtos su meile&#8230; J\u016bs i\u0161sirinkite, o mes i\u0161pildysime J\u016bs\u0173 u\u017esakym\u0105 per 3-5 d.d. \ud83d\udce6<\/p>\n<p style=\"text-align: center;\">\u0160alik\u0173 dydis: 180*70 cm;<br \/>\nSud\u0117tis: 10% ka\u0161myras, 90% vilna<\/p>\n<p style=\"text-align: center;\">\n","protected":false},"excerpt":{"rendered":"<p style=\"text-align: center;\">\u0160alik\u0173 dydis: 180*70 cm<br \/>\nSud\u0117tis:\u00a010% ka\u0161myras, 90% vilna<\/p>\n<p style=\"text-align: center;\">\n","protected":false},"featured_media":5783,"template":"","meta":[],"product_brand":[],"product_cat":[21],"product_tag":[28,25,27,29,23,26,24],"class_list":{"0":"post-1881","1":"product","2":"type-product","3":"status-publish","4":"has-post-thumbnail","6":"product_cat-salikai-su-vardu","7":"product_tag-dovanadraugei","8":"product_tag-dovanakaledoms","9":"product_tag-dovanamamai","10":"product_tag-dovanamociutei","11":"product_tag-salikai","12":"product_tag-salikassuvardu","13":"product_tag-vardiniaisalikai","14":"wcpa_has_options","16":"first","17":"instock","18":"taxable","19":"shipping-taxable","20":"purchasable","21":"product-type-variable"},"yoast_head":"<!-- This site is optimized with the Yoast SEO plugin v27.4 - https:\/\/yoast.com\/product\/yoast-seo-wordpress\/ -->\n<title>Vienspalvis \u0161alikas su vardu - Perladesign<\/title>\n<meta name=\"description\" content=\"Vardiniai siuvin\u0117ti \u0161alikai su J\u016bs\u0173 pasirinktu vardu, inicialu ar monograma. Tai puiki dovana mamai, draugei, sesei ar tiesiog sau...\" \/>\n<meta name=\"robots\" content=\"index, follow, max-snippet:-1, max-image-preview:large, max-video-preview:-1\" \/>\n<link rel=\"canonical\" href=\"https:\/\/perladesign.lt\/index.php\/product\/salikas-su-vardu\/\" \/>\n<meta property=\"og:locale\" content=\"lt_LT\" \/>\n<meta property=\"og:type\" content=\"article\" \/>\n<meta property=\"og:title\" content=\"Vienspalvis \u0161alikas su vardu - Perladesign\" \/>\n<meta property=\"og:description\" content=\"Vardiniai siuvin\u0117ti \u0161alikai su J\u016bs\u0173 pasirinktu vardu, inicialu ar monograma. Tai puiki dovana mamai, draugei, sesei ar tiesiog sau...\" \/>\n<meta property=\"og:url\" content=\"https:\/\/perladesign.lt\/index.php\/product\/salikas-su-vardu\/\" \/>\n<meta property=\"og:site_name\" content=\"Perladesign\" \/>\n<meta property=\"article:publisher\" content=\"https:\/\/www.facebook.com\/perlakaune\" \/>\n<meta property=\"article:modified_time\" content=\"2025-12-09T17:08:03+00:00\" \/>\n<meta property=\"og:image\" content=\"http:\/\/perladesign.lt\/wp-content\/uploads\/2020\/11\/viensp.-su-vardu-scaled.jpg\" \/>\n\t<meta property=\"og:image:width\" content=\"1707\" \/>\n\t<meta property=\"og:image:height\" content=\"2560\" \/>\n\t<meta property=\"og:image:type\" content=\"image\/jpeg\" \/>\n<meta name=\"twitter:card\" content=\"summary_large_image\" \/>\n<meta name=\"twitter:label1\" content=\"Est. reading time\" \/>\n\t<meta name=\"twitter:data1\" content=\"1 minut\u0117\" \/>\n<script type=\"application\/ld+json\" class=\"yoast-schema-graph\">{\"@context\":\"https:\\\/\\\/schema.org\",\"@graph\":[{\"@type\":\"WebPage\",\"@id\":\"https:\\\/\\\/perladesign.lt\\\/index.php\\\/product\\\/salikas-su-vardu\\\/\",\"url\":\"https:\\\/\\\/perladesign.lt\\\/index.php\\\/product\\\/salikas-su-vardu\\\/\",\"name\":\"Vienspalvis \u0161alikas su vardu - Perladesign\",\"isPartOf\":{\"@id\":\"https:\\\/\\\/perladesign.lt\\\/#website\"},\"primaryImageOfPage\":{\"@id\":\"https:\\\/\\\/perladesign.lt\\\/index.php\\\/product\\\/salikas-su-vardu\\\/#primaryimage\"},\"image\":{\"@id\":\"https:\\\/\\\/perladesign.lt\\\/index.php\\\/product\\\/salikas-su-vardu\\\/#primaryimage\"},\"thumbnailUrl\":\"https:\\\/\\\/i0.wp.com\\\/perladesign.lt\\\/wp-content\\\/uploads\\\/2020\\\/11\\\/viensp.-su-vardu-scaled.jpg?fit=1707%2C2560&ssl=1\",\"datePublished\":\"2020-11-03T20:37:46+00:00\",\"dateModified\":\"2025-12-09T17:08:03+00:00\",\"description\":\"Vardiniai siuvin\u0117ti \u0161alikai su J\u016bs\u0173 pasirinktu vardu, inicialu ar monograma. Tai puiki dovana mamai, draugei, sesei ar tiesiog sau...\",\"breadcrumb\":{\"@id\":\"https:\\\/\\\/perladesign.lt\\\/index.php\\\/product\\\/salikas-su-vardu\\\/#breadcrumb\"},\"inLanguage\":\"lt-LT\",\"potentialAction\":[{\"@type\":\"ReadAction\",\"target\":[\"https:\\\/\\\/perladesign.lt\\\/index.php\\\/product\\\/salikas-su-vardu\\\/\"]}]},{\"@type\":\"ImageObject\",\"inLanguage\":\"lt-LT\",\"@id\":\"https:\\\/\\\/perladesign.lt\\\/index.php\\\/product\\\/salikas-su-vardu\\\/#primaryimage\",\"url\":\"https:\\\/\\\/i0.wp.com\\\/perladesign.lt\\\/wp-content\\\/uploads\\\/2020\\\/11\\\/viensp.-su-vardu-scaled.jpg?fit=1707%2C2560&ssl=1\",\"contentUrl\":\"https:\\\/\\\/i0.wp.com\\\/perladesign.lt\\\/wp-content\\\/uploads\\\/2020\\\/11\\\/viensp.-su-vardu-scaled.jpg?fit=1707%2C2560&ssl=1\",\"width\":1707,\"height\":2560,\"caption\":\"Vardiniai \u0161alikai \\\/ \u0160alik\u0173 siuvin\u0117jimas \\\/ Dovan\u0173 id\u0117jos\"},{\"@type\":\"BreadcrumbList\",\"@id\":\"https:\\\/\\\/perladesign.lt\\\/index.php\\\/product\\\/salikas-su-vardu\\\/#breadcrumb\",\"itemListElement\":[{\"@type\":\"ListItem\",\"position\":1,\"name\":\"Home\",\"item\":\"https:\\\/\\\/perladesign.lt\\\/\"},{\"@type\":\"ListItem\",\"position\":2,\"name\":\"Parduotuv\u0117\",\"item\":\"https:\\\/\\\/perladesign.lt\\\/index.php\\\/parduotuve\\\/\"},{\"@type\":\"ListItem\",\"position\":3,\"name\":\"Vienspalvis \u0161alikas su vardu\"}]},{\"@type\":\"WebSite\",\"@id\":\"https:\\\/\\\/perladesign.lt\\\/#website\",\"url\":\"https:\\\/\\\/perladesign.lt\\\/\",\"name\":\"Perladesign\",\"description\":\"\u0160alik\u0173, prijuos\u010di\u0173, skareli\u0173, rank\u0161luos\u010di\u0173, krep\u0161i\u0173 siuvin\u0117jimas su J\u016bs\u0173 pasirinktu tekstu. Galime i\u0161siuvin\u0117ti J\u016bs\u0173 pasirinkt\u0105 tekst\u0105...\",\"publisher\":{\"@id\":\"https:\\\/\\\/perladesign.lt\\\/#organization\"},\"potentialAction\":[{\"@type\":\"SearchAction\",\"target\":{\"@type\":\"EntryPoint\",\"urlTemplate\":\"https:\\\/\\\/perladesign.lt\\\/?s={search_term_string}\"},\"query-input\":{\"@type\":\"PropertyValueSpecification\",\"valueRequired\":true,\"valueName\":\"search_term_string\"}}],\"inLanguage\":\"lt-LT\"},{\"@type\":\"Organization\",\"@id\":\"https:\\\/\\\/perladesign.lt\\\/#organization\",\"name\":\"Perla Design\",\"url\":\"https:\\\/\\\/perladesign.lt\\\/\",\"logo\":{\"@type\":\"ImageObject\",\"inLanguage\":\"lt-LT\",\"@id\":\"https:\\\/\\\/perladesign.lt\\\/#\\\/schema\\\/logo\\\/image\\\/\",\"url\":\"https:\\\/\\\/i2.wp.com\\\/perladesign.lt\\\/wp-content\\\/uploads\\\/2020\\\/11\\\/653837f7-0560-4e97-9a0d-ebb396d3d8a2_200x200.png?fit=200%2C200&ssl=1\",\"contentUrl\":\"https:\\\/\\\/i2.wp.com\\\/perladesign.lt\\\/wp-content\\\/uploads\\\/2020\\\/11\\\/653837f7-0560-4e97-9a0d-ebb396d3d8a2_200x200.png?fit=200%2C200&ssl=1\",\"width\":200,\"height\":200,\"caption\":\"Perla Design\"},\"image\":{\"@id\":\"https:\\\/\\\/perladesign.lt\\\/#\\\/schema\\\/logo\\\/image\\\/\"},\"sameAs\":[\"https:\\\/\\\/www.facebook.com\\\/perlakaune\"]}]}<\/script>\n<!-- \/ Yoast SEO plugin. -->","yoast_head_json":{"title":"Vienspalvis \u0161alikas su vardu - Perladesign","description":"Vardiniai siuvin\u0117ti \u0161alikai su J\u016bs\u0173 pasirinktu vardu, inicialu ar monograma. Tai puiki dovana mamai, draugei, sesei ar tiesiog sau...","robots":{"index":"index","follow":"follow","max-snippet":"max-snippet:-1","max-image-preview":"max-image-preview:large","max-video-preview":"max-video-preview:-1"},"canonical":"https:\/\/perladesign.lt\/index.php\/product\/salikas-su-vardu\/","og_locale":"lt_LT","og_type":"article","og_title":"Vienspalvis \u0161alikas su vardu - Perladesign","og_description":"Vardiniai siuvin\u0117ti \u0161alikai su J\u016bs\u0173 pasirinktu vardu, inicialu ar monograma. Tai puiki dovana mamai, draugei, sesei ar tiesiog sau...","og_url":"https:\/\/perladesign.lt\/index.php\/product\/salikas-su-vardu\/","og_site_name":"Perladesign","article_publisher":"https:\/\/www.facebook.com\/perlakaune","article_modified_time":"2025-12-09T17:08:03+00:00","og_image":[{"width":1707,"height":2560,"url":"http:\/\/perladesign.lt\/wp-content\/uploads\/2020\/11\/viensp.-su-vardu-scaled.jpg","type":"image\/jpeg"}],"twitter_card":"summary_large_image","twitter_misc":{"Est. reading time":"1 minut\u0117"},"schema":{"@context":"https:\/\/schema.org","@graph":[{"@type":"WebPage","@id":"https:\/\/perladesign.lt\/index.php\/product\/salikas-su-vardu\/","url":"https:\/\/perladesign.lt\/index.php\/product\/salikas-su-vardu\/","name":"Vienspalvis \u0161alikas su vardu - Perladesign","isPartOf":{"@id":"https:\/\/perladesign.lt\/#website"},"primaryImageOfPage":{"@id":"https:\/\/perladesign.lt\/index.php\/product\/salikas-su-vardu\/#primaryimage"},"image":{"@id":"https:\/\/perladesign.lt\/index.php\/product\/salikas-su-vardu\/#primaryimage"},"thumbnailUrl":"https:\/\/i0.wp.com\/perladesign.lt\/wp-content\/uploads\/2020\/11\/viensp.-su-vardu-scaled.jpg?fit=1707%2C2560&ssl=1","datePublished":"2020-11-03T20:37:46+00:00","dateModified":"2025-12-09T17:08:03+00:00","description":"Vardiniai siuvin\u0117ti \u0161alikai su J\u016bs\u0173 pasirinktu vardu, inicialu ar monograma. Tai puiki dovana mamai, draugei, sesei ar tiesiog sau...","breadcrumb":{"@id":"https:\/\/perladesign.lt\/index.php\/product\/salikas-su-vardu\/#breadcrumb"},"inLanguage":"lt-LT","potentialAction":[{"@type":"ReadAction","target":["https:\/\/perladesign.lt\/index.php\/product\/salikas-su-vardu\/"]}]},{"@type":"ImageObject","inLanguage":"lt-LT","@id":"https:\/\/perladesign.lt\/index.php\/product\/salikas-su-vardu\/#primaryimage","url":"https:\/\/i0.wp.com\/perladesign.lt\/wp-content\/uploads\/2020\/11\/viensp.-su-vardu-scaled.jpg?fit=1707%2C2560&ssl=1","contentUrl":"https:\/\/i0.wp.com\/perladesign.lt\/wp-content\/uploads\/2020\/11\/viensp.-su-vardu-scaled.jpg?fit=1707%2C2560&ssl=1","width":1707,"height":2560,"caption":"Vardiniai \u0161alikai \/ \u0160alik\u0173 siuvin\u0117jimas \/ Dovan\u0173 id\u0117jos"},{"@type":"BreadcrumbList","@id":"https:\/\/perladesign.lt\/index.php\/product\/salikas-su-vardu\/#breadcrumb","itemListElement":[{"@type":"ListItem","position":1,"name":"Home","item":"https:\/\/perladesign.lt\/"},{"@type":"ListItem","position":2,"name":"Parduotuv\u0117","item":"https:\/\/perladesign.lt\/index.php\/parduotuve\/"},{"@type":"ListItem","position":3,"name":"Vienspalvis \u0161alikas su vardu"}]},{"@type":"WebSite","@id":"https:\/\/perladesign.lt\/#website","url":"https:\/\/perladesign.lt\/","name":"Perladesign","description":"\u0160alik\u0173, prijuos\u010di\u0173, skareli\u0173, rank\u0161luos\u010di\u0173, krep\u0161i\u0173 siuvin\u0117jimas su J\u016bs\u0173 pasirinktu tekstu. Galime i\u0161siuvin\u0117ti J\u016bs\u0173 pasirinkt\u0105 tekst\u0105...","publisher":{"@id":"https:\/\/perladesign.lt\/#organization"},"potentialAction":[{"@type":"SearchAction","target":{"@type":"EntryPoint","urlTemplate":"https:\/\/perladesign.lt\/?s={search_term_string}"},"query-input":{"@type":"PropertyValueSpecification","valueRequired":true,"valueName":"search_term_string"}}],"inLanguage":"lt-LT"},{"@type":"Organization","@id":"https:\/\/perladesign.lt\/#organization","name":"Perla Design","url":"https:\/\/perladesign.lt\/","logo":{"@type":"ImageObject","inLanguage":"lt-LT","@id":"https:\/\/perladesign.lt\/#\/schema\/logo\/image\/","url":"https:\/\/i2.wp.com\/perladesign.lt\/wp-content\/uploads\/2020\/11\/653837f7-0560-4e97-9a0d-ebb396d3d8a2_200x200.png?fit=200%2C200&ssl=1","contentUrl":"https:\/\/i2.wp.com\/perladesign.lt\/wp-content\/uploads\/2020\/11\/653837f7-0560-4e97-9a0d-ebb396d3d8a2_200x200.png?fit=200%2C200&ssl=1","width":200,"height":200,"caption":"Perla Design"},"image":{"@id":"https:\/\/perladesign.lt\/#\/schema\/logo\/image\/"},"sameAs":["https:\/\/www.facebook.com\/perlakaune"]}]}},"jetpack_sharing_enabled":true,"wcpa_form_fields":{"wcpaData":{"product":{"product_price":34.9,"price_html":"<span class=\"woocommerce-Price-amount amount\"><bdi><span class=\"woocommerce-Price-currencySymbol\">&euro;<\/span>34,90<\/bdi><\/span>","original_product_price":34.9,"price_including_tax":34.9,"price_excluding_tax":34.9,"product_id":{"parent":1881,"variation":false},"is_variable":true,"stock_status":"instock","stock_quantity":null,"parent_sku":"","product_attributes":{"pa_vienspalviu-saliku-spalvos":{"is_variation":true,"values":[]},"sudetis":{"is_variation":false,"values":["10% Ka\u0161myras, 90% Vilna"]},"dydis":{"is_variation":false,"values":["180*70 cm"]},"prieziura":{"is_variation":false,"values":["Skalbti rankomis."]}},"custom_fields":[],"is_taxable":true,"product_name":"Vienspalvis \u0161alikas su vardu","hasImage":false},"fields":{"sec_165719a628936e":{"extra":{"key":"sec_165719a628936e","section_id":"sec_165719a628936e","name":"Default","status":1,"cl_rule":"show","enableCl":false,"relations":[],"toggle":true,"title_tag":"h3","show_title":false,"showPrice":"default","form_id":4346,"form_rules":{"exclude_from_discount":false,"fee_label":"Fee","disp_hide_options_price":false,"disp_show_section_price":false,"disp_show_field_price":true,"layout_option":"standard","pric_use_as_fee":false,"process_fee_as":"woo_fee"},"layout_option":"standard"},"fields":[[{"type":"select","elementId":"wcpa-select-1612013114625","label":"Dovan\u0173 d\u0117\u017eut\u0117:","enablePrice":true,"priceOptions":"different_for_all","pricingType":"fixed","name":"select-1612013114625","cl_rule":"show","col":6,"values":[{"label":"Be d\u0117\u017eut\u0117s","value":"Be d\u0117\u017eut\u0117s","price":"0,00","pimage":"","pimage_id":"","pthumb":"","gt_translate_keys":["label"]},{"label":"Su dovan\u0173 d\u0117\u017eute","value":"Su dovan\u0173 d\u0117\u017eute","price":"4,89","pimage":"","pimage_id":"","pthumb":"","gt_translate_keys":["label"]}],"relations":false,"price":0,"active":true,"tooltip":"","dropdown_type":"basic","error":false,"gt_translate_keys":["label","tooltip"],"price_dependency":false,"cl_dependency":false,"value":""}]]},"sec_106752ba22e52e5":{"extra":{"key":"sec_106752ba22e52e5","section_id":"sec_106752ba22e52e5","name":"Default","status":1,"cl_rule":"show","enableCl":false,"relations":[],"toggle":true,"title_tag":"h3","show_title":false,"showPrice":"default","form_id":1968,"form_rules":{"exclude_from_discount":false,"fee_label":"Fee","disp_hide_options_price":false,"disp_show_section_price":false,"disp_show_field_price":true,"layout_option":"standard","pric_use_as_fee":false,"process_fee_as":"woo_fee"},"layout_option":"standard"},"fields":[[{"type":"textarea","required":true,"elementId":"wcpa-textarea-1604590594409","label":"J\u016bs\u0173 tekstas ","placeholder":"\u012era\u0161ykite norim\u0105 tekst\u0105 siuvin\u0117jimui","pricingType":"fixed","className":"form-control","name":"textarea-1604590594409","maxlength":"12","cl_rule":"show","col":6,"relations":false,"active":true,"tooltip":"","error":false,"gt_translate_keys":["label","placeholder","tooltip"],"price_dependency":false,"cl_dependency":false,"value":""}]]}},"config":{"price_override":"","enable_recaptcha":false,"bind_quantity":false,"quantity_bind_formula":false,"disp_summ_show_option_price":true,"disp_summ_show_product_price":true,"disp_summ_show_total_price":true,"disp_summ_show_fee":false,"disp_summ_show_discount":false,"summary_title":"","options_total_label":"Papildomi pasirinkimai","total_label":"Galutin\u0117 kaina","options_product_label":"Produkto kaina","fee_label":"Fee","discount_label":"Discount","has_price":true,"has_quantity_formula":false},"mc_unit":1,"tax_rate":1,"tax_rate_real":0,"discount":{"percentage":0,"fixed":0},"design":{"conf":{"LabelPosition":"above","DescPosition":"above","UploadField":"custom_1","QuantityFieldStyle":"default"},"css":{"LeftLabelWidth":"120px"}},"formulas":[],"lookuptables":[],"clones":false,"cartKey":false}},"_links":{"self":[{"href":"https:\/\/perladesign.lt\/index.php\/wp-json\/wp\/v2\/product\/1881","targetHints":{"allow":["GET"]}}],"collection":[{"href":"https:\/\/perladesign.lt\/index.php\/wp-json\/wp\/v2\/product"}],"about":[{"href":"https:\/\/perladesign.lt\/index.php\/wp-json\/wp\/v2\/types\/product"}],"wp:featuredmedia":[{"embeddable":true,"href":"https:\/\/perladesign.lt\/index.php\/wp-json\/wp\/v2\/media\/5783"}],"wp:attachment":[{"href":"https:\/\/perladesign.lt\/index.php\/wp-json\/wp\/v2\/media?parent=1881"}],"wp:term":[{"taxonomy":"product_brand","embeddable":true,"href":"https:\/\/perladesign.lt\/index.php\/wp-json\/wp\/v2\/product_brand?post=1881"},{"taxonomy":"product_cat","embeddable":true,"href":"https:\/\/perladesign.lt\/index.php\/wp-json\/wp\/v2\/product_cat?post=1881"},{"taxonomy":"product_tag","embeddable":true,"href":"https:\/\/perladesign.lt\/index.php\/wp-json\/wp\/v2\/product_tag?post=1881"}],"curies":[{"name":"wp","href":"https:\/\/api.w.org\/{rel}","templated":true}]}}