{"id":2,"date":"2020-11-03T19:49:57","date_gmt":"2020-11-03T19:49:57","guid":{"rendered":"http:\/\/perladesign.lt\/?page_id=2"},"modified":"2021-08-08T21:55:22","modified_gmt":"2021-08-08T19:55:22","slug":"pristatymas","status":"publish","type":"page","link":"https:\/\/perladesign.lt\/index.php\/pristatymas\/","title":{"rendered":"Pristatymas"},"content":{"rendered":"<div class=\"wpb-content-wrapper\"><p>[vc_row][vc_column][vc_column_text]<\/p>\n<h3 style=\"text-align: center;\">PREKI\u0172 PRISTATYMAS LIETUVOJE<\/h3>\n<p style=\"text-align: center;\"><strong>Po apmok\u0117jimo visi u\u017esakymai i\u0161siun\u010diami per 2 \u2013 4 darbo dienas. Gamybos laikas priklauso nuo u\u017esakym\u0173 kiekio arba tam tikro siuvin\u0117jimo gamybos grafiko (individualus siuvin\u0117jimas).<\/strong><\/p>\n<p style=\"text-align: center;\"><strong>Siuntos siun\u010diamos visoje Lietuvoje LP Express, Omniva, DPD Pa\u0161tomatais\u00a0arba Lietuvos Pa\u0161tu (pristatymas \u012f namus).<\/strong><\/p>\n<p style=\"text-align: center;\"><strong>Siunta Lietuvoje, po i\u0161siuntimo atkeliauja per 1-3 darbo dienas (savaitgaliais siuntos nepristatomos).<\/strong><\/p>\n<h3 style=\"text-align: center;\"><strong>PREKI\u0172 PRISTATYMAS \u012e U\u017dSIEN\u012e<\/strong><\/h3>\n<p style=\"text-align: center;\"><strong>\u00a0<\/strong>Prekes \u012f u\u017esien\u012f siun\u010diame registruotu Lietuvos pa\u0161tu.<strong>\u00a0<\/strong><strong>Siuntimo trukm\u0117 5-15 d.d.<\/strong><\/p>\n<p style=\"text-align: center;\"><strong>Siuntimo kaina 9.54 Eur:\u00a0<\/strong>\u00a0Austrija,\u00a0Belgija,\u00a0\u010cekija,\u00a0Danija,\u00a0Estija,\u00a0Graikija,\u00a0Islandija,\u00a0Ispanija,\u00a0Italija,<\/p>\n<p style=\"text-align: center;\">Latvija,\u00a0Lenkija,\u00a0Lichten\u0161teinas,\u00a0Liuksemburgas,\u00a0\u041calta,\u00a0Norvegija,\u00a0Nyderlandai,\u00a0Portugalija,<\/p>\n<p style=\"text-align: center;\">Pranc\u016bzija,\u00a0Slovakija,\u00a0Slov\u0117nija,\u00a0Suomija, Jungtin\u0117 Karalyst\u0117, Vengrija,\u00a0Vokietija,\u00a0\u0160vedija,\u00a0\u0160veicarija.<\/p>\n<p style=\"text-align: center;\"><strong>Siuntimo kaina<\/strong> <strong>13.56 Eur:\u00a0<\/strong>JAV, Jungtin\u0117 Karalyst\u0117, Norvegija;<\/p>\n<p>[\/vc_column_text][\/vc_column][\/vc_row]<\/p>\n<\/div>","protected":false},"excerpt":{"rendered":"<p>[vc_row][vc_column][vc_column_text] PREKI\u0172 PRISTATYMAS LIETUVOJE Po apmok\u0117jimo visi u\u017esakymai i\u0161siun\u010diami per 2 \u2013 4 darbo dienas. Gamybos laikas priklauso nuo u\u017esakym\u0173 kiekio arba tam tikro siuvin\u0117jimo gamybos grafiko (individualus siuvin\u0117jimas). Siuntos siun\u010diamos visoje Lietuvoje LP Express, Omniva, DPD Pa\u0161tomatais\u00a0arba Lietuvos Pa\u0161tu (pristatymas \u012f namus). Siunta Lietuvoje, po i\u0161siuntimo atkeliauja per 1-3 darbo dienas (savaitgaliais siuntos nepristatomos). [&hellip;]<\/p>\n","protected":false},"author":1,"featured_media":0,"parent":0,"menu_order":0,"comment_status":"closed","ping_status":"open","template":"","meta":{"footnotes":""},"class_list":["post-2","page","type-page","status-publish","hentry"],"yoast_head":"<!-- This site is optimized with the Yoast SEO plugin v27.4 - https:\/\/yoast.com\/product\/yoast-seo-wordpress\/ -->\n<title>Pristatymas - Perladesign<\/title>\n<meta name=\"description\" content=\"\u0160alik\u0173, prijuos\u010di\u0173, skareli\u0173, rank\u0161luos\u010di\u0173, krep\u0161i\u0173 siuvin\u0117jimas su J\u016bs\u0173 pasirinktu tekstu. Galime i\u0161siuvin\u0117ti J\u016bs\u0173 pasirinkt\u0105 tekst\u0105...\" \/>\n<meta name=\"robots\" content=\"index, follow, max-snippet:-1, max-image-preview:large, max-video-preview:-1\" \/>\n<link rel=\"canonical\" href=\"https:\/\/perladesign.lt\/index.php\/pristatymas\/\" \/>\n<meta property=\"og:locale\" content=\"lt_LT\" \/>\n<meta property=\"og:type\" content=\"article\" \/>\n<meta property=\"og:title\" content=\"Pristatymas - Perladesign\" \/>\n<meta property=\"og:description\" content=\"\u0160alik\u0173, prijuos\u010di\u0173, skareli\u0173, rank\u0161luos\u010di\u0173, krep\u0161i\u0173 siuvin\u0117jimas su J\u016bs\u0173 pasirinktu tekstu. Galime i\u0161siuvin\u0117ti J\u016bs\u0173 pasirinkt\u0105 tekst\u0105...\" \/>\n<meta property=\"og:url\" content=\"https:\/\/perladesign.lt\/index.php\/pristatymas\/\" \/>\n<meta property=\"og:site_name\" content=\"Perladesign\" \/>\n<meta property=\"article:publisher\" content=\"https:\/\/www.facebook.com\/perlakaune\" \/>\n<meta property=\"article:modified_time\" content=\"2021-08-08T19:55:22+00:00\" \/>\n<meta name=\"twitter:card\" content=\"summary_large_image\" \/>\n<meta name=\"twitter:label1\" content=\"Est. reading time\" \/>\n\t<meta name=\"twitter:data1\" content=\"1 minut\u0117\" \/>\n<script type=\"application\/ld+json\" class=\"yoast-schema-graph\">{\"@context\":\"https:\\\/\\\/schema.org\",\"@graph\":[{\"@type\":\"WebPage\",\"@id\":\"https:\\\/\\\/perladesign.lt\\\/index.php\\\/pristatymas\\\/\",\"url\":\"https:\\\/\\\/perladesign.lt\\\/index.php\\\/pristatymas\\\/\",\"name\":\"Pristatymas - Perladesign\",\"isPartOf\":{\"@id\":\"https:\\\/\\\/perladesign.lt\\\/#website\"},\"datePublished\":\"2020-11-03T19:49:57+00:00\",\"dateModified\":\"2021-08-08T19:55:22+00:00\",\"description\":\"\u0160alik\u0173, prijuos\u010di\u0173, skareli\u0173, rank\u0161luos\u010di\u0173, krep\u0161i\u0173 siuvin\u0117jimas su J\u016bs\u0173 pasirinktu tekstu. Galime i\u0161siuvin\u0117ti J\u016bs\u0173 pasirinkt\u0105 tekst\u0105...\",\"breadcrumb\":{\"@id\":\"https:\\\/\\\/perladesign.lt\\\/index.php\\\/pristatymas\\\/#breadcrumb\"},\"inLanguage\":\"lt-LT\",\"potentialAction\":[{\"@type\":\"ReadAction\",\"target\":[\"https:\\\/\\\/perladesign.lt\\\/index.php\\\/pristatymas\\\/\"]}]},{\"@type\":\"BreadcrumbList\",\"@id\":\"https:\\\/\\\/perladesign.lt\\\/index.php\\\/pristatymas\\\/#breadcrumb\",\"itemListElement\":[{\"@type\":\"ListItem\",\"position\":1,\"name\":\"Home\",\"item\":\"https:\\\/\\\/perladesign.lt\\\/\"},{\"@type\":\"ListItem\",\"position\":2,\"name\":\"Pristatymas\"}]},{\"@type\":\"WebSite\",\"@id\":\"https:\\\/\\\/perladesign.lt\\\/#website\",\"url\":\"https:\\\/\\\/perladesign.lt\\\/\",\"name\":\"Perladesign\",\"description\":\"\u0160alik\u0173, prijuos\u010di\u0173, skareli\u0173, rank\u0161luos\u010di\u0173, krep\u0161i\u0173 siuvin\u0117jimas su J\u016bs\u0173 pasirinktu tekstu. Galime i\u0161siuvin\u0117ti J\u016bs\u0173 pasirinkt\u0105 tekst\u0105...\",\"publisher\":{\"@id\":\"https:\\\/\\\/perladesign.lt\\\/#organization\"},\"potentialAction\":[{\"@type\":\"SearchAction\",\"target\":{\"@type\":\"EntryPoint\",\"urlTemplate\":\"https:\\\/\\\/perladesign.lt\\\/?s={search_term_string}\"},\"query-input\":{\"@type\":\"PropertyValueSpecification\",\"valueRequired\":true,\"valueName\":\"search_term_string\"}}],\"inLanguage\":\"lt-LT\"},{\"@type\":\"Organization\",\"@id\":\"https:\\\/\\\/perladesign.lt\\\/#organization\",\"name\":\"Perla Design\",\"url\":\"https:\\\/\\\/perladesign.lt\\\/\",\"logo\":{\"@type\":\"ImageObject\",\"inLanguage\":\"lt-LT\",\"@id\":\"https:\\\/\\\/perladesign.lt\\\/#\\\/schema\\\/logo\\\/image\\\/\",\"url\":\"https:\\\/\\\/i2.wp.com\\\/perladesign.lt\\\/wp-content\\\/uploads\\\/2020\\\/11\\\/653837f7-0560-4e97-9a0d-ebb396d3d8a2_200x200.png?fit=200%2C200&ssl=1\",\"contentUrl\":\"https:\\\/\\\/i2.wp.com\\\/perladesign.lt\\\/wp-content\\\/uploads\\\/2020\\\/11\\\/653837f7-0560-4e97-9a0d-ebb396d3d8a2_200x200.png?fit=200%2C200&ssl=1\",\"width\":200,\"height\":200,\"caption\":\"Perla Design\"},\"image\":{\"@id\":\"https:\\\/\\\/perladesign.lt\\\/#\\\/schema\\\/logo\\\/image\\\/\"},\"sameAs\":[\"https:\\\/\\\/www.facebook.com\\\/perlakaune\"]}]}<\/script>\n<!-- \/ Yoast SEO plugin. -->","yoast_head_json":{"title":"Pristatymas - Perladesign","description":"\u0160alik\u0173, prijuos\u010di\u0173, skareli\u0173, rank\u0161luos\u010di\u0173, krep\u0161i\u0173 siuvin\u0117jimas su J\u016bs\u0173 pasirinktu tekstu. Galime i\u0161siuvin\u0117ti J\u016bs\u0173 pasirinkt\u0105 tekst\u0105...","robots":{"index":"index","follow":"follow","max-snippet":"max-snippet:-1","max-image-preview":"max-image-preview:large","max-video-preview":"max-video-preview:-1"},"canonical":"https:\/\/perladesign.lt\/index.php\/pristatymas\/","og_locale":"lt_LT","og_type":"article","og_title":"Pristatymas - Perladesign","og_description":"\u0160alik\u0173, prijuos\u010di\u0173, skareli\u0173, rank\u0161luos\u010di\u0173, krep\u0161i\u0173 siuvin\u0117jimas su J\u016bs\u0173 pasirinktu tekstu. Galime i\u0161siuvin\u0117ti J\u016bs\u0173 pasirinkt\u0105 tekst\u0105...","og_url":"https:\/\/perladesign.lt\/index.php\/pristatymas\/","og_site_name":"Perladesign","article_publisher":"https:\/\/www.facebook.com\/perlakaune","article_modified_time":"2021-08-08T19:55:22+00:00","twitter_card":"summary_large_image","twitter_misc":{"Est. reading time":"1 minut\u0117"},"schema":{"@context":"https:\/\/schema.org","@graph":[{"@type":"WebPage","@id":"https:\/\/perladesign.lt\/index.php\/pristatymas\/","url":"https:\/\/perladesign.lt\/index.php\/pristatymas\/","name":"Pristatymas - Perladesign","isPartOf":{"@id":"https:\/\/perladesign.lt\/#website"},"datePublished":"2020-11-03T19:49:57+00:00","dateModified":"2021-08-08T19:55:22+00:00","description":"\u0160alik\u0173, prijuos\u010di\u0173, skareli\u0173, rank\u0161luos\u010di\u0173, krep\u0161i\u0173 siuvin\u0117jimas su J\u016bs\u0173 pasirinktu tekstu. Galime i\u0161siuvin\u0117ti J\u016bs\u0173 pasirinkt\u0105 tekst\u0105...","breadcrumb":{"@id":"https:\/\/perladesign.lt\/index.php\/pristatymas\/#breadcrumb"},"inLanguage":"lt-LT","potentialAction":[{"@type":"ReadAction","target":["https:\/\/perladesign.lt\/index.php\/pristatymas\/"]}]},{"@type":"BreadcrumbList","@id":"https:\/\/perladesign.lt\/index.php\/pristatymas\/#breadcrumb","itemListElement":[{"@type":"ListItem","position":1,"name":"Home","item":"https:\/\/perladesign.lt\/"},{"@type":"ListItem","position":2,"name":"Pristatymas"}]},{"@type":"WebSite","@id":"https:\/\/perladesign.lt\/#website","url":"https:\/\/perladesign.lt\/","name":"Perladesign","description":"\u0160alik\u0173, prijuos\u010di\u0173, skareli\u0173, rank\u0161luos\u010di\u0173, krep\u0161i\u0173 siuvin\u0117jimas su J\u016bs\u0173 pasirinktu tekstu. Galime i\u0161siuvin\u0117ti J\u016bs\u0173 pasirinkt\u0105 tekst\u0105...","publisher":{"@id":"https:\/\/perladesign.lt\/#organization"},"potentialAction":[{"@type":"SearchAction","target":{"@type":"EntryPoint","urlTemplate":"https:\/\/perladesign.lt\/?s={search_term_string}"},"query-input":{"@type":"PropertyValueSpecification","valueRequired":true,"valueName":"search_term_string"}}],"inLanguage":"lt-LT"},{"@type":"Organization","@id":"https:\/\/perladesign.lt\/#organization","name":"Perla Design","url":"https:\/\/perladesign.lt\/","logo":{"@type":"ImageObject","inLanguage":"lt-LT","@id":"https:\/\/perladesign.lt\/#\/schema\/logo\/image\/","url":"https:\/\/i2.wp.com\/perladesign.lt\/wp-content\/uploads\/2020\/11\/653837f7-0560-4e97-9a0d-ebb396d3d8a2_200x200.png?fit=200%2C200&ssl=1","contentUrl":"https:\/\/i2.wp.com\/perladesign.lt\/wp-content\/uploads\/2020\/11\/653837f7-0560-4e97-9a0d-ebb396d3d8a2_200x200.png?fit=200%2C200&ssl=1","width":200,"height":200,"caption":"Perla Design"},"image":{"@id":"https:\/\/perladesign.lt\/#\/schema\/logo\/image\/"},"sameAs":["https:\/\/www.facebook.com\/perlakaune"]}]}},"jetpack_sharing_enabled":true,"_links":{"self":[{"href":"https:\/\/perladesign.lt\/index.php\/wp-json\/wp\/v2\/pages\/2","targetHints":{"allow":["GET"]}}],"collection":[{"href":"https:\/\/perladesign.lt\/index.php\/wp-json\/wp\/v2\/pages"}],"about":[{"href":"https:\/\/perladesign.lt\/index.php\/wp-json\/wp\/v2\/types\/page"}],"author":[{"embeddable":true,"href":"https:\/\/perladesign.lt\/index.php\/wp-json\/wp\/v2\/users\/1"}],"replies":[{"embeddable":true,"href":"https:\/\/perladesign.lt\/index.php\/wp-json\/wp\/v2\/comments?post=2"}],"version-history":[{"count":43,"href":"https:\/\/perladesign.lt\/index.php\/wp-json\/wp\/v2\/pages\/2\/revisions"}],"predecessor-version":[{"id":4983,"href":"https:\/\/perladesign.lt\/index.php\/wp-json\/wp\/v2\/pages\/2\/revisions\/4983"}],"wp:attachment":[{"href":"https:\/\/perladesign.lt\/index.php\/wp-json\/wp\/v2\/media?parent=2"}],"curies":[{"name":"wp","href":"https:\/\/api.w.org\/{rel}","templated":true}]}}