{"id":19,"date":"2018-06-18T06:58:10","date_gmt":"2018-06-18T04:58:10","guid":{"rendered":"http:\/\/perladesign.lt\/index.php\/contact\/"},"modified":"2021-01-27T18:22:50","modified_gmt":"2021-01-27T16:22:50","slug":"contact","status":"publish","type":"page","link":"https:\/\/perladesign.lt\/index.php\/contact\/","title":{"rendered":"Susisiekite"},"content":{"rendered":"<h1>Susisiekite su mumis<\/h1>\n<p>Turite klausim\u0173 d\u0117l u\u017esakymo?<\/p>\n<ul>\n<li>Vilniaus g.72, Kaunas, LT-44291, Perla<\/li>\n<li>info@perladesign.lt<\/li>\n<li>+37065609233<\/li>\n<\/ul>\n<div class=\"wpforms-container \" id=\"wpforms-13\"><form id=\"wpforms-form-13\" class=\"wpforms-validate wpforms-form\" data-formid=\"13\" method=\"post\" enctype=\"multipart\/form-data\" action=\"\/index.php\/wp-json\/wp\/v2\/pages\/19\" data-token=\"33d24d44e7124598849a02ad402eb01b\" data-token-time=\"1777132991\"><noscript class=\"wpforms-error-noscript\">Please enable JavaScript in your browser to complete this form.<\/noscript><div class=\"wpforms-field-container\"><div id=\"wpforms-13-field_1-container\" class=\"wpforms-field wpforms-field-email\" data-field-id=\"1\"><label class=\"wpforms-field-label wpforms-label-hide\" for=\"wpforms-13-field_1\">El.pa\u0161tas <span class=\"wpforms-required-label\">*<\/span><\/label><input type=\"email\" id=\"wpforms-13-field_1\" class=\"wpforms-field-large wpforms-field-required\" name=\"wpforms[fields][1]\" placeholder=\"El.pa\u0161tas\" spellcheck=\"false\" required><\/div><div id=\"wpforms-13-field_3-container\" class=\"wpforms-field wpforms-field-text\" data-field-id=\"3\"><label class=\"wpforms-field-label wpforms-label-hide\" for=\"wpforms-13-field_3\">Subject <span class=\"wpforms-required-label\">*<\/span><\/label><input type=\"text\" id=\"wpforms-13-field_3\" class=\"wpforms-field-large wpforms-field-required\" name=\"wpforms[fields][3]\" placeholder=\"Tema\" required><\/div><div id=\"wpforms-13-field_2-container\" class=\"wpforms-field wpforms-field-textarea\" data-field-id=\"2\"><label class=\"wpforms-field-label wpforms-label-hide\" for=\"wpforms-13-field_2\">Tekstas <span class=\"wpforms-required-label\">*<\/span><\/label><textarea id=\"wpforms-13-field_2\" class=\"wpforms-field-medium wpforms-field-required\" name=\"wpforms[fields][2]\" placeholder=\"Tekstas\" required><\/textarea><\/div><\/div><!-- .wpforms-field-container --><div class=\"wpforms-field wpforms-field-hp\"><label for=\"wpforms-13-field-hp\" class=\"wpforms-field-label\">Website<\/label><input type=\"text\" name=\"wpforms[hp]\" id=\"wpforms-13-field-hp\" class=\"wpforms-field-medium\"><\/div><div class=\"wpforms-submit-container\" ><input type=\"hidden\" name=\"wpforms[id]\" value=\"13\"><input type=\"hidden\" name=\"page_title\" value=\"\"><input type=\"hidden\" name=\"page_url\" value=\"https:\/\/perladesign.lt\/index.php\/wp-json\/wp\/v2\/pages\/19\"><input type=\"hidden\" name=\"url_referer\" value=\"\"><button type=\"submit\" name=\"wpforms[submit]\" id=\"wpforms-submit-13\" class=\"wpforms-submit\" data-alt-text=\"Siun\u010diama...\" data-submit-text=\"SI\u0172STI\" aria-live=\"assertive\" value=\"wpforms-submit\">SI\u0172STI<\/button><\/div><\/form><\/div>  <!-- .wpforms-container -->\n","protected":false},"excerpt":{"rendered":"<p>Susisiekite su mumis Turite klausim\u0173 d\u0117l u\u017esakymo? Vilniaus g.72, Kaunas, LT-44291, Perla info@perladesign.lt +37065609233<\/p>\n","protected":false},"author":1,"featured_media":0,"parent":0,"menu_order":0,"comment_status":"closed","ping_status":"closed","template":"","meta":{"footnotes":""},"class_list":["post-19","page","type-page","status-publish","hentry"],"yoast_head":"<!-- This site is optimized with the Yoast SEO plugin v27.4 - https:\/\/yoast.com\/product\/yoast-seo-wordpress\/ -->\n<title>Susisiekite - Perladesign<\/title>\n<meta name=\"description\" content=\"\u0160alik\u0173, prijuos\u010di\u0173, skareli\u0173, rank\u0161luos\u010di\u0173, krep\u0161i\u0173 siuvin\u0117jimas su J\u016bs\u0173 pasirinktu tekstu. Galime i\u0161siuvin\u0117ti J\u016bs\u0173 pasirinkt\u0105 tekst\u0105...\" \/>\n<meta name=\"robots\" content=\"index, follow, max-snippet:-1, max-image-preview:large, max-video-preview:-1\" \/>\n<link rel=\"canonical\" href=\"https:\/\/perladesign.lt\/index.php\/contact\/\" \/>\n<meta property=\"og:locale\" content=\"lt_LT\" \/>\n<meta property=\"og:type\" content=\"article\" \/>\n<meta property=\"og:title\" content=\"Susisiekite - Perladesign\" \/>\n<meta property=\"og:description\" content=\"\u0160alik\u0173, prijuos\u010di\u0173, skareli\u0173, rank\u0161luos\u010di\u0173, krep\u0161i\u0173 siuvin\u0117jimas su J\u016bs\u0173 pasirinktu tekstu. Galime i\u0161siuvin\u0117ti J\u016bs\u0173 pasirinkt\u0105 tekst\u0105...\" \/>\n<meta property=\"og:url\" content=\"https:\/\/perladesign.lt\/index.php\/contact\/\" \/>\n<meta property=\"og:site_name\" content=\"Perladesign\" \/>\n<meta property=\"article:publisher\" content=\"https:\/\/www.facebook.com\/perlakaune\" \/>\n<meta property=\"article:modified_time\" content=\"2021-01-27T16:22:50+00:00\" \/>\n<meta name=\"twitter:card\" content=\"summary_large_image\" \/>\n<meta name=\"twitter:label1\" content=\"Est. reading time\" \/>\n\t<meta name=\"twitter:data1\" content=\"1 minut\u0117\" \/>\n<script type=\"application\/ld+json\" class=\"yoast-schema-graph\">{\"@context\":\"https:\\\/\\\/schema.org\",\"@graph\":[{\"@type\":\"WebPage\",\"@id\":\"https:\\\/\\\/perladesign.lt\\\/index.php\\\/contact\\\/\",\"url\":\"https:\\\/\\\/perladesign.lt\\\/index.php\\\/contact\\\/\",\"name\":\"Susisiekite - Perladesign\",\"isPartOf\":{\"@id\":\"https:\\\/\\\/perladesign.lt\\\/#website\"},\"datePublished\":\"2018-06-18T04:58:10+00:00\",\"dateModified\":\"2021-01-27T16:22:50+00:00\",\"description\":\"\u0160alik\u0173, prijuos\u010di\u0173, skareli\u0173, rank\u0161luos\u010di\u0173, krep\u0161i\u0173 siuvin\u0117jimas su J\u016bs\u0173 pasirinktu tekstu. Galime i\u0161siuvin\u0117ti J\u016bs\u0173 pasirinkt\u0105 tekst\u0105...\",\"breadcrumb\":{\"@id\":\"https:\\\/\\\/perladesign.lt\\\/index.php\\\/contact\\\/#breadcrumb\"},\"inLanguage\":\"lt-LT\",\"potentialAction\":[{\"@type\":\"ReadAction\",\"target\":[\"https:\\\/\\\/perladesign.lt\\\/index.php\\\/contact\\\/\"]}]},{\"@type\":\"BreadcrumbList\",\"@id\":\"https:\\\/\\\/perladesign.lt\\\/index.php\\\/contact\\\/#breadcrumb\",\"itemListElement\":[{\"@type\":\"ListItem\",\"position\":1,\"name\":\"Home\",\"item\":\"https:\\\/\\\/perladesign.lt\\\/\"},{\"@type\":\"ListItem\",\"position\":2,\"name\":\"Susisiekite\"}]},{\"@type\":\"WebSite\",\"@id\":\"https:\\\/\\\/perladesign.lt\\\/#website\",\"url\":\"https:\\\/\\\/perladesign.lt\\\/\",\"name\":\"Perladesign\",\"description\":\"\u0160alik\u0173, prijuos\u010di\u0173, skareli\u0173, rank\u0161luos\u010di\u0173, krep\u0161i\u0173 siuvin\u0117jimas su J\u016bs\u0173 pasirinktu tekstu. Galime i\u0161siuvin\u0117ti J\u016bs\u0173 pasirinkt\u0105 tekst\u0105...\",\"publisher\":{\"@id\":\"https:\\\/\\\/perladesign.lt\\\/#organization\"},\"potentialAction\":[{\"@type\":\"SearchAction\",\"target\":{\"@type\":\"EntryPoint\",\"urlTemplate\":\"https:\\\/\\\/perladesign.lt\\\/?s={search_term_string}\"},\"query-input\":{\"@type\":\"PropertyValueSpecification\",\"valueRequired\":true,\"valueName\":\"search_term_string\"}}],\"inLanguage\":\"lt-LT\"},{\"@type\":\"Organization\",\"@id\":\"https:\\\/\\\/perladesign.lt\\\/#organization\",\"name\":\"Perla Design\",\"url\":\"https:\\\/\\\/perladesign.lt\\\/\",\"logo\":{\"@type\":\"ImageObject\",\"inLanguage\":\"lt-LT\",\"@id\":\"https:\\\/\\\/perladesign.lt\\\/#\\\/schema\\\/logo\\\/image\\\/\",\"url\":\"https:\\\/\\\/i2.wp.com\\\/perladesign.lt\\\/wp-content\\\/uploads\\\/2020\\\/11\\\/653837f7-0560-4e97-9a0d-ebb396d3d8a2_200x200.png?fit=200%2C200&ssl=1\",\"contentUrl\":\"https:\\\/\\\/i2.wp.com\\\/perladesign.lt\\\/wp-content\\\/uploads\\\/2020\\\/11\\\/653837f7-0560-4e97-9a0d-ebb396d3d8a2_200x200.png?fit=200%2C200&ssl=1\",\"width\":200,\"height\":200,\"caption\":\"Perla Design\"},\"image\":{\"@id\":\"https:\\\/\\\/perladesign.lt\\\/#\\\/schema\\\/logo\\\/image\\\/\"},\"sameAs\":[\"https:\\\/\\\/www.facebook.com\\\/perlakaune\"]}]}<\/script>\n<!-- \/ Yoast SEO plugin. -->","yoast_head_json":{"title":"Susisiekite - Perladesign","description":"\u0160alik\u0173, prijuos\u010di\u0173, skareli\u0173, rank\u0161luos\u010di\u0173, krep\u0161i\u0173 siuvin\u0117jimas su J\u016bs\u0173 pasirinktu tekstu. Galime i\u0161siuvin\u0117ti J\u016bs\u0173 pasirinkt\u0105 tekst\u0105...","robots":{"index":"index","follow":"follow","max-snippet":"max-snippet:-1","max-image-preview":"max-image-preview:large","max-video-preview":"max-video-preview:-1"},"canonical":"https:\/\/perladesign.lt\/index.php\/contact\/","og_locale":"lt_LT","og_type":"article","og_title":"Susisiekite - Perladesign","og_description":"\u0160alik\u0173, prijuos\u010di\u0173, skareli\u0173, rank\u0161luos\u010di\u0173, krep\u0161i\u0173 siuvin\u0117jimas su J\u016bs\u0173 pasirinktu tekstu. Galime i\u0161siuvin\u0117ti J\u016bs\u0173 pasirinkt\u0105 tekst\u0105...","og_url":"https:\/\/perladesign.lt\/index.php\/contact\/","og_site_name":"Perladesign","article_publisher":"https:\/\/www.facebook.com\/perlakaune","article_modified_time":"2021-01-27T16:22:50+00:00","twitter_card":"summary_large_image","twitter_misc":{"Est. reading time":"1 minut\u0117"},"schema":{"@context":"https:\/\/schema.org","@graph":[{"@type":"WebPage","@id":"https:\/\/perladesign.lt\/index.php\/contact\/","url":"https:\/\/perladesign.lt\/index.php\/contact\/","name":"Susisiekite - Perladesign","isPartOf":{"@id":"https:\/\/perladesign.lt\/#website"},"datePublished":"2018-06-18T04:58:10+00:00","dateModified":"2021-01-27T16:22:50+00:00","description":"\u0160alik\u0173, prijuos\u010di\u0173, skareli\u0173, rank\u0161luos\u010di\u0173, krep\u0161i\u0173 siuvin\u0117jimas su J\u016bs\u0173 pasirinktu tekstu. Galime i\u0161siuvin\u0117ti J\u016bs\u0173 pasirinkt\u0105 tekst\u0105...","breadcrumb":{"@id":"https:\/\/perladesign.lt\/index.php\/contact\/#breadcrumb"},"inLanguage":"lt-LT","potentialAction":[{"@type":"ReadAction","target":["https:\/\/perladesign.lt\/index.php\/contact\/"]}]},{"@type":"BreadcrumbList","@id":"https:\/\/perladesign.lt\/index.php\/contact\/#breadcrumb","itemListElement":[{"@type":"ListItem","position":1,"name":"Home","item":"https:\/\/perladesign.lt\/"},{"@type":"ListItem","position":2,"name":"Susisiekite"}]},{"@type":"WebSite","@id":"https:\/\/perladesign.lt\/#website","url":"https:\/\/perladesign.lt\/","name":"Perladesign","description":"\u0160alik\u0173, prijuos\u010di\u0173, skareli\u0173, rank\u0161luos\u010di\u0173, krep\u0161i\u0173 siuvin\u0117jimas su J\u016bs\u0173 pasirinktu tekstu. Galime i\u0161siuvin\u0117ti J\u016bs\u0173 pasirinkt\u0105 tekst\u0105...","publisher":{"@id":"https:\/\/perladesign.lt\/#organization"},"potentialAction":[{"@type":"SearchAction","target":{"@type":"EntryPoint","urlTemplate":"https:\/\/perladesign.lt\/?s={search_term_string}"},"query-input":{"@type":"PropertyValueSpecification","valueRequired":true,"valueName":"search_term_string"}}],"inLanguage":"lt-LT"},{"@type":"Organization","@id":"https:\/\/perladesign.lt\/#organization","name":"Perla Design","url":"https:\/\/perladesign.lt\/","logo":{"@type":"ImageObject","inLanguage":"lt-LT","@id":"https:\/\/perladesign.lt\/#\/schema\/logo\/image\/","url":"https:\/\/i2.wp.com\/perladesign.lt\/wp-content\/uploads\/2020\/11\/653837f7-0560-4e97-9a0d-ebb396d3d8a2_200x200.png?fit=200%2C200&ssl=1","contentUrl":"https:\/\/i2.wp.com\/perladesign.lt\/wp-content\/uploads\/2020\/11\/653837f7-0560-4e97-9a0d-ebb396d3d8a2_200x200.png?fit=200%2C200&ssl=1","width":200,"height":200,"caption":"Perla Design"},"image":{"@id":"https:\/\/perladesign.lt\/#\/schema\/logo\/image\/"},"sameAs":["https:\/\/www.facebook.com\/perlakaune"]}]}},"jetpack_sharing_enabled":true,"_links":{"self":[{"href":"https:\/\/perladesign.lt\/index.php\/wp-json\/wp\/v2\/pages\/19","targetHints":{"allow":["GET"]}}],"collection":[{"href":"https:\/\/perladesign.lt\/index.php\/wp-json\/wp\/v2\/pages"}],"about":[{"href":"https:\/\/perladesign.lt\/index.php\/wp-json\/wp\/v2\/types\/page"}],"author":[{"embeddable":true,"href":"https:\/\/perladesign.lt\/index.php\/wp-json\/wp\/v2\/users\/1"}],"replies":[{"embeddable":true,"href":"https:\/\/perladesign.lt\/index.php\/wp-json\/wp\/v2\/comments?post=19"}],"version-history":[{"count":5,"href":"https:\/\/perladesign.lt\/index.php\/wp-json\/wp\/v2\/pages\/19\/revisions"}],"predecessor-version":[{"id":4155,"href":"https:\/\/perladesign.lt\/index.php\/wp-json\/wp\/v2\/pages\/19\/revisions\/4155"}],"wp:attachment":[{"href":"https:\/\/perladesign.lt\/index.php\/wp-json\/wp\/v2\/media?parent=19"}],"curies":[{"name":"wp","href":"https:\/\/api.w.org\/{rel}","templated":true}]}}